{"id":6634,"date":"2025-03-05T14:03:03","date_gmt":"2025-03-05T13:03:03","guid":{"rendered":"https:\/\/equusline.hu\/?post_type=product&#038;p=6634"},"modified":"2025-03-05T14:03:47","modified_gmt":"2025-03-05T13:03:47","slug":"endurance-mix-muzli-alaptakarmany-20-kg","status":"publish","type":"product","link":"https:\/\/equusline.hu\/sk\/termek\/endurance-mix-muzli-alaptakarmany-20-kg\/","title":{"rendered":"Z\u00e1kladn\u00e9 m\u00fcsli krmivo Endurance Mix 20 kg"},"content":{"rendered":"<div>\n<p>Krmivo \u0161peci\u00e1lne vyvinut\u00e9 pre kone s vysokou pracovnou z\u00e1\u0165a\u017eou, ktor\u00e9 obsahuje zdroje energie s pomal\u00fdm uvo\u013e\u0148ovan\u00edm. Obsahuje vyv\u00e1\u017een\u00fd podiel omega mastn\u00fdch kysel\u00edn a k\u013e\u00fa\u010dov\u00fdch antioxidantov pre vynikaj\u00face vyu\u017eitie.<\/p>\n<p>Krmivo bohat\u00e9 na energiu a oleje, ur\u010den\u00e9 pre kone, ktor\u00e9 sa z\u00fa\u010dast\u0148uj\u00fa vytrvalostn\u00fdch s\u00fa\u0165a\u017e\u00ed a ktor\u00e9 potrebuj\u00fa okam\u017eit\u00fa energiu po\u010das dlh\u00fdch obdob\u00ed trvalej n\u00e1mahy. Tento vysoko chutn\u00fd produkt m\u00e1 komplexn\u00e9 zlo\u017eenie, ktor\u00e9 umo\u017e\u0148uje r\u00fdchlu a primeran\u00fa regener\u00e1ciu a prispieva k udr\u017eaniu spr\u00e1vnej hydrat\u00e1cie tr\u00e1viaceho traktu po\u010das dlh\u00e9ho obdobia.<\/p>\n<\/div>\n<div><\/div>\n<div><strong>ZLO\u017dENIE:<\/strong><\/div>\n<div><\/div>\n<div>Str\u00e1vite\u013en\u00e1 energia: 3,114 Kcal\/kg<\/div>\n<div><\/div>\n<div>\u010cierny ovos, p\u0161eni\u010dn\u00e9 otruby, kukuri\u010dn\u00e9 vlo\u010dky, lucerna, jarn\u00e1 vikev, m\u00fa\u010dka z c\u00edcera a anglick\u00e9ho ostrie\u017ea, su\u0161en\u00e9 struky zo sv\u00e4toj\u00e1nskeho chleba, ja\u010dmenn\u00e9 vlo\u010dky, rastlinn\u00fd olej z palmy, ja\u010dme\u0148, l\u00fapan\u00e1 s\u00f3jov\u00e1 m\u00fa\u010dka, hrachov\u00e9 vlo\u010dky, kukuri\u010dn\u00fd lepok, uhli\u010ditan v\u00e1penat\u00fd, ovsen\u00e9 otruby, melasa z cukrovej trstiny, chlorid sodn\u00fd, fosfore\u010dnan v\u00e1penat\u00fd.<\/div>\n<div>\n<p><strong>ANALYTICK\u00c9 ZLO\u017dKY<\/strong><\/p>\n<p>Hrub\u00fd prote\u00edn 11,8%<br \/>\nHrub\u00e1 vl\u00e1knina 10,5%<br \/>\nV\u00e1pnik 0,93%<br \/>\nSod\u00edk 0,19%<br \/>\nHrub\u00fd tuk 8,4%<br \/>\nNyershamu 6,9%<br \/>\nFosfor 0,45%<\/p>\n<p>Cukor: 5,82%<br \/>\n\u0160krob: 27,94%<\/p>\n<p><strong>PRIDAN\u00c9 L\u00c1TKY<\/strong><\/p>\n<p><strong><u>Vitam\u00edny, provitam\u00edny<\/u><\/strong><\/p>\n<p>Vitam\u00edn A 12 000 IU\/kg.<br \/>\nVitam\u00edn K3 2,40 mg\/kg.<br \/>\nVitam\u00edn D3 1 200 IU\/kg.<br \/>\nBiot\u00edn 0,38 mg\/kg.<br \/>\nVitam\u00edn E 163,5 mg\/kg.<br \/>\nKyselina listov\u00e1 1,34 mg\/kg.<br \/>\nVitam\u00edn B1 6,00 mg\/kg.<br \/>\nChol\u00ednchlorid 240 mg\/kg.<br \/>\nVitam\u00edn B2 3,60 mg\/kg.<br \/>\nNiac\u00edn 9,60 mg\/kg.<br \/>\nVitam\u00edn B12 18,00 \u00b5g\/kg.<br \/>\nD-pantoten\u00e1t v\u00e1penat\u00fd 6,0 mg\/kg.<\/p>\n<p><strong><u>Makro a mikroelementy<\/u><\/strong><\/p>\n<p>Vas.  Uhli\u010ditan \u017eelezit\u00fd 72,0 mg\/kg<\/p>\n<p>J\u00f3d.  Jodid draseln\u00fd 0,60 mg\/kg<\/p>\n<p>Kobalt.  Granule uhli\u010ditanu kobaltnat\u00e9ho (II) s povlakom 0,24 mg\/kg<\/p>\n<p>Me\u010f.  S\u00edran me\u010fnat\u00fd pentahydr\u00e1t 12,0 mg\/kg<\/p>\n<p>Mang\u00e1n.  Oxid manganat\u00fd 48,00 mg\/kg<\/p>\n<p>Zinok.  Oxid zino\u010dnat\u00fd 60,00 mg\/kg<\/p>\n<p>Zinok.  Chel\u00e1t zinku hydroxylovan\u00e9ho anal\u00f3gu metion\u00ednu 24,00 mg\/kg<\/p>\n<p>Sel\u00e9n.  Seleni\u010ditan sodn\u00fd 0,12 mg\/kg<\/p>\n<p>Sel\u00e9n.  Organick\u00e1 forma sel\u00e9nu (sel\u00e9novan\u00e9 inaktivovan\u00e9 kvasinky) produkovan\u00e1 S. Cerevisiae NCYC R397 0,12 mg\/kg<\/p>\n<\/div>\n<p><strong>ODPOR\u00da\u010cAN\u00c9 D\u00c1VKOVANIE:<\/strong><\/p>\n<p><em>ZA\u0164A\u017dENIE (KG KRMIVA \/ 100 KG TELESNEJ HMOTNOSTI \/ DE\u0147)<\/em><\/p>\n<p>\u013dAHK\u00c1 PR\u00c1CA. 0,2 - 0,5<\/p>\n<p>STREDN\u00c1 PR\u00c1CA. 0,4 - 0,75<\/p>\n<p>TVRD\u00c1 PR\u00c1CA. 0,75 - 1,1<\/p>\n<p>INTENZ\u00cdVNA PR\u00c1CA. 1.1 - 1.3<\/p>\n<p><em>M\u00f4\u017ee sa l\u00ed\u0161i\u0165 v z\u00e1vislosti od mno\u017estva a typu in\u00e9ho krmiva.<\/em><\/p>\n<p><strong>VYNIKAJ\u00daCA STR\u00c1VITE\u013dNOS\u0164, PODPORA SRDCA, SVALOV A K\u0139BOV, ZV\u00dd\u0160ENIE ENERGIE. L\u00cdDER NA TRHU VO VYTRVALOSTNEJ V\u00dd\u017dIVE.\u00a0<\/strong><\/p>\n<p><strong>Balenie<\/strong>: 20 kg vrece<\/p>","protected":false},"excerpt":{"rendered":"<p>Krmivo \u0161peci\u00e1lne vyvinut\u00e9 pre kone s vysokou pracovnou z\u00e1\u0165a\u017eou, ktor\u00e9 obsahuje zdroje energie s pomal\u00fdm uvo\u013e\u0148ovan\u00edm. Obsahuje vyv\u00e1\u017een\u00fd podiel omega mastn\u00fdch kysel\u00edn a k\u013e\u00fa\u010dov\u00fdch antioxidantov pre vynikaj\u00face vyu\u017eitie.<\/p>","protected":false},"featured_media":6635,"comment_status":"open","ping_status":"closed","template":"","meta":{"_et_pb_use_builder":"","_et_pb_old_content":"","_et_gb_content_width":""},"product_brand":[],"product_cat":[69],"product_tag":[144,140,145,19,64,18,100,141,142,143],"yst_prominent_words":[],"class_list":{"0":"post-6634","1":"product","2":"type-product","3":"status-publish","4":"has-post-thumbnail","6":"product_cat-egyeb","7":"product_tag-decathlon","8":"product_tag-endurance","9":"product_tag-equimins","10":"product_tag-equusline","11":"product_tag-lotakarmany","12":"product_tag-lotap","13":"product_tag-lovitamin","14":"product_tag-military","15":"product_tag-tavhajtas","16":"product_tag-tavlovaglas","18":"first","19":"instock","20":"shipping-taxable","21":"purchasable","22":"product-type-simple"},"_links":{"self":[{"href":"https:\/\/equusline.hu\/sk\/wp-json\/wp\/v2\/product\/6634","targetHints":{"allow":["GET"]}}],"collection":[{"href":"https:\/\/equusline.hu\/sk\/wp-json\/wp\/v2\/product"}],"about":[{"href":"https:\/\/equusline.hu\/sk\/wp-json\/wp\/v2\/types\/product"}],"replies":[{"embeddable":true,"href":"https:\/\/equusline.hu\/sk\/wp-json\/wp\/v2\/comments?post=6634"}],"wp:featuredmedia":[{"embeddable":true,"href":"https:\/\/equusline.hu\/sk\/wp-json\/wp\/v2\/media\/6635"}],"wp:attachment":[{"href":"https:\/\/equusline.hu\/sk\/wp-json\/wp\/v2\/media?parent=6634"}],"wp:term":[{"taxonomy":"product_brand","embeddable":true,"href":"https:\/\/equusline.hu\/sk\/wp-json\/wp\/v2\/product_brand?post=6634"},{"taxonomy":"product_cat","embeddable":true,"href":"https:\/\/equusline.hu\/sk\/wp-json\/wp\/v2\/product_cat?post=6634"},{"taxonomy":"product_tag","embeddable":true,"href":"https:\/\/equusline.hu\/sk\/wp-json\/wp\/v2\/product_tag?post=6634"},{"taxonomy":"yst_prominent_words","embeddable":true,"href":"https:\/\/equusline.hu\/sk\/wp-json\/wp\/v2\/yst_prominent_words?post=6634"}],"curies":[{"name":"wp","href":"https:\/\/api.w.org\/{rel}","templated":true}]}}