{"id":6608,"date":"2024-10-07T14:34:29","date_gmt":"2024-10-07T13:34:29","guid":{"rendered":"https:\/\/equusline.hu\/termek\/growth-reinforced-az-optimalis-novekedesert\/"},"modified":"2025-06-01T00:11:06","modified_gmt":"2025-05-31T23:11:06","slug":"growth-reinforced-az-optimalis-novekedesert","status":"publish","type":"product","link":"https:\/\/equusline.hu\/sk\/termek\/growth-reinforced-az-optimalis-novekedesert\/","title":{"rendered":"Rast Posilnen\u00e9 pre optim\u00e1lny rast"},"content":{"rendered":"<p>Equusline Growth Reinforced dod\u00e1va gravidn\u00fdm kobyl\u00e1m a \u017erebcom potrebn\u00e9 vitam\u00edny, aminokyseliny, antioxidanty, miner\u00e1ly, stopov\u00e9 prvky a probiotik\u00e1.<\/p>\n<p><strong>Zlo\u017eenie<\/strong>: uhli\u010ditan v\u00e1penat\u00fd, fosfore\u010dnan v\u00e1penat\u00fd, m\u00faka zo sv\u00e4toj\u00e1nskeho chleba, pivovarsk\u00e9 kvasnice, metylsulfonylmet\u00e1n (MSM), dextr\u00f3za, chlorid sodn\u00fd, hydrogenuhli\u010ditan sodn\u00fd<\/p>\n<p><strong>Analytick\u00e9 zlo\u017eenie<\/strong>: sod\u00edk 0,01%, v\u00e1pnik 15,5%, fosfor 5%.<br \/>\n<strong>Pr\u00edsady (na 1 kg):\u00a0<\/strong><em>Vitam\u00edny<\/em><strong>: <\/strong>Vitam\u00edn A (3a672a) 1 100 000 IU, vitam\u00edn D3 (3a671) 200 000 IU, vitam\u00edn E (3a700) 2.000 mg, menadion-bisulfit sodn\u00fd (3a710) 25 mg, vitam\u00edn B1, vitam\u00edn B2 (3a671,0 mg) 3a825i) 200 mg, vitam\u00edn B6 (pyridox\u00edn hydrochlorid) (3a831) 10 mg, vitam\u00edn B12 (3a835) kyanokobalam\u00edn 4 mg, niac\u00ednamid (3a315)1. 500 mg, pantoten\u00e1t v\u00e1penat\u00fd D (3a841) 500 mg, kyselina listov\u00e1 (3a316) 51 mg, biot\u00edn (3a880) 17 mg, chol\u00ednchlorid (3a890) 50 mg, vitam\u00edn C (3a300) 750 mg.<br \/>\n<em>Stopov\u00e9 prvky<\/em>: zinok ako chel\u00e1t zinku z hydr\u00e1tu glyc\u00ednu (tuh\u00fd) (3b607) 6 900 mg, mang\u00e1n ako chel\u00e1t mang\u00e1nu z hydr\u00e1tu glyc\u00ednu (3b506) 50 mg, me\u010f ako chel\u00e1t medi (II) z hydr\u00e1tu glyc\u00ednu (tuh\u00fd)0 (3b418)0. mg, \u017eelezo ako chel\u00e1t \u017eeleza (II) hydr\u00e1tu glyc\u00ednu (3b108) 4 000 mg, j\u00f3d ako jodi\u010dnan v\u00e1penat\u00fd bezvod\u00fd (3b202) 125 mg<br \/>\n<em>Antioxidanty<\/em>: Butylovan\u00fd hydroxytolu\u00e9n (BHT) (E 321) 25 mg. <em>Podpora tr\u00e1venia<\/em>: Saccharomyces cerevisiae CNCM I-4407 (4b1702) 3\u00d710 CFU. Bez pridanej ar\u00f3my.<\/p>\n<div class=\"DefaultText\"><strong>Odpor\u00fa\u010dan\u00e9 d\u00e1vkovanie:<\/strong><\/div>\n<div class=\"DefaultText\">Pre gravidn\u00e9 kobyly: 2 odmerky (60 g)\/de\u0148 vmie\u0161an\u00e9 do krmiva.<\/div>\n<div class=\"DefaultText\">Pre \u017erieb\u00e4tk\u00e1 a pon\u00edky 1 odmerka (30 g)\/de\u0148 primie\u0161an\u00e1 do krmiva.<\/div>\n<div><\/div>\n<div><em><strong>FIGYELEM<\/strong>: s\u00fa\u010dasn\u00e9 pod\u00e1vanie vitam\u00ednu D2 nie je povolen\u00e9!<\/em><\/div>\n<div class=\"DefaultText\"><\/div>\n<div><strong>Obsahuje len materi\u00e1ly schv\u00e1len\u00e9 Jockey Clubom a FEI.<\/strong><\/div>\n<div><strong><br \/>\nUkladanie<\/strong>: na suchom, chladnom mieste pri teplote 10-20 \u00b0C, chr\u00e1nen\u00e9 pred svetlom a vlhkos\u0165ou. Po pou\u017eit\u00ed uzavrie\u0165.<\/div>\n<div><strong>\u00a0<\/strong><\/div>\n<div><strong>V\u00fddaj:<\/strong> V 3 kg vedr\u00e1ch, v d\u00e1vke 30 g\/de\u0148 pre 100 denn\u00fdch d\u00e1vok.<\/div>","protected":false},"excerpt":{"rendered":"<p>Komplexn\u00fd vitam\u00edn na podporu zdravia gravidn\u00fdch kob\u00fdl a spr\u00e1vneho v\u00fdvoja a rastu \u017erieb\u00e4t, ktor\u00fd poskytuje optim\u00e1lne hladiny vitam\u00ednov, miner\u00e1lov a stopov\u00fdch prvkov pre kobyly po\u010das gravidity a pre \u017erieb\u00e4t\u00e1 po\u010das f\u00e1zy intenz\u00edvneho rastu.<\/p>","protected":false},"featured_media":6587,"comment_status":"closed","ping_status":"closed","template":"","meta":{"_et_pb_use_builder":"","_et_pb_old_content":"","_et_gb_content_width":""},"product_brand":[],"product_cat":[131,121,132,108],"product_tag":[80,102,19,97,133,134],"yst_prominent_words":[],"class_list":{"0":"post-6608","1":"product","2":"type-product","3":"status-publish","4":"has-post-thumbnail","6":"product_cat-csikok-szamara","7":"product_cat-taplalekkiegeszitok-vitaminok","8":"product_cat-tenyeszmenek-es-kancak-szamara","9":"product_cat-ujdonsagok","10":"product_tag-csiko","11":"product_tag-csikok","12":"product_tag-equusline","13":"product_tag-immunrendszer","14":"product_tag-kanca","15":"product_tag-vitamin","17":"first","18":"instock","19":"shipping-taxable","20":"purchasable","21":"product-type-simple"},"_links":{"self":[{"href":"https:\/\/equusline.hu\/sk\/wp-json\/wp\/v2\/product\/6608","targetHints":{"allow":["GET"]}}],"collection":[{"href":"https:\/\/equusline.hu\/sk\/wp-json\/wp\/v2\/product"}],"about":[{"href":"https:\/\/equusline.hu\/sk\/wp-json\/wp\/v2\/types\/product"}],"replies":[{"embeddable":true,"href":"https:\/\/equusline.hu\/sk\/wp-json\/wp\/v2\/comments?post=6608"}],"wp:featuredmedia":[{"embeddable":true,"href":"https:\/\/equusline.hu\/sk\/wp-json\/wp\/v2\/media\/6587"}],"wp:attachment":[{"href":"https:\/\/equusline.hu\/sk\/wp-json\/wp\/v2\/media?parent=6608"}],"wp:term":[{"taxonomy":"product_brand","embeddable":true,"href":"https:\/\/equusline.hu\/sk\/wp-json\/wp\/v2\/product_brand?post=6608"},{"taxonomy":"product_cat","embeddable":true,"href":"https:\/\/equusline.hu\/sk\/wp-json\/wp\/v2\/product_cat?post=6608"},{"taxonomy":"product_tag","embeddable":true,"href":"https:\/\/equusline.hu\/sk\/wp-json\/wp\/v2\/product_tag?post=6608"},{"taxonomy":"yst_prominent_words","embeddable":true,"href":"https:\/\/equusline.hu\/sk\/wp-json\/wp\/v2\/yst_prominent_words?post=6608"}],"curies":[{"name":"wp","href":"https:\/\/api.w.org\/{rel}","templated":true}]}}