{"id":6602,"date":"2024-10-03T13:31:42","date_gmt":"2024-10-03T12:31:42","guid":{"rendered":"https:\/\/equusline.hu\/termek\/premium-biotin-a-patak-egeszsegeert\/"},"modified":"2025-06-01T00:11:10","modified_gmt":"2025-05-31T23:11:10","slug":"premium-biotin-a-patak-egeszsegeert","status":"publish","type":"product","link":"https:\/\/equusline.hu\/sk\/termek\/premium-biotin-a-patak-egeszsegeert\/","title":{"rendered":"Pr\u00e9miov\u00fd biot\u00edn pre zdravie kop\u00fdt"},"content":{"rendered":"<p>Equusline Premium Biotin poskytuje maxim\u00e1lnu podporu pre zdravie kop\u00fdt, srsti, hrivy a chvosta.<\/p>\n<p><strong>Zlo\u017eenie<\/strong>: pivovarsk\u00e9 kvasnice (inaktivovan\u00e9), guma zo sv\u00e4toj\u00e1nskeho chleba, metylsulfonylmet\u00e1n ( MSM, 14,7%), dextr\u00f3za.<\/p>\n<p><strong>Analytick\u00e9 zlo\u017eenie<\/strong>: hrub\u00fd prote\u00edn 20,6%, hrub\u00fd tuk 0,7%, hrub\u00e1 vl\u00e1knina 2,2%, hrub\u00fd popol 8,8%, sod\u00edk 0,3%, metion\u00edn 4,5%, lyz\u00edn 2,1%<br \/>\n<strong>Pr\u00eddavn\u00e9 l\u00e1tky<\/strong> (na 1 kg): biot\u00edn (3a880) 800 mg. <em>Stopov\u00e9 prvky<\/em>: zinok ako glyc\u00ednhydr\u00e1t chel\u00e1tu zino\u010dnat\u00e9ho (tuh\u00fd) (3b607) 20 000 mg, mang\u00e1n ako glyc\u00ednhydr\u00e1t chel\u00e1tu mang\u00e1nu (3b506) 3 800 mg, me\u010f ako glyc\u00ednhydr\u00e1t chel\u00e1tu medi (II) (3b413) 1 800 mg, \u017eelezo ako glyc\u00ednhydr\u00e1t chel\u00e1tu \u017eeleza (II) (3b108) 2 000 mg. <em>Podpora tr\u00e1venia<\/em>: Saccharomyces cerevisiae CNCM I-4407 (4b1702) 10 CFU.<\/p>\n<div class=\"DefaultText\"><strong>Odpor\u00fa\u010dan\u00e9 d\u00e1vkovanie:<\/strong><\/div>\n<div class=\"DefaultText\">Pre pracovn\u00e9 kone: 1 odmerka (30 g)\/de\u0148 primie\u0161an\u00e1 do krmiva.<\/div>\n<div class=\"DefaultText\">Pre kone, \u017erieb\u00e4tk\u00e1 a pon\u00edky vyraden\u00e9 z pr\u00e1ce \u00bd odmerky (15 g)\/de\u0148 primie\u0161anej do krmiva.<\/div>\n<div class=\"DefaultText\"><\/div>\n<div><strong>Obsahuje len materi\u00e1ly schv\u00e1len\u00e9 Jockey Clubom a FEI.<\/strong><\/div>\n<div><strong><br \/>\nUkladanie<\/strong>: na suchom, chladnom mieste pri teplote 10-20 \u00b0C, chr\u00e1nen\u00e9 pred svetlom a vlhkos\u0165ou. Po pou\u017eit\u00ed uzavrie\u0165.<\/div>\n<div><strong>\u00a0<\/strong><\/div>\n<div><strong>V\u00fddaj:<\/strong> V 3 kg vedr\u00e1ch, v d\u00e1vke 30 g\/de\u0148 pre 100 denn\u00fdch d\u00e1vok.<\/div>","protected":false},"excerpt":{"rendered":"<p>Obsahuje biot\u00edn, chel\u00e1tov\u00e9 miner\u00e1ly a MSM na zlep\u0161enie kvality a r\u00fdchlosti rastu kop\u00fdt. Podporuje spr\u00e1vnu regener\u00e1ciu a rast kop\u00fdt. Obsahuje aj probiotik\u00e1 na podporu tr\u00e1viaceho syst\u00e9mu.<\/p>","protected":false},"featured_media":6579,"comment_status":"closed","ping_status":"closed","template":"","meta":{"_et_pb_use_builder":"","_et_pb_old_content":"","_et_gb_content_width":""},"product_brand":[],"product_cat":[126,108],"product_tag":[19],"yst_prominent_words":[],"class_list":{"0":"post-6602","1":"product","2":"type-product","3":"status-publish","4":"has-post-thumbnail","6":"product_cat-pata-allapot-javitas","7":"product_cat-ujdonsagok","8":"product_tag-equusline","10":"first","11":"instock","12":"shipping-taxable","13":"purchasable","14":"product-type-simple"},"_links":{"self":[{"href":"https:\/\/equusline.hu\/sk\/wp-json\/wp\/v2\/product\/6602","targetHints":{"allow":["GET"]}}],"collection":[{"href":"https:\/\/equusline.hu\/sk\/wp-json\/wp\/v2\/product"}],"about":[{"href":"https:\/\/equusline.hu\/sk\/wp-json\/wp\/v2\/types\/product"}],"replies":[{"embeddable":true,"href":"https:\/\/equusline.hu\/sk\/wp-json\/wp\/v2\/comments?post=6602"}],"wp:featuredmedia":[{"embeddable":true,"href":"https:\/\/equusline.hu\/sk\/wp-json\/wp\/v2\/media\/6579"}],"wp:attachment":[{"href":"https:\/\/equusline.hu\/sk\/wp-json\/wp\/v2\/media?parent=6602"}],"wp:term":[{"taxonomy":"product_brand","embeddable":true,"href":"https:\/\/equusline.hu\/sk\/wp-json\/wp\/v2\/product_brand?post=6602"},{"taxonomy":"product_cat","embeddable":true,"href":"https:\/\/equusline.hu\/sk\/wp-json\/wp\/v2\/product_cat?post=6602"},{"taxonomy":"product_tag","embeddable":true,"href":"https:\/\/equusline.hu\/sk\/wp-json\/wp\/v2\/product_tag?post=6602"},{"taxonomy":"yst_prominent_words","embeddable":true,"href":"https:\/\/equusline.hu\/sk\/wp-json\/wp\/v2\/yst_prominent_words?post=6602"}],"curies":[{"name":"wp","href":"https:\/\/api.w.org\/{rel}","templated":true}]}}