{"id":6568,"date":"2024-09-18T15:19:58","date_gmt":"2024-09-18T14:19:58","guid":{"rendered":"https:\/\/equusline.hu\/termek\/apritott-lucerna-25-kg\/"},"modified":"2024-10-16T07:34:46","modified_gmt":"2024-10-16T06:34:46","slug":"apritott-lucerna-25-kg","status":"publish","type":"product","link":"https:\/\/equusline.hu\/sk\/termek\/apritott-lucerna-25-kg\/","title":{"rendered":"Drven\u00e1 lucerna 20 kg"},"content":{"rendered":"<p><strong>D\u00f4razne odpor\u00fa\u010dame:<\/strong><br \/>\nPre r\u00fdchlo rast\u00face a nedostato\u010dne k\u0155men\u00e9 kone, kone s citlivos\u0165ou na sacharidy (Cushingova choroba\/PPID, laminit\u00edda, inzul\u00ednov\u00e1 rezistencia), kone so \u017eal\u00fado\u010dn\u00fdmi vredmi, gravidn\u00e9 a doj\u010diace kobyly, star\u0161ie kone so zubn\u00fdmi probl\u00e9mami.<\/p>\n<p>Nasekan\u00e1 lucerna je krmivo s vysok\u00fdm obsahom vl\u00e1kniny a vysokokvalitn\u00fdm zdrojom pr\u00edrodn\u00fdch bielkov\u00edn. Bielkoviny s\u00fa z\u00e1kladnou \u017eivinou, ktor\u00e1 je nevyhnutn\u00e1 na budovanie svalov a obnovu tkan\u00edv. K\u0155menie sekanou lucernou poskytuje najkvalitnej\u0161iu vl\u00e1kninu na podporu tr\u00e1viaceho syst\u00e9mu v\u00e1\u0161ho ko\u0148a.<\/p>\n<p>Ide\u00e1lne krmivo <strong>pre star\u0161ie kone<\/strong>. Jeho jemn\u00e1 \u0161trukt\u00fara je \u0161etrn\u00e1 k starn\u00facim zubom a \u010fasn\u00e1m, zatia\u013e \u010do obsah vl\u00e1kniny podporuje zdravie \u010driev a \u00fa\u010dinn\u00e9 vstreb\u00e1vanie \u017eiv\u00edn. Obohaten\u00e9 o esenci\u00e1lne mastn\u00e9 kyseliny, napr. <strong><a href=\"https:\/\/lovitamin.hu\/termek\/glow-and-shine-omega-oil-glow-and-shine-omega-olajok\/\" target=\"_blank\" rel=\"noopener\">Roz\u017eiarenie a lesk omega olejov<\/a><\/strong> alebo <strong><a href=\"https:\/\/lovitamin.hu\/termek\/veteran-supplement-veteran-kiegeszito\/\" target=\"_blank\" rel=\"noopener\">Veter\u00e1nsky vitam\u00edn<\/a><\/strong> pom\u00e1ha udr\u017eiava\u0165 celkov\u00e9 zdravie a leskl\u00fa srs\u0165. Spo\u013eahliv\u00e1 vo\u013eba na zlep\u0161enie kvality \u017eivota star\u0161\u00edch kon\u00ed.<\/p>\n<p>Lucerna m\u00e1 tie\u017e prirodzene n\u00edzky obsah cukru a \u0161krobu a nez\u00e1visl\u00e9 v\u00fdskumy ukazuj\u00fa, \u017ee t\u00e1to \u00fa\u017easn\u00e1 rastlina p\u00f4sob\u00ed ako pr\u00edrodn\u00fd tlmiaci prostriedok na podporu tr\u00e1viaceho syst\u00e9mu. V\u00fdskum tie\u017e uk\u00e1zal, \u017ee k\u0155menie lucerny m\u00f4\u017ee zlep\u0161i\u0165 kvalitu kopytnej rohoviny v\u010faka bohat\u00e9mu obsahu v\u00e1pnika v tejto rastline.<\/p>\n<p>K\u0155menie lucernou sa odpor\u00fa\u010da aj pre kone trpiace syndr\u00f3mom \u017eal\u00fado\u010dn\u00fdch vredov.<\/p>\n<p>Bez melasy, konzerva\u010dn\u00fdch l\u00e1tok a slamy. Neobsahuje \u017eiadny pridan\u00fd cukor a jeho prirodzen\u00fd obsah je len 4,5%. <em>V\u00fdhody oproti lucernov\u00fdm granul\u00e1m<\/em>\u017ee sa nemus\u00ed nam\u00e1\u010da\u0165, ale tesne pred k\u0155men\u00edm sa m\u00f4\u017ee prida\u0165 voda na podporu hydrat\u00e1cie. Nasekan\u00fa lucernu mo\u017eno tie\u017e zmie\u0161a\u0165 s obiln\u00fdm krmivom, aby sa ko\u0148ovi pomohlo d\u00f4kladnej\u0161ie pre\u017e\u00fava\u0165 krmivo a pomal\u0161ie ho konzumova\u0165.<\/p>\n<p>V\u017edy poskytnite svojmu ko\u0148ovi l\u00edzatko a \u010derstv\u00fa, \u010dist\u00fa vodu.<\/p>\n<p>V\u00fdrobok skladujte na chladnom a suchom mieste.<\/p>\n<p>Ve\u013ekos\u0165 balenia: 20 kg<\/p>","protected":false},"excerpt":{"rendered":"<p>Rovnomerne nasekan\u00e9, vysoko teplotne su\u0161en\u00e9, kvalitn\u00e9 lucernov\u00e9 seno, ktor\u00e9 sa \u013eahko \u017euje a tr\u00e1vi.<\/p>\n<p>Odpor\u00fa\u010da sa aj pre kone so zubn\u00fdmi probl\u00e9mami. Ide\u00e1lne pre kone vystaven\u00e9 ve\u013ekej z\u00e1\u0165a\u017ei, chovn\u00e9 kobyly, \u017erieb\u00e4t\u00e1 a kone n\u00e1chyln\u00e9 na \u017eal\u00fado\u010dn\u00e9 vredy.<\/p>\n<p>Drven\u00e1 lucerna poskytuje kvalitn\u00e9 str\u00e1vite\u013en\u00e9 bielkoviny pre pomaly sa uvo\u013e\u0148uj\u00facu energiu a rast svalov, v\u00e1pnik pre siln\u00e9 a zdrav\u00e9 kosti a je prirodzen\u00fdm zdrojom biot\u00ednu pre zdrav\u00e9 kopyt\u00e1.<\/p>\n<p>V\u00fdskum tie\u017e poukazuje na jeho lie\u010div\u00e9 vlastnosti u kon\u00ed n\u00e1chyln\u00fdch na \u017eal\u00fado\u010dn\u00e9 vredy. Je tie\u017e vynikaj\u00facou vo\u013ebou pre kone s d\u00fdchac\u00edmi probl\u00e9mami a probl\u00e9mami s hrdlom.<\/p>\n<p>&nbsp;<\/p>","protected":false},"featured_media":6569,"comment_status":"closed","ping_status":"open","template":"","meta":{"_et_pb_use_builder":"","_et_pb_old_content":"","_et_gb_content_width":""},"product_brand":[],"product_cat":[115,105,106,107,108],"product_tag":[116,19,41,30,117,49,112,118,119,120],"yst_prominent_words":[],"class_list":{"0":"post-6568","1":"product","2":"type-product","3":"status-publish","4":"has-post-thumbnail","6":"product_cat-cushing-kor-ppid","7":"product_cat-emesztorendszer-tamogatasa","8":"product_cat-idosebb-lovak-szamara","9":"product_cat-szena-es-lucerna-pellet-egyeb-pelletek","10":"product_cat-ujdonsagok","11":"product_tag-cushing","12":"product_tag-equusline","13":"product_tag-fogproblema","14":"product_tag-gyomorfekely","15":"product_tag-inzulin-rezisztencia","16":"product_tag-kehesseg","17":"product_tag-laminitis","18":"product_tag-leguti-problema-asztma","19":"product_tag-ppid","20":"product_tag-vemhes-es-szoptatos-kancak","22":"first","23":"instock","24":"sale","25":"shipping-taxable","26":"purchasable","27":"product-type-simple"},"_links":{"self":[{"href":"https:\/\/equusline.hu\/sk\/wp-json\/wp\/v2\/product\/6568","targetHints":{"allow":["GET"]}}],"collection":[{"href":"https:\/\/equusline.hu\/sk\/wp-json\/wp\/v2\/product"}],"about":[{"href":"https:\/\/equusline.hu\/sk\/wp-json\/wp\/v2\/types\/product"}],"replies":[{"embeddable":true,"href":"https:\/\/equusline.hu\/sk\/wp-json\/wp\/v2\/comments?post=6568"}],"wp:featuredmedia":[{"embeddable":true,"href":"https:\/\/equusline.hu\/sk\/wp-json\/wp\/v2\/media\/6569"}],"wp:attachment":[{"href":"https:\/\/equusline.hu\/sk\/wp-json\/wp\/v2\/media?parent=6568"}],"wp:term":[{"taxonomy":"product_brand","embeddable":true,"href":"https:\/\/equusline.hu\/sk\/wp-json\/wp\/v2\/product_brand?post=6568"},{"taxonomy":"product_cat","embeddable":true,"href":"https:\/\/equusline.hu\/sk\/wp-json\/wp\/v2\/product_cat?post=6568"},{"taxonomy":"product_tag","embeddable":true,"href":"https:\/\/equusline.hu\/sk\/wp-json\/wp\/v2\/product_tag?post=6568"},{"taxonomy":"yst_prominent_words","embeddable":true,"href":"https:\/\/equusline.hu\/sk\/wp-json\/wp\/v2\/yst_prominent_words?post=6568"}],"curies":[{"name":"wp","href":"https:\/\/api.w.org\/{rel}","templated":true}]}}