{"id":6566,"date":"2024-09-26T11:58:15","date_gmt":"2024-09-26T10:58:15","guid":{"rendered":"https:\/\/equusline.hu\/termek\/apritott-szena-20-kg\/"},"modified":"2026-05-07T06:32:45","modified_gmt":"2026-05-07T05:32:45","slug":"apritott-szena-20-kg","status":"publish","type":"product","link":"https:\/\/equusline.hu\/sk\/termek\/apritott-szena-20-kg\/","title":{"rendered":"Drven\u00e9 seno 20 kg"},"content":{"rendered":"<p>Z\u00e1kladom k\u0155menia zvierat \u010de\u013eade ko\u0148ovit\u00fdch je vl\u00e1kninov\u00e9 krmivo.<\/p>\n<p>Nasekan\u00e9 seno sa m\u00f4\u017ee pod\u00e1va\u0165 ako n\u00e1hrada sena v mno\u017estve, ktor\u00e9 zodpoved\u00e1 potreb\u00e1m v\u00e1\u0161ho ko\u0148a. Ak ho pou\u017e\u00edvate ako kompletn\u00fd doplnok sena, v\u00e1\u0161 k\u00f4\u0148 ho potrebuje 2-2,5% na de\u0148 v su\u0161ine.<\/p>\n<p>Hrs\u0165 tohto krmiva pre kone vyroben\u00e9ho z drvenej tr\u00e1vy mo\u017eno zmie\u0161a\u0165 s vitam\u00ednov\u00fdmi a miner\u00e1lnymi doplnkami.<\/p>\n<ul>\n<li>jedno z najlep\u0161\u00edch z\u00e1kladn\u00fdch krm\u00edv pre kone trpiace laminit\u00eddou<\/li>\n<li>je u\u017eito\u010dn\u00fd aj v pr\u00edpade, \u017ee v\u00e1\u0161 k\u00f4\u0148 m\u00e1 probl\u00e9my s pre\u017e\u00favan\u00edm dlh\u00e9ho sena alebo je chud\u00fd.<\/li>\n<li>pri probl\u00e9moch s d\u00fdchac\u00edmi cestami<\/li>\n<li>ak v\u00e1\u0161 k\u00f4\u0148 m\u00e1 penu pri \u00fastach<\/li>\n<li>\u013eahko \u017euvate\u013en\u00e9 a prirodzen\u00e9 - ve\u013emi chutn\u00e9, dokonca aj pre vyberav\u00e9 kone<\/li>\n<li>100% v pr\u00edrodnej forme - bez umel\u00fdch ar\u00f3m, konzerva\u010dn\u00fdch l\u00e1tok, lucerny, melasy, po\u0165ahovac\u00edch l\u00e1tok a slamy<\/li>\n<li>mo\u017eno pod\u00e1va\u0165 pod\u013ea individu\u00e1lnych po\u017eiadaviek - ako doplnok krmiva alebo ako pr\u00eddavok<\/li>\n<li>bez plesn\u00ed<\/li>\n<li>br\u00e1na<\/li>\n<li>nakr\u00e1jan\u00e9 na 10 cm k\u00fasky<\/li>\n<li>obsah vlhkosti 6-8%<\/li>\n<li>\u00a0o\u010disten\u00e9 od ne\u010dist\u00f4t<\/li>\n<\/ul>\n<p>Nasekan\u00e9 seno sa m\u00f4\u017ee pod\u00e1va\u0165 vo vedre, v k\u0155midle alebo dokonca v sieti na seno, ale <strong>NEKRMTE zo zeme<\/strong>. Neprodukuje takmer \u017eiadny odpad, je chutn\u00e9 a \u013eahko sa pre\u017e\u00fava a je dostupn\u00e9 v \u010dase sucha a nedostatku sena.<\/p>\n<p>Spr\u00e1vne \u017eutie je prv\u00fdm krokom v procese tr\u00e1venia, \u010d\u00edm dlh\u0161ie sa \u017euje, t\u00fdm viac sl\u00edn sa tvor\u00ed a t\u00fdm lep\u0161ie sa tr\u00e1vi.<br \/>\nA <strong>probl\u00e9my so zubami<\/strong> m\u00f4\u017ee ma\u0165 vplyv na kone, ktor\u00e9 starn\u00fa, a s\u0165a\u017euje im efekt\u00edvne pre\u017e\u00favanie sena s dlh\u00fdmi steblami. U star\u0161\u00edch kon\u00ed je be\u017en\u00e9, \u017ee sa zuby opotrebuj\u00fa a pr\u00edpadne posun\u00fa, \u010d\u00edm sa \u017eutie stane neefekt\u00edvnym a bolestiv\u00fdm, \u010do m\u00e1 za n\u00e1sledok zn\u00ed\u017een\u00fd pr\u00edjem krmiva, zhor\u0161en\u00e9 tr\u00e1venie a mo\u017en\u00fd \u00fabytok hmotnosti alebo podv\u00fd\u017eivu. Star\u0161ie kone potrebuj\u00fa dobre str\u00e1vite\u013en\u00e9 zdroje bielkov\u00edn a v\u00e1pnika, aby nahradili tieto straty. Kr\u00e1tke stonkov\u00e9 krmivo sp\u013a\u0148a t\u00fato potrebu, preto\u017ee sa \u013eah\u0161ie pre\u017e\u00fava a tr\u00e1vi ako \u0161tandardn\u00e9 dlh\u00e9 stonkov\u00e9 seno. Rezan\u00e9 seno je bohat\u00e9 na pr\u00edrodn\u00e9 \u017eiviny a vl\u00e1kninu.<\/p>\n<p>Krat\u0161ia d\u013a\u017eka a jemnej\u0161ia \u0161trukt\u00fara drven\u00e9ho sena u\u013eah\u010duje ko\u0148om s dent\u00e1lnymi probl\u00e9mami jeho pre\u017e\u00favanie a tr\u00e1venie. Drven\u00e9 seno tie\u017e zabezpe\u010duje, \u017ee tieto kone maj\u00fa zaru\u010den\u00fa potrebn\u00fa v\u00fd\u017eivu, \u010do podporuje ich celkov\u00e9 zdravie a pohodu.<\/p>\n<p>Posekan\u00e9 seno je ide\u00e1lnym zdrojom \u017eiv\u00edn pre <strong>metabolick\u00e9 probl\u00e9my<\/strong>pre kone trpiace. Tr\u00e1vna zmes, ktor\u00e1 poskytuje kvalitn\u00e9 str\u00e1vite\u013en\u00e9 krmivo, pr\u00edrodn\u00fa vl\u00e1kninu a potrebn\u00e9 bielkoviny.<\/p>\n<p>Bezpe\u010dn\u00e9 k\u0155menie <strong>probl\u00e9my s d\u00fdchan\u00edm<\/strong> v pr\u00edpade. Drven\u00e9 krmivo, ktor\u00e9 pre\u0161lo procesom su\u0161enia pri vysokej teplote, je prvou vo\u013ebou nielen pre svoju v\u00fd\u017eivov\u00fa hodnotu. Tepelnou \u00fapravou sa ni\u010dia aj \u0161kodliv\u00e9 sp\u00f3ry plesn\u00ed, ktor\u00e9 m\u00f4\u017eu vies\u0165 k respira\u010dn\u00fdm alergi\u00e1m. Kone tak maj\u00fa pr\u00edstup k vl\u00e1knine bez rizika vd\u00fdchnutia prachu a sp\u00f3r plesn\u00ed, \u010do je be\u017en\u00e9 napr\u00edklad pri k\u0155men\u00ed bal\u00edkovan\u00fdm senom. \u00da\u010dinn\u00fd, ale \u0161etrn\u00fd proces su\u0161enia tie\u017e zachov\u00e1va prospe\u0161n\u00e9 \u017eiviny, ktor\u00e9 by sa pri tradi\u010dnom procese su\u0161enia sena na slnku stratili.<\/p>\n<p><strong><em>V\u00fdhoda oproti uhl\u00edkov\u00fdm pelet\u00e1m<\/em><\/strong>\u017eiadne nam\u00e1\u010danie, dlh\u0161\u00ed \u010das pr\u00edjmu krmiva, v\u00e1\u0161 k\u00f4\u0148 mus\u00ed \u017eu\u0165, \u010do umo\u017e\u0148uje efekt\u00edvne pre\u017e\u00favanie a tr\u00e1venie. Hoci nasekan\u00e9 seno nie je potrebn\u00e9 nam\u00e1\u010da\u0165, m\u00f4\u017ee by\u0165 u\u017eito\u010dn\u00e9 prida\u0165 vodu bezprostredne pred k\u0155men\u00edm.<\/p>\n<p>Kone potrebuj\u00fa ove\u013ea viac \u010dasu na pre\u017eutie nasekanej vl\u00e1kniny, tak\u017ee primie\u0161anie nasekanej vl\u00e1kniny do obiln\u00e9ho krmiva pom\u00e1ha ko\u0148om zastavi\u0165 penenie, viac \u017eu\u0165 a produkova\u0165 viac sl\u00edn, \u010do napom\u00e1ha tr\u00e1veniu.<\/p>\n<p>Konzum\u00e1cia vl\u00e1kniny zvy\u0161uje <strong>spotreba vody<\/strong>, a dodato\u010dn\u00e1 voda zost\u00e1va v slepom \u010dreve a\u017e do vstrebania. Slep\u00e9 \u010drevo ko\u0148a sl\u00fa\u017ei aj na uskladnenie vody a elektrolytov. Po\u010das cvi\u010denia, ke\u010f m\u00f4\u017ee by\u0165 dehydrat\u00e1cia probl\u00e9mom, m\u00f4\u017ee pom\u00f4c\u0165 udr\u017ea\u0165 hydrat\u00e1ciu ko\u0148a a doplni\u0165 elektrolyty straten\u00e9 potom. Zhrnut\u00e9 a pod\u010diarknut\u00e9 - podporuje spotrebu vody a vytv\u00e1ra z\u00e1soby tekut\u00edn v slepom \u010dreve.<\/p>\n<p><strong>\"M\u00f4j k\u00f4\u0148 je chud\u00fd, potrebuje pribra\u0165\"<\/strong> - Seno poskytuje v priemere asi 8 MJ\/kg str\u00e1vite\u013enej energie. 500 kg k\u00f4\u0148 ustajnen\u00fd na noc zvy\u010dajne spotrebuje 5 - 6 kg sena za noc, \u010do predstavuje 40 - 48 MJ. Ak je toto mno\u017estvo pre ko\u0148a \u0165a\u017ek\u00e9 zjes\u0165, zvy\u010dajne to vedie k \u00fabytku hmotnosti. Nahraden\u00edm krmiva s dlhou vl\u00e1kninou sekan\u00fdm senom m\u00f4\u017eete pom\u00f4c\u0165 ko\u0148ovi pribra\u0165 na hmotnosti a poskytn\u00fa\u0165 mu vl\u00e1kninu, ktor\u00e1 je nevyhnutn\u00e1 pre zdrav\u00fd tr\u00e1viaci syst\u00e9m. Krmivo s nasekanou vl\u00e1kninou poskytuje vysokokvalitn\u00fd doplnok krmiva.<\/p>\n<p>To, nako\u013eko je vl\u00e1knina pre ko\u0148a u\u017eito\u010dn\u00e1 z h\u013eadiska pr\u00edrastku hmotnosti alebo pr\u00edsunu energie, z\u00e1vis\u00ed od jej str\u00e1vite\u013enosti. Str\u00e1vite\u013enos\u0165 je ovplyvnen\u00e1 viacer\u00fdmi faktormi vr\u00e1tane druhu rastliny, podmienok prostredia po\u010das rastu a najm\u00e4 veku rastliny pri zbere. \u010c\u00edm je rastlina pri zbere zrel\u0161ia, t\u00fdm viac obsahuje nestr\u00e1vite\u013enej vl\u00e1kniny, a preto je menej str\u00e1vite\u013en\u00e1. Slama a neskoro pokosen\u00e9 seno, ktor\u00e9 m\u00f4\u017ee by\u0165 v ruke hrub\u00e9, s\u00fa dobr\u00fdm pr\u00edkladom zdrojov m\u00e1lo str\u00e1vite\u013enej vl\u00e1kniny. Tieto druhy vl\u00e1kniny nie s\u00fa vhodn\u00e9 pre chud\u00e9 kone.  Medzi druhy vl\u00e1kniny s vy\u0161\u0161ou str\u00e1vite\u013enos\u0165ou patr\u00ed napr\u00edklad v\u010dasne rezan\u00e9 seno s m\u00e4kk\u00fdmi listami a lucerna. V pr\u00edpade kon\u00ed, ktor\u00e9 potrebuj\u00fa pribra\u0165, by sa preto malo zamera\u0165 na k\u0155menie t\u00fdmito druhmi vl\u00e1kniny.<\/p>\n<p>A <strong>\u0161pi\u010dkov\u00fd vzh\u013ead a zdravie, pracovn\u00e1 mor\u00e1lka<\/strong> k\u00f4\u0148 mus\u00ed ma\u0165 zdrav\u00fa hmotnos\u0165, dostatok kvalitn\u00fdch bielkov\u00edn v krmive a dostato\u010dn\u00fa intenzitu pohybu na budovanie svalovej hmoty. Dobr\u00e9mu ko\u0148ovi s obmedzenou k\u0155mnou d\u00e1vkou na regul\u00e1ciu hmotnosti m\u00f4\u017eu v potrave ch\u00fdba\u0165 kvalitn\u00e9 bielkoviny. To sa d\u00e1 \u013eahko napravi\u0165 pridan\u00edm k\u0155mneho doplnku, ktor\u00fd poskytuje nielen \u0161irok\u00e9 spektrum vitam\u00ednov a miner\u00e1lov, ale aj kvalitn\u00e9 bielkoviny. <a href=\"https:\/\/lovitamin.hu\/kategoria\/taplalekkiegeszitok-vitaminok\/\"><strong>Tak\u00e9to produkty n\u00e1jdete tu<\/strong><\/a> \"<\/p>\n<p>V\u017edy poskytnite svojmu ko\u0148ovi so\u013e na l\u00edzanie a dostatok \u010derstvej, \u010distej vody.<\/p>\n<p>V\u00fdrobok skladujte na chladnom a suchom mieste.<\/p>\n<p>Ve\u013ekos\u0165 balenia: 20 kg<\/p>","protected":false},"excerpt":{"rendered":"<p>Nasekan\u00e9 seno na \u013eah\u0161ie pre\u017e\u00favanie. Pr\u00edrodn\u00e9 krmivo, nasekan\u00e9 v 100%, krmivo so sennou vl\u00e1kninou, do ktor\u00e9ho nebolo pridan\u00e9 ni\u010d in\u00e9. Skuto\u010dne univerz\u00e1lne krmivo s vysok\u00fdm obsahom vl\u00e1kniny vhodn\u00e9 pre kone, pon\u00edky a in\u00e9 zvierat\u00e1.<\/p>\n<ul>\n<li>jedno z najlep\u0161\u00edch z\u00e1kladn\u00fdch krm\u00edv pre kone trpiace laminit\u00eddou (z\u00e1palom kop\u00fdt)<\/li>\n<li>je u\u017eito\u010dn\u00fd aj v pr\u00edpade, \u017ee v\u00e1\u0161 k\u00f4\u0148 m\u00e1 probl\u00e9my s pre\u017e\u00favan\u00edm dlh\u00e9ho sena alebo je chud\u00fd.<\/li>\n<li>pri probl\u00e9moch s d\u00fdchac\u00edmi cestami<\/li>\n<li>ak v\u00e1\u0161 k\u00f4\u0148 m\u00e1 penu pri \u00fastach<\/li>\n<\/ul>","protected":false},"featured_media":6567,"comment_status":"closed","ping_status":"closed","template":"","meta":{"_et_pb_use_builder":"","_et_pb_old_content":"","_et_gb_content_width":""},"product_brand":[],"product_cat":[105,106,107,108],"product_tag":[39,109,19,41,110,111,49,112,113,114,35],"yst_prominent_words":[],"class_list":{"0":"post-6566","1":"product","2":"type-product","3":"status-publish","4":"has-post-thumbnail","6":"product_cat-emesztorendszer-tamogatasa","7":"product_cat-idosebb-lovak-szamara","8":"product_cat-szena-es-lucerna-pellet-egyeb-pelletek","9":"product_cat-ujdonsagok","10":"product_tag-allergia","11":"product_tag-astma","12":"product_tag-equusline","13":"product_tag-fogproblema","14":"product_tag-habzsolas","15":"product_tag-idos-lo","16":"product_tag-kehesseg","17":"product_tag-laminitis","18":"product_tag-oreg-lo","19":"product_tag-patairhagyulladas","20":"product_tag-szena","22":"first","23":"instock","24":"shipping-taxable","25":"purchasable","26":"product-type-simple"},"_links":{"self":[{"href":"https:\/\/equusline.hu\/sk\/wp-json\/wp\/v2\/product\/6566","targetHints":{"allow":["GET"]}}],"collection":[{"href":"https:\/\/equusline.hu\/sk\/wp-json\/wp\/v2\/product"}],"about":[{"href":"https:\/\/equusline.hu\/sk\/wp-json\/wp\/v2\/types\/product"}],"replies":[{"embeddable":true,"href":"https:\/\/equusline.hu\/sk\/wp-json\/wp\/v2\/comments?post=6566"}],"wp:featuredmedia":[{"embeddable":true,"href":"https:\/\/equusline.hu\/sk\/wp-json\/wp\/v2\/media\/6567"}],"wp:attachment":[{"href":"https:\/\/equusline.hu\/sk\/wp-json\/wp\/v2\/media?parent=6566"}],"wp:term":[{"taxonomy":"product_brand","embeddable":true,"href":"https:\/\/equusline.hu\/sk\/wp-json\/wp\/v2\/product_brand?post=6566"},{"taxonomy":"product_cat","embeddable":true,"href":"https:\/\/equusline.hu\/sk\/wp-json\/wp\/v2\/product_cat?post=6566"},{"taxonomy":"product_tag","embeddable":true,"href":"https:\/\/equusline.hu\/sk\/wp-json\/wp\/v2\/product_tag?post=6566"},{"taxonomy":"yst_prominent_words","embeddable":true,"href":"https:\/\/equusline.hu\/sk\/wp-json\/wp\/v2\/yst_prominent_words?post=6566"}],"curies":[{"name":"wp","href":"https:\/\/api.w.org\/{rel}","templated":true}]}}