{"id":6526,"date":"2024-02-25T09:56:01","date_gmt":"2024-02-25T08:56:01","guid":{"rendered":"https:\/\/equusline.hu\/?post_type=product&#038;p=6526"},"modified":"2024-05-27T05:03:33","modified_gmt":"2024-05-27T04:03:33","slug":"szena-pellet","status":"publish","type":"product","link":"https:\/\/equusline.hu\/sk\/termek\/szena-pellet\/","title":{"rendered":"Senn\u00e9 pelety"},"content":{"rendered":"<p>Vysokokvalitn\u00e9 senn\u00e9 pelety vyroben\u00e9 z vybran\u00e9ho l\u00fa\u010dneho sena, ktor\u00e9 je vynikaj\u00facim zdrojom vl\u00e1kniny.<\/p>\n<p><strong>V\u00fdhoda:<\/strong><\/p>\n<ul>\n<li>bezpra\u0161n\u00e1, preto sa odpor\u00fa\u010da najm\u00e4 pre kone s d\u00fdchac\u00edmi probl\u00e9mami a alergiami,<\/li>\n<li>\u013eahko sa pod\u00e1va star\u00fdm, chor\u00fdm ko\u0148om, ko\u0148om s probl\u00e9mami s \u00fastami a zubami,<\/li>\n<li>bez buriny, plesn\u00ed, rozto\u010dov, hmyzu a zvierac\u00edch v\u00fdkalov,<\/li>\n<li>neobsahuje \u017eiadne spojivo,<\/li>\n<li>pri k\u0155men\u00ed sa menej plytv\u00e1,<\/li>\n<li>je jednoduch\u0161ie zmera\u0165 mno\u017estvo podan\u00e9ho krmiva,<\/li>\n<li>v\u00fdborn\u00e1 str\u00e1vite\u013enos\u0165,<\/li>\n<li>pom\u00e1ha chud\u00fdm ko\u0148om r\u00fdchlej\u0161ie nadobudn\u00fa\u0165 norm\u00e1lnu kond\u00edciu a mo\u017eno ich \u013eahko k\u0155mi\u0165 v\u00e4\u010d\u0161\u00edm mno\u017estvom,<\/li>\n<li>m\u00f4\u017ee sa pod\u00e1va\u0165 namo\u010den\u00e1 samostatne alebo vmie\u0161an\u00e1 do ka\u0161e,<\/li>\n<li>m\u00f4\u017eu by\u0165 zmie\u0161an\u00e9 s liekmi, doplnkov\u00fdmi krmivami,<\/li>\n<li>si zachov\u00e1va svoju svie\u017eos\u0165,<\/li>\n<li>menej miesta na uskladnenie,<\/li>\n<li>\u013eah\u0161ia preprava,<\/li>\n<\/ul>\n<p><strong>D\u00f4le\u017eit\u00e9<\/strong>: krmivo pod\u00e1vajte po tro\u0161k\u00e1ch, zav\u00e1dzajte ho postupne, odpor\u00fa\u010dame pri ka\u017edom k\u0155men\u00ed da\u0165 na vl\u00e1kninu nieko\u013eko z\u0155n, aby sa k\u00f4\u0148 nau\u010dil ho jes\u0165. Je lep\u0161ie pod\u00e1va\u0165 ho namo\u010den\u00e9. Ak k\u00f4\u0148 nem\u00e1 k dispoz\u00edcii vodu, d\u00f4razne odpor\u00fa\u010dame nam\u00e1\u010danie.<\/p>\n<table width=\"289\">\n<tbody>\n<tr>\n<td width=\"225\"><strong>Anal\u00fdza:<\/strong><\/td>\n<td width=\"64\"><\/td>\n<\/tr>\n<tr>\n<td>Obsah su\u0161iny:<\/td>\n<td>92,62%<\/td>\n<\/tr>\n<tr>\n<td>Hrub\u00fd prote\u00edn:<\/td>\n<td>11,14%<\/td>\n<\/tr>\n<tr>\n<td>Hrub\u00fd tuk:<\/td>\n<td>2%<\/td>\n<\/tr>\n<tr>\n<td>Hrub\u00e1 vl\u00e1knina:<\/td>\n<td>30,50%<\/td>\n<\/tr>\n<tr>\n<td>Nyershamu:<\/td>\n<td>7,89%<\/td>\n<\/tr>\n<tr>\n<td>\u0160krob:<\/td>\n<td>0,01%<\/td>\n<\/tr>\n<tr>\n<td>ADF (kysl\u00e1 detergentn\u00e1 vl\u00e1knina):<\/td>\n<td>33,02%<\/td>\n<\/tr>\n<tr>\n<td>NDF (neutr\u00e1lna detergentn\u00e1 vl\u00e1knina):<\/td>\n<td>62,08%<\/td>\n<\/tr>\n<\/tbody>\n<\/table>\n<p><strong>Odpor\u00fa\u010dan\u00e9 d\u00e1vkovanie:<\/strong> na doplnenie dennej d\u00e1vky vl\u00e1kniny od 200 g do 2 kg denne pod\u013ea individu\u00e1lnej chuti a potreby. Na doplnenie celkov\u00e9ho denn\u00e9ho mno\u017estva vl\u00e1kniny pribli\u017ene 1-1,5 kg na 100 kg telesnej hmotnosti na kg.<\/p>\n<p><strong>Ukladanie<\/strong>: na suchom mieste.<br \/>\n<strong>Balenie<\/strong>: v 15 kg vreciach<br \/>\nZachov\u00e1va si svoju kvalitu 1 rok od d\u00e1tumu v\u00fdroby.<\/p>","protected":false},"excerpt":{"rendered":"<p>Vysokokvalitn\u00e9 senn\u00e9 pelety vyroben\u00e9 z vybran\u00e9ho l\u00fa\u010dneho sena, ktor\u00e9 je vynikaj\u00facim zdrojom vl\u00e1kniny.<\/p>\n<p><strong>V\u00fdhoda:<\/strong><\/p>\n<ul>\n<li>bezpra\u0161n\u00e1, preto sa odpor\u00fa\u010da najm\u00e4 pre kone s d\u00fdchac\u00edmi probl\u00e9mami a alergiami,<\/li>\n<li>\u013eahko sa pod\u00e1va star\u00fdm, chor\u00fdm ko\u0148om, ko\u0148om s probl\u00e9mami s \u00fastami a zubami,<\/li>\n<li>bez buriny, plesn\u00ed, rozto\u010dov, hmyzu a zvierac\u00edch v\u00fdkalov,<\/li>\n<li>neobsahuje \u017eiadne spojivo,<\/li>\n<li>pri k\u0155men\u00ed sa menej plytv\u00e1,<\/li>\n<li>je jednoduch\u0161ie zmera\u0165 mno\u017estvo podan\u00e9ho krmiva,<\/li>\n<li>v\u00fdborn\u00e1 str\u00e1vite\u013enos\u0165,<\/li>\n<li>pom\u00e1ha chud\u00fdm ko\u0148om r\u00fdchlej\u0161ie nadobudn\u00fa\u0165 norm\u00e1lnu kond\u00edciu a mo\u017eno ich \u013eahko k\u0155mi\u0165 v\u00e4\u010d\u0161\u00edm mno\u017estvom,<\/li>\n<li>m\u00f4\u017ee sa pod\u00e1va\u0165 namo\u010den\u00e1 samostatne alebo vmie\u0161an\u00e1 do ka\u0161e,<\/li>\n<li>m\u00f4\u017eu by\u0165 zmie\u0161an\u00e9 s liekmi, doplnkov\u00fdmi krmivami,<\/li>\n<li>si zachov\u00e1va svoju svie\u017eos\u0165,<\/li>\n<li>menej miesta na uskladnenie,<\/li>\n<li>\u013eah\u0161ia preprava,<\/li>\n<\/ul>","protected":false},"featured_media":402,"comment_status":"open","ping_status":"closed","template":"","meta":{"_et_pb_use_builder":"","_et_pb_old_content":"","_et_gb_content_width":""},"product_brand":[],"product_cat":[69],"product_tag":[39,47,41,42,40,49,38,59,37,35,36],"yst_prominent_words":[],"class_list":{"0":"post-6526","1":"product","2":"type-product","3":"status-publish","4":"has-post-thumbnail","6":"product_cat-egyeb","7":"product_tag-allergia","8":"product_tag-copd","9":"product_tag-fogproblema","10":"product_tag-idos-lovak","11":"product_tag-kehes","12":"product_tag-kehesseg","13":"product_tag-pormentes","14":"product_tag-rao","15":"product_tag-rost","16":"product_tag-szena","17":"product_tag-szenapellet","19":"first","20":"instock","21":"shipping-taxable","22":"purchasable","23":"product-type-simple"},"_links":{"self":[{"href":"https:\/\/equusline.hu\/sk\/wp-json\/wp\/v2\/product\/6526","targetHints":{"allow":["GET"]}}],"collection":[{"href":"https:\/\/equusline.hu\/sk\/wp-json\/wp\/v2\/product"}],"about":[{"href":"https:\/\/equusline.hu\/sk\/wp-json\/wp\/v2\/types\/product"}],"replies":[{"embeddable":true,"href":"https:\/\/equusline.hu\/sk\/wp-json\/wp\/v2\/comments?post=6526"}],"wp:featuredmedia":[{"embeddable":true,"href":"https:\/\/equusline.hu\/sk\/wp-json\/wp\/v2\/media\/402"}],"wp:attachment":[{"href":"https:\/\/equusline.hu\/sk\/wp-json\/wp\/v2\/media?parent=6526"}],"wp:term":[{"taxonomy":"product_brand","embeddable":true,"href":"https:\/\/equusline.hu\/sk\/wp-json\/wp\/v2\/product_brand?post=6526"},{"taxonomy":"product_cat","embeddable":true,"href":"https:\/\/equusline.hu\/sk\/wp-json\/wp\/v2\/product_cat?post=6526"},{"taxonomy":"product_tag","embeddable":true,"href":"https:\/\/equusline.hu\/sk\/wp-json\/wp\/v2\/product_tag?post=6526"},{"taxonomy":"yst_prominent_words","embeddable":true,"href":"https:\/\/equusline.hu\/sk\/wp-json\/wp\/v2\/yst_prominent_words?post=6526"}],"curies":[{"name":"wp","href":"https:\/\/api.w.org\/{rel}","templated":true}]}}