{"id":6491,"date":"2023-09-04T07:55:14","date_gmt":"2023-09-04T06:55:14","guid":{"rendered":"https:\/\/equusline.hu\/?post_type=product&#038;p=6491"},"modified":"2024-10-11T16:03:18","modified_gmt":"2024-10-11T15:03:18","slug":"recovery-mash-20-kg","status":"publish","type":"product","link":"https:\/\/equusline.hu\/sk\/termek\/recovery-mash-20-kg\/","title":{"rendered":"Regenera\u010dn\u00e1 ka\u0161a 20 kg"},"content":{"rendered":"<p>Equusline Recovery Mash sa m\u00f4\u017ee pod\u00e1va\u0165 ako podpora tr\u00e1venia, po\u010das v\u00fdmeny srsti, po vysokom v\u00fdkone, po\u010das zotavovania po oper\u00e1cii, kolike alebo chorobe alebo ako samostatn\u00e9 krmivo na abomas\u00e1lne k\u0155menie.<\/p>\n<p>Je mimoriadne u\u017eito\u010dn\u00e1, preto\u017ee:<\/p>\n<ul>\n<li>\u013eahko str\u00e1vite\u013en\u00e9<\/li>\n<li>prebiotick\u00e9 zlo\u017eky prispievaj\u00fa k spr\u00e1vnemu tr\u00e1veniu<\/li>\n<li>starostlivo vybran\u00e9 zlo\u017eky podporuj\u00fa tr\u00e1viace procesy<\/li>\n<li>sliz v \u013eanovom semienku m\u00f4\u017ee vytvori\u0165 ochrann\u00fa vrstvu na citliv\u00fdch slizniciach tr\u00e1viaceho traktu<\/li>\n<li>zni\u017euje riziko koliky a laminit\u00eddy<\/li>\n<li>posil\u0148uje imunitn\u00fd syst\u00e9m<\/li>\n<li>m\u00e1 optim\u00e1lny pomer v\u00e1pnika a fosforu<\/li>\n<li>prispieva k miner\u00e1lnej rovnov\u00e1he<\/li>\n<li>mo\u017eno pod\u00e1va\u0165 aj ko\u0148om s citliv\u00fdm tr\u00e1viacim traktom<\/li>\n<li>m\u00f4\u017eu ich konzumova\u0165 aj \u017erieb\u00e4t\u00e1 s hna\u010dkou<\/li>\n<li>sa m\u00f4\u017ee skrmova\u0165 aj ako samostatn\u00e9 krmivo<\/li>\n<\/ul>\n<p>Odpor\u00fa\u010da sa najm\u00e4 k\u0155menie:<\/p>\n<ul>\n<li>pri probl\u00e9moch so \u017euvan\u00edm a strate chuti do jedla<\/li>\n<li>po s\u00fa\u0165a\u017eiach<\/li>\n<li>v poslednej tretine gravidity a po otelen\u00ed<\/li>\n<li>po\u010das zmeny \u00fa\u010desu<\/li>\n<li>pribra\u0165 na v\u00e1he<\/li>\n<\/ul>\n<p>K\u0155menie ma\u0161krtou, alebo po ma\u010farsky macs, je medzi majite\u013emi kon\u00ed st\u00e1ro\u010dnou trad\u00edciou, preto\u017ee m\u00e1 priazniv\u00e9 \u00fa\u010dinky. Spolo\u010dnos\u0165 Equusline teraz pon\u00faka aj krmivo ma\u0161krty, ktor\u00e9 sa \u013eahko pripravuje, je chutn\u00e9 a maxim\u00e1lne podporuje zdravie v\u00e1\u0161ho ko\u0148a.<\/p>\n<ul>\n<li>M\u00f4\u017eete ho konzumova\u0165 v podobe buni\u010diny alebo v tekutej forme<\/li>\n<li>Ob\u013e\u00faben\u00e9 krmivo ka\u017ed\u00e9ho ko\u0148a<\/li>\n<li>Vysoko str\u00e1vite\u013en\u00e9<\/li>\n<li>Odpor\u00fa\u010da sa aj pre kone s tr\u00e1viacimi probl\u00e9mami (\u017eal\u00fado\u010dn\u00e9 vredy, \u010dast\u00e9 koliky, hna\u010dky at\u010f.)<\/li>\n<li>K\u0155menie sa odpor\u00fa\u010da najm\u00e4 pre star\u0161ie kone alebo kone s probl\u00e9mami so zubami.<\/li>\n<\/ul>\n<p>Makrely sa tradi\u010dne pou\u017e\u00edvaj\u00fa ako doplnok k be\u017en\u00fdm krmiv\u00e1m: po \u0165a\u017ekej pr\u00e1ci, po\u010das choroby a rekonvalescencie alebo na podporu norm\u00e1lnej funkcie tr\u00e1viaceho traktu sa zvy\u010dajne odpor\u00fa\u010daj\u00fa pod\u00e1va\u0165 pr\u00edle\u017eitostne alebo na krat\u0161ie obdobie. Svojho ko\u0148a v\u0161ak m\u00f4\u017eete k\u0155mi\u0165 denne namiesto jeho be\u017en\u00e9ho abraktn\u00e9ho krmiva a vyu\u017e\u00edva\u0165 v\u0161etky v\u00fdhody maciek:<\/p>\n<ul>\n<li>Zvlh\u010dovanie: dod\u00e1va tr\u00e1viacemu syst\u00e9mu v\u00e1\u0161ho ko\u0148a ove\u013ea viac vlhkosti ako tradi\u010dn\u00e9 traktov\u00e9 krmiv\u00e1, m\u00fcsli a krmiv\u00e1<\/li>\n<li>Pom\u00e1ha tr\u00e1veniu: v\u010faka obsahu p\u0161eni\u010dn\u00fdch otr\u00fab a \u013eanov\u00e9ho semienka prispieva k zdrav\u00e9mu tr\u00e1viacemu traktu.<\/li>\n<li>Dod\u00e1va energiu: v\u010faka obsahu \u0161krobu, ktor\u00fd je \u013eahko dostupn\u00fd v \u013eahko pr\u00edstupnej forme, sa odpor\u00fa\u010da pre kone pri \u0165a\u017ekej pr\u00e1ci.<\/li>\n<li>Lahodn\u00e9: pochutnaj\u00fa si na \u0148om aj tie najn\u00e1ro\u010dnej\u0161ie kone<\/li>\n<li>Komplexn\u00e9 zlo\u017eenie: obsahuje v\u0161etky \u017eiviny, ktor\u00e9 v\u00e1\u0161 k\u00f4\u0148 potrebuje na udr\u017eanie zdravia. Obsahuje v\u0161etky \u017eiviny, ktor\u00e9 potrebujete pre zdrav\u00e9ho ko\u0148a.<\/li>\n<li>Jednoduch\u00fd: d\u00e1 sa pripravi\u0165 r\u00fdchlo, tepl\u00fd alebo studen\u00fd, ale nevy\u017eaduje si varenie.<\/li>\n<\/ul>\n<p><strong>Odpor\u00fa\u010dan\u00e9 d\u00e1vkovanie:<\/strong><br \/>\nPribli\u017ene 0,2 kg\/100 kg telesnej hmotnosti denne<\/p>\n<p><strong>N\u00e1vrh k\u0155menia:<\/strong> Zalejte pribli\u017ene dvojn\u00e1sobn\u00fdm mno\u017estvom hor\u00facej alebo teplej vody, ako je mno\u017estvo ka\u0161e (1-3 litre vody na pribli\u017ene 1 kg ka\u0161e Equusline Recovery Mash) a nechajte st\u00e1\u0165 pribli\u017ene 15 min\u00fat. M\u00f4\u017ee sa pod\u00e1va\u0165 pr\u00edle\u017eitostne alebo priebe\u017ene.<\/p>\n<p><strong>ANALYTICK\u00c9 ZLO\u017dKY<br \/>\n<\/strong>Str\u00e1vite\u013en\u00e1 energia: 2464 kcal\/kg<strong><br \/>\n<\/strong><\/p>\n<table style=\"height: 194px;\" width=\"685\">\n<tbody>\n<tr>\n<td width=\"85\">Surov\u00e1 biela<\/td>\n<td width=\"28\">11,2<\/td>\n<td width=\"28\">%<\/td>\n<td width=\"66\">V\u00e1pnik<\/td>\n<td width=\"38\">1,18<\/td>\n<td width=\"26\">%<\/td>\n<\/tr>\n<tr>\n<td width=\"85\">Hrub\u00fd tuk<\/td>\n<td width=\"28\">4,5<\/td>\n<td width=\"28\">%<\/td>\n<td width=\"66\">Fosfor<\/td>\n<td width=\"38\">0,48<\/td>\n<td width=\"26\">%<\/td>\n<\/tr>\n<tr>\n<td width=\"85\">Hrub\u00e1 vl\u00e1knina<\/td>\n<td width=\"28\">16,1<\/td>\n<td width=\"28\">%<\/td>\n<td width=\"66\">Sod\u00edk<\/td>\n<td width=\"38\">0,33<\/td>\n<td width=\"26\">%<\/td>\n<\/tr>\n<tr>\n<td width=\"85\">Surov\u00fd popol<\/td>\n<td width=\"28\">7,9<\/td>\n<td width=\"28\">%<\/td>\n<td width=\"66\"><\/td>\n<td width=\"38\"><strong>\u00a0<\/strong><\/td>\n<td width=\"26\"><strong>\u00a0<\/strong><\/td>\n<\/tr>\n<\/tbody>\n<\/table>\n<p><strong>ZLO\u017dENIE:<\/strong> p\u0161eni\u010dn\u00e9 otruby, m\u00faka (lucerna k\u0155mna, vikva, c\u00edcer a l\u00fa\u010dna tr\u00e1va), \u010dierny ovos, su\u0161en\u00e9 semen\u00e1 chrastavca, ovsen\u00e9 otruby, palmov\u00fd olej, uhli\u010ditan v\u00e1penat\u00fd (k\u0155mne v\u00e1pno), ja\u010dme\u0148, chlorid sodn\u00fd, melasa z trstinov\u00e9ho cukru, v\u00fd\u0165a\u017eky z plodov citrusov\u00fdch druhov.<\/p>\n<table>\n<tbody>\n<tr>\n<td colspan=\"3\"><strong><u>HRY<\/u><\/strong><\/td>\n<\/tr>\n<tr>\n<td colspan=\"3\"><strong><u>Vitam\u00edny<\/u><\/strong><\/td>\n<\/tr>\n<tr>\n<td>Vitam\u00edn A (3a672a)<\/td>\n<td>15.000,0<\/td>\n<td>IU\/kg<\/td>\n<\/tr>\n<tr>\n<td>Vitam\u00edn D3 (3a671)<\/td>\n<td>1.500,0<\/td>\n<td>IU\/kg<\/td>\n<\/tr>\n<tr>\n<td>Vitam\u00edn E (3a700)<\/td>\n<td>100,00<\/td>\n<td>mg\/kg<\/td>\n<\/tr>\n<tr>\n<td>Vitam\u00edn B1 (3a820)<\/td>\n<td>7,50<\/td>\n<td>mg\/kg<\/td>\n<\/tr>\n<tr>\n<td>Vitam\u00edn B2 (3a825i)<\/td>\n<td>4,50<\/td>\n<td>mg\/kg<\/td>\n<\/tr>\n<tr>\n<td>Vitam\u00edn B12 (3a835)<\/td>\n<td>22,50<\/td>\n<td>ug\/kg<\/td>\n<\/tr>\n<tr>\n<td>Vitam\u00edn K3 (3a710)<\/td>\n<td>3,00<\/td>\n<td>mg\/kg<\/td>\n<\/tr>\n<tr>\n<td>Biot\u00edn (3a880)<\/td>\n<td>0,30<\/td>\n<td>mg\/kg<\/td>\n<\/tr>\n<tr>\n<td>Kyselina listov\u00e1 (3a316)<\/td>\n<td>1,50<\/td>\n<td>mg\/kg<\/td>\n<\/tr>\n<tr>\n<td>Chol\u00ednchlorid (3a890)<\/td>\n<td>300,00<\/td>\n<td>mg\/kg<\/td>\n<\/tr>\n<tr>\n<td>Kyselina nikot\u00ednov\u00e1 (3a314)<\/td>\n<td>12,00<\/td>\n<td>mg\/kg<\/td>\n<\/tr>\n<tr>\n<td>Pantoten\u00e1t v\u00e1penat\u00fd(3a841)<\/td>\n<td>7,50<\/td>\n<td>mg\/kg<\/td>\n<\/tr>\n<tr>\n<td colspan=\"3\"><strong><u>Stopov\u00e9 prvky<\/u><\/strong><\/td>\n<\/tr>\n<tr>\n<td>Vas. Uhli\u010ditan \u017eeleznat\u00fd (II) (3b101)<\/td>\n<td>90,00<\/td>\n<td>mg\/kg<\/td>\n<\/tr>\n<tr>\n<td>J\u00f3d. Jodid draseln\u00fd (3b201)<\/td>\n<td>0,75<\/td>\n<td>mg\/kg<\/td>\n<\/tr>\n<tr>\n<td>Kobalt. Monohydr\u00e1t uhli\u010ditanu kobaltnat\u00e9ho (II) (3b304)<\/td>\n<td>0,30<\/td>\n<td>mg\/kg<\/td>\n<\/tr>\n<tr>\n<td>Me\u010f. Pentahydr\u00e1t s\u00edranu me\u010fnat\u00e9ho (II) (3b405)<\/td>\n<td>15,00<\/td>\n<td>mg\/kg<\/td>\n<\/tr>\n<tr>\n<td>Mang\u00e1n. Oxid mangani\u010dit\u00fd (II) (3b502)<\/td>\n<td>60.00<\/td>\n<td>mg\/kg<\/td>\n<\/tr>\n<tr>\n<td>Zinok. Oxid zino\u010dnat\u00fd (3b603)<\/td>\n<td>75,00<\/td>\n<td>mg\/kg<\/td>\n<\/tr>\n<tr>\n<td>Zinok. Chel\u00e1t zinku hydroxyanal\u00f3gu metion\u00ednu (3b610) Sel\u00e9n. Sel\u00e9n seleni\u010ditan (3b801)<\/td>\n<td>30,00<\/td>\n<td>mg\/kg<\/td>\n<\/tr>\n<tr>\n<td>Sel\u00e9n. Inaktivovan\u00e9 izolovan\u00e9 kvasinky, Saccharomyces cerevisiae NCYC R397 (3b811)<\/td>\n<td>0,15<\/td>\n<td>mg\/kg<\/td>\n<\/tr>\n<tr>\n<td colspan=\"3\"><strong><u>Antioxidanty<\/u><\/strong><\/td>\n<\/tr>\n<tr>\n<td>Butylovan\u00fd hydroxytolu\u00e9n (BHT) (E 321)<\/td>\n<td>46,00<\/td>\n<td>mg\/kg<\/td>\n<\/tr>\n<tr>\n<td>Butylovan\u00fd hydroxyanizol (BHA) (1b320)<\/td>\n<td>20,00<\/td>\n<td>mg\/kg<\/td>\n<\/tr>\n<tr>\n<td>Propylgal\u00e1t (E 310)<\/td>\n<td>10,00<\/td>\n<td>mg\/kg<\/td>\n<\/tr>\n<tr>\n<td colspan=\"3\"><strong><u>Konzerva\u010dn\u00e9 l\u00e1tky<\/u><\/strong><\/td>\n<\/tr>\n<tr>\n<td>Kyselina citr\u00f3nov\u00e1 (E 330)<\/td>\n<td>50,70<\/td>\n<td>mg\/kg<\/td>\n<\/tr>\n<tr>\n<td colspan=\"3\"><strong><u>Aminokyseliny<\/u><\/strong><\/td>\n<\/tr>\n<tr>\n<td>DL-Metion\u00edn technicky \u010dist\u00fd (3c301)<\/td>\n<td>0,0300<\/td>\n<td>%<\/td>\n<\/tr>\n<tr>\n<td colspan=\"3\"><strong><u>Spojiv\u00e1<\/u><\/strong><\/td>\n<\/tr>\n<tr>\n<td>Sepiolit (E 562)<\/td>\n<td>0,1288<\/td>\n<td>%<\/td>\n<\/tr>\n<tr>\n<td>Zr\u00e1\u017ean\u00e1 a su\u0161en\u00e1 kyselina kremi\u010dit\u00e1 (E 551a)<\/td>\n<td>12,50<\/td>\n<td>mg\/kg<\/td>\n<\/tr>\n<tr>\n<td>Koloidn\u00fd oxid kremi\u010dit\u00fd (E 551b)<\/td>\n<td>0,0150<\/td>\n<td>%<\/td>\n<\/tr>\n<\/tbody>\n<\/table>\n<p>&nbsp;<\/p>\n<p>&nbsp;<\/p>","protected":false},"excerpt":{"rendered":"<p>Equusline Recovery Mash je kompletn\u00e9 koncentrovan\u00e9 krmivo pre kone. R\u00fdchlo a \u013eahko sa pripravuje s teplou vodou. Je \u013eahko str\u00e1vite\u013en\u00e9, podporuje \u010dinnos\u0165 \u010driev a zdravie tr\u00e1viaceho traktu. Vysok\u00fd obsah nenas\u00fdten\u00fdch mastn\u00fdch kysel\u00edn zaru\u010duje pri pravidelnom pou\u017e\u00edvan\u00ed leskl\u00fa srs\u0165.<\/p>","protected":false},"featured_media":6492,"comment_status":"open","ping_status":"closed","template":"","meta":{"_et_pb_use_builder":"","_et_pb_old_content":"","_et_gb_content_width":""},"product_brand":[],"product_cat":[69],"product_tag":[96,27,19,101,41,42,97,28,18,100,99,98],"yst_prominent_words":[],"class_list":{"0":"post-6491","1":"product","2":"type-product","3":"status-publish","4":"has-post-thumbnail","6":"product_cat-egyeb","7":"product_tag-anyagcsere","8":"product_tag-emesztes","9":"product_tag-equusline","10":"product_tag-equuslinetransylvania","11":"product_tag-fogproblema","12":"product_tag-idos-lovak","13":"product_tag-immunrendszer","14":"product_tag-kolika","15":"product_tag-lotap","16":"product_tag-lovitamin","17":"product_tag-maccs","18":"product_tag-mash","20":"first","21":"instock","22":"shipping-taxable","23":"purchasable","24":"product-type-simple"},"_links":{"self":[{"href":"https:\/\/equusline.hu\/sk\/wp-json\/wp\/v2\/product\/6491","targetHints":{"allow":["GET"]}}],"collection":[{"href":"https:\/\/equusline.hu\/sk\/wp-json\/wp\/v2\/product"}],"about":[{"href":"https:\/\/equusline.hu\/sk\/wp-json\/wp\/v2\/types\/product"}],"replies":[{"embeddable":true,"href":"https:\/\/equusline.hu\/sk\/wp-json\/wp\/v2\/comments?post=6491"}],"wp:featuredmedia":[{"embeddable":true,"href":"https:\/\/equusline.hu\/sk\/wp-json\/wp\/v2\/media\/6492"}],"wp:attachment":[{"href":"https:\/\/equusline.hu\/sk\/wp-json\/wp\/v2\/media?parent=6491"}],"wp:term":[{"taxonomy":"product_brand","embeddable":true,"href":"https:\/\/equusline.hu\/sk\/wp-json\/wp\/v2\/product_brand?post=6491"},{"taxonomy":"product_cat","embeddable":true,"href":"https:\/\/equusline.hu\/sk\/wp-json\/wp\/v2\/product_cat?post=6491"},{"taxonomy":"product_tag","embeddable":true,"href":"https:\/\/equusline.hu\/sk\/wp-json\/wp\/v2\/product_tag?post=6491"},{"taxonomy":"yst_prominent_words","embeddable":true,"href":"https:\/\/equusline.hu\/sk\/wp-json\/wp\/v2\/yst_prominent_words?post=6491"}],"curies":[{"name":"wp","href":"https:\/\/api.w.org\/{rel}","templated":true}]}}