{"id":6460,"date":"2023-03-06T14:14:31","date_gmt":"2023-03-06T13:14:31","guid":{"rendered":"https:\/\/equusline.hu\/?post_type=product&#038;p=6460"},"modified":"2023-07-05T12:10:31","modified_gmt":"2023-07-05T11:10:31","slug":"equitreats-locsemege-15-kg","status":"publish","type":"product","link":"https:\/\/equusline.hu\/sk\/termek\/equitreats-locsemege-15-kg\/","title":{"rendered":"EQUITREATS podstielka pre kone 1,5 kg"},"content":{"rendered":"<p>Chutn\u00e9 poch\u00fa\u0165ky pre kone, ktor\u00e9 m\u00f4\u017eete dopria\u0165 svojmu ko\u0148ovi pred, po a po\u010das tr\u00e9ningu \ud83d\ude42 Zdrav\u00e1 a chutn\u00e1 starostlivos\u0165: bez melasy, s vl\u00e1kninou, vitam\u00ednmi a miner\u00e1lmi.<\/p>\n<p><strong>ZLO\u017dENIE:<\/strong><\/p>\n<p>Surov\u00fd prote\u00edn 13,50 %<br \/>\nRopa a surov\u00fd tuk 3,20 %<br \/>\nSurov\u00e9 vl\u00e1kno 14,70 %<br \/>\nSurov\u00fd popol 7,30 %<br \/>\nV\u00e1pnik 0,81 %<br \/>\nFosfor 0,59 %<br \/>\nSod\u00edk 0,42 %<\/p>\n<p>\u0160krob: 17,631 TP3T<br \/>\nCukor: 5,371 TP3T<\/p>\n<p><strong>Vitam\u00edny, provitam\u00edny a in\u00e9 l\u00e1tky<\/strong><\/p>\n<p>Vitam\u00edn A (E-672) 9 000,00 IU\/kg<br \/>\nVitam\u00edn D3 (E-671) 900,00 IU\/kg<br \/>\nVitam\u00edn E (alfa-tokoferol) 90,00 mg\/kg<br \/>\nVitam\u00edn B1 4,50 mg\/kg<br \/>\nVitam\u00edn B2 2,70 mg\/kg<br \/>\nVitam\u00edn B12 13,60 mcg\/kg<br \/>\nVitam\u00edn K 1,80 mg\/kg<br \/>\nBiot\u00edn 0,30 mg\/kg<br \/>\nKyselina listov\u00e1 0,90 mg\/kg<br \/>\nChol\u00ednchlorid 200,00 mg\/kg<br \/>\nNiac\u00edn 7,20 mg\/kg<br \/>\nKyselina pantot\u00e9nov\u00e1 (vitam\u00edn B5) 4,50 mg\/kg<\/p>\n<p><strong>Mikro a makro prvky<\/strong><\/p>\n<p>\u017delezo (uhli\u010ditan \u017eeleza) 60,00 mg\/Kg<br \/>\nJ\u00f3d (jodid draseln\u00fd) 0,50 mg\/kg<br \/>\nKobalt (monohydr\u00e1t uhli\u010ditanu kobaltnat\u00e9ho) 0,20 mg\/kg<br \/>\nMe\u010f (pentahydr\u00e1t s\u00edranu me\u010fnat\u00e9ho) 10,00 mg\/kg<br \/>\nMang\u00e1n (oxid manganat\u00fd) 40,00 mg\/kg<br \/>\nZinok (monohydr\u00e1t s\u00edranu zino\u010dnat\u00e9ho) 60,00 mg\/kg<br \/>\nSel\u00e9n (sel\u00e9n seleni\u010ditan) 0,10 mg\/kg<\/p>\n<p>Balenie: 1,5 kg vedro<\/p>\n<p><strong>Skladovanie:<\/strong>\u00a010-20 \u00b0C, chr\u00e1nen\u00e9 pred vlhkos\u0165ou.<\/p>","protected":false},"excerpt":{"rendered":"<p>Vo vrecku nohav\u00edc alebo saka by nemal ch\u00fdba\u0165.<\/p>","protected":false},"featured_media":6481,"comment_status":"open","ping_status":"closed","template":"","meta":{"_et_pb_use_builder":"","_et_pb_old_content":"","_et_gb_content_width":""},"product_brand":[],"product_cat":[69],"product_tag":[94,93,95],"yst_prominent_words":[],"class_list":{"0":"post-6460","1":"product","2":"type-product","3":"status-publish","4":"has-post-thumbnail","6":"product_cat-egyeb","7":"product_tag-jutalomfalat","8":"product_tag-locsemege","9":"product_tag-locsoki","11":"first","12":"instock","13":"shipping-taxable","14":"purchasable","15":"product-type-simple"},"_links":{"self":[{"href":"https:\/\/equusline.hu\/sk\/wp-json\/wp\/v2\/product\/6460","targetHints":{"allow":["GET"]}}],"collection":[{"href":"https:\/\/equusline.hu\/sk\/wp-json\/wp\/v2\/product"}],"about":[{"href":"https:\/\/equusline.hu\/sk\/wp-json\/wp\/v2\/types\/product"}],"replies":[{"embeddable":true,"href":"https:\/\/equusline.hu\/sk\/wp-json\/wp\/v2\/comments?post=6460"}],"wp:featuredmedia":[{"embeddable":true,"href":"https:\/\/equusline.hu\/sk\/wp-json\/wp\/v2\/media\/6481"}],"wp:attachment":[{"href":"https:\/\/equusline.hu\/sk\/wp-json\/wp\/v2\/media?parent=6460"}],"wp:term":[{"taxonomy":"product_brand","embeddable":true,"href":"https:\/\/equusline.hu\/sk\/wp-json\/wp\/v2\/product_brand?post=6460"},{"taxonomy":"product_cat","embeddable":true,"href":"https:\/\/equusline.hu\/sk\/wp-json\/wp\/v2\/product_cat?post=6460"},{"taxonomy":"product_tag","embeddable":true,"href":"https:\/\/equusline.hu\/sk\/wp-json\/wp\/v2\/product_tag?post=6460"},{"taxonomy":"yst_prominent_words","embeddable":true,"href":"https:\/\/equusline.hu\/sk\/wp-json\/wp\/v2\/yst_prominent_words?post=6460"}],"curies":[{"name":"wp","href":"https:\/\/api.w.org\/{rel}","templated":true}]}}