{"id":6397,"date":"2022-03-28T17:41:17","date_gmt":"2022-03-28T16:41:17","guid":{"rendered":"https:\/\/equusline.hu\/?post_type=product&#038;p=6397"},"modified":"2024-10-11T16:03:41","modified_gmt":"2024-10-11T15:03:41","slug":"eqi-protector-paszta-ujszulott-csikok-es-legyengult-lovak-szamara","status":"publish","type":"product","link":"https:\/\/equusline.hu\/sk\/termek\/eqi-protector-paszta-ujszulott-csikok-es-legyengult-lovak-szamara\/","title":{"rendered":"EQI\u00ae Protector pasta pre novonaroden\u00e9 \u017erieb\u00e4t\u00e1 a oslaben\u00e9 kone"},"content":{"rendered":"<p>EQI\u00ae\u00a0<strong>Ochranca<\/strong>\u00a0doplnkov\u00e9 krmivo vo forme pasty na zabezpe\u010denie bezpe\u010dn\u00e9ho a selekt\u00edvneho pr\u00edjmu \u017eiv\u00edn.<\/p>\n<p>EQI\u00ae Protector sa odpor\u00fa\u010da bezprostredne po p\u00f4rode, ke\u010f \u017erieb\u00e4 nevstrebalo dostatok mledziva (v pr\u00edpade choroby, straty \u017erieb\u00e4\u0165a, pred\u010dasnej alebo dvoji\u010dkovej gravidity), na podporu \u017erieb\u00e4\u0165a po\u010das odstavu a v pr\u00edpade miernych por\u00fach tr\u00e1viaceho traktu. EQI\u00ae Protector sa odpor\u00fa\u010da pou\u017e\u00edva\u0165 po\u010das o\u010dkovania, od\u010dervovania, v\u00fdmeny krmiva, prepravy, miernych tr\u00e1viacich probl\u00e9mov, zlej celkovej kond\u00edcie a po\u010das rekonvalescencie.<\/p>\n<p><em><strong>Zlep\u0161uje vstreb\u00e1vanie imunoglobul\u00ednov u \u017erieb\u00e4t<\/strong><\/em><br \/>\n<em><strong>Posil\u0148uje imunitn\u00fd syst\u00e9m<br \/>\n<\/strong><\/em><em><strong>Podporuje rozvoj priaznivej \u010drevnej fl\u00f3ry<\/strong><\/em><\/p>\n<p><strong>Mechanizmus \u00fa\u010dinku<\/strong><\/p>\n<p>Pas\u00edvna imunita u novoroden\u00fdch \u017erieb\u00e4t \u010dasom kles\u00e1, zatia\u013e \u010do akt\u00edvna imunita sa postupne vyv\u00edja. Po\u010das prechodu od pas\u00edvnej imunity k rozvoju vlastnej imunity doch\u00e1dza k imunitn\u00fdm nedostatkom, ktor\u00e9 predstavuj\u00fa pre mlad\u00e9 zvierat\u00e1 mno\u017estvo probl\u00e9mov. Kolostrum poskytuje \u0161pecifick\u00e9 imunoglobul\u00edny, ktor\u00e9 s\u00fa nevyhnutn\u00e9 pre rozvoj pas\u00edvnej imunity.<\/p>\n<p>U dospel\u00fdch kon\u00ed a pon\u00edkov m\u00f4\u017ee stres, choroby a o\u010dkovanie do\u010dasne oslabi\u0165 imunitn\u00fd syst\u00e9m. EQI\u00ae Protector poskytuje \u017eivotne d\u00f4le\u017eit\u00e9 imunoglobul\u00edny a \u017eiviny \u017erieb\u00e4t\u00e1m bezprostredne po otelen\u00ed a oslaben\u00fdm ko\u0148om v pr\u00edpade potreby.<\/p>\n<p>Prebiotikum TechnoMos\u00ae stimuluje akt\u00edvnu imunitu. Pom\u00e1ha odstra\u0148ova\u0165 patog\u00e9ny z \u010dreva t\u00fdm, \u017ee ich via\u017ee a zabra\u0148uje im pri\u013en\u00fa\u0165 k \u010drevnej sliznici a mno\u017ei\u0165 sa.<\/p>\n<p>Zinok B.I.O.Key\u00ae dop\u013a\u0148a imunostimula\u010dn\u00fd \u00fa\u010dinok. Organicky viazan\u00fd chel\u00e1t zinku chr\u00e1ni \u010drevn\u00fa sliznicu pred po\u0161koden\u00edm a zabezpe\u010duje \u00fa\u010dinn\u00e9 vstreb\u00e1vanie dostupn\u00fdch vitam\u00ednov.<\/p>\n<p>Triglyceridy so stredne dlh\u00fdm re\u0165azcom s\u00fa vysoko biologicky dostupn\u00fdm zdrojom energie, ktor\u00fd zabra\u0148uje hypoglyk\u00e9mii a oslabeniu sp\u00f4soben\u00e9mu hladovan\u00edm.<\/p>\n<h3>Akt\u00edvne zlo\u017eky<strong>\u00a0<\/strong><\/h3>\n<table>\n<tbody>\n<tr>\n<td width=\"192\">Vitam\u00edn A<\/td>\n<td width=\"177\">Vitam\u00edn E<\/td>\n<\/tr>\n<tr>\n<td width=\"192\">Vitam\u00edn C<\/td>\n<td width=\"177\">vitam\u00edn B12<\/td>\n<\/tr>\n<tr>\n<td width=\"192\">Zinok (B.I.O.Key)<strong>\u00ae<\/strong>)<\/td>\n<td width=\"177\">Me\u010f (B.I.O.Key)<strong>\u00ae<\/strong>)<\/td>\n<\/tr>\n<tr>\n<td width=\"192\">Mang\u00e1n (B.I.O.Key\u00ae)<\/td>\n<td width=\"177\">Sel\u00e9n<\/td>\n<\/tr>\n<tr>\n<td width=\"192\">Kvasinky (TechnoMos\u00ae)<\/td>\n<td width=\"177\">Kolostrum<\/td>\n<\/tr>\n<\/tbody>\n<\/table>\n<p><strong>Odpor\u00fa\u010dan\u00e9 d\u00e1vkovanie:<\/strong><\/p>\n<p>Pre \u017erieb\u00e4t\u00e1: 32 ml by sa malo poda\u0165 peror\u00e1lne po prvom pr\u00edjme mledziva. U oslaben\u00fdch \u017erieb\u00e4t d\u00e1vku zopakujte do 24 hod\u00edn.<\/p>\n<p>Pre kone: pre oslaben\u00e9 kone po o\u010dkovan\u00ed, od\u010derven\u00ed alebo zmene krmiva, pri miernych tr\u00e1viacich probl\u00e9moch. Pod\u013ea potreby postup opakujte.<\/p>\n<p><strong>Balenie<\/strong>: 32 ml pasty na or\u00e1lne pou\u017eitie. Uveden\u00e1 cena je hrub\u00e1 cena 1 32 ml pasty.<\/p>","protected":false},"excerpt":{"rendered":"<p>EQI\u00ae Protector sa odpor\u00fa\u010da bezprostredne po p\u00f4rode, ke\u010f \u017erieb\u00e4 nevstrebalo dostatok mledziva (v pr\u00edpade choroby, straty \u017erieb\u00e4\u0165a, pred\u010dasnej alebo dvoji\u010dkovej gravidity), na podporu \u017erieb\u00e4\u0165a po\u010das odstavu a v pr\u00edpade miernych por\u00fach tr\u00e1viaceho traktu. EQI\u00ae Protector sa odpor\u00fa\u010da pou\u017e\u00edva\u0165 po\u010das o\u010dkovania, od\u010dervovania, v\u00fdmeny krmiva, prepravy, miernych tr\u00e1viacich probl\u00e9mov, zlej celkovej kond\u00edcie a po\u010das rekonvalescencie.<\/p>","protected":false},"featured_media":6398,"comment_status":"open","ping_status":"closed","template":"","meta":{"_et_pb_use_builder":"","_et_pb_old_content":"","_et_gb_content_width":""},"product_brand":[],"product_cat":[69],"product_tag":[79,80,81,29,82,83,101,84,85,86,87,88,89,90,91],"yst_prominent_words":[],"class_list":{"0":"post-6397","1":"product","2":"type-product","3":"status-publish","4":"has-post-thumbnail","6":"product_cat-egyeb","7":"product_tag-aktiv-immunitas","8":"product_tag-csiko","9":"product_tag-elles","10":"product_tag-emesztorendszer","11":"product_tag-emesztorendszer-tamogatasa","12":"product_tag-emesztorendszeri-problemak","13":"product_tag-equuslinetransylvania","14":"product_tag-ikerelles","15":"product_tag-immunglobulin","16":"product_tag-immunrendzser","17":"product_tag-kolosztrum","18":"product_tag-legyengult-lovak","19":"product_tag-passziv-immunitas","20":"product_tag-rossz-altalanos-kondicio","21":"product_tag-takarmanyvaltas","23":"first","24":"instock","25":"shipping-taxable","26":"purchasable","27":"product-type-simple"},"_links":{"self":[{"href":"https:\/\/equusline.hu\/sk\/wp-json\/wp\/v2\/product\/6397","targetHints":{"allow":["GET"]}}],"collection":[{"href":"https:\/\/equusline.hu\/sk\/wp-json\/wp\/v2\/product"}],"about":[{"href":"https:\/\/equusline.hu\/sk\/wp-json\/wp\/v2\/types\/product"}],"replies":[{"embeddable":true,"href":"https:\/\/equusline.hu\/sk\/wp-json\/wp\/v2\/comments?post=6397"}],"wp:featuredmedia":[{"embeddable":true,"href":"https:\/\/equusline.hu\/sk\/wp-json\/wp\/v2\/media\/6398"}],"wp:attachment":[{"href":"https:\/\/equusline.hu\/sk\/wp-json\/wp\/v2\/media?parent=6397"}],"wp:term":[{"taxonomy":"product_brand","embeddable":true,"href":"https:\/\/equusline.hu\/sk\/wp-json\/wp\/v2\/product_brand?post=6397"},{"taxonomy":"product_cat","embeddable":true,"href":"https:\/\/equusline.hu\/sk\/wp-json\/wp\/v2\/product_cat?post=6397"},{"taxonomy":"product_tag","embeddable":true,"href":"https:\/\/equusline.hu\/sk\/wp-json\/wp\/v2\/product_tag?post=6397"},{"taxonomy":"yst_prominent_words","embeddable":true,"href":"https:\/\/equusline.hu\/sk\/wp-json\/wp\/v2\/yst_prominent_words?post=6397"}],"curies":[{"name":"wp","href":"https:\/\/api.w.org\/{rel}","templated":true}]}}