{"id":6122,"date":"2020-10-17T18:05:08","date_gmt":"2020-10-17T17:05:08","guid":{"rendered":"http:\/\/equusline.hu\/?post_type=product&#038;p=6122"},"modified":"2024-10-22T12:23:41","modified_gmt":"2024-10-22T11:23:41","slug":"cool-mix-zabmentes-muzli-alaptakarmany-20-kg","status":"publish","type":"product","link":"https:\/\/equusline.hu\/sk\/termek\/cool-mix-zabmentes-muzli-alaptakarmany-20-kg\/","title":{"rendered":"Cool mix m\u00fcsli bez ovsa z\u00e1kladn\u00e9 krmivo 20 kg"},"content":{"rendered":"<p>Ekonomick\u00e9 kompletn\u00e9 z\u00e1kladn\u00e9 krmivo. Bezovsen\u00e9 m\u00fcsli predov\u0161etk\u00fdm pre hobby kone, ale aj v\u00fdborn\u00fd produkt pre \u0161portov\u00e9 kone v n\u00edzkej z\u00e1\u0165a\u017ei a kone v tr\u00e9ningu. Dopl\u0148te krmivom s vl\u00e1kninou. Spolu s komplexn\u00fdm vitam\u00ednov\u00fdm doplnkom posta\u010duje aj pri ve\u013ekej z\u00e1\u0165a\u017ei.<\/p>\n<p>Denn\u00e1 d\u00e1vka: 1,00 kg - 3,00 kg v z\u00e1vislosti od ve\u013ekosti ko\u0148a, z\u00e1\u0165a\u017ee a mno\u017estva a zlo\u017eenia ostatn\u00e9ho krmiva.<\/p>\n<p><strong>ZLO\u017dENIE:<\/strong><\/p>\n<p>Str\u00e1vite\u013en\u00e1 energia: 2705,163 Kcal\/kg<\/p>\n<p>P\u0161eni\u010dn\u00e9 otruby, lucerna, kukuri\u010dn\u00e9 vlo\u010dky, ja\u010dmenn\u00e9 vlo\u010dky, s\u00f3jov\u00e9 vlo\u010dky, su\u0161en\u00e9 semen\u00e1 rohovn\u00edka, hr\u00e1\u0161ok, su\u0161en\u00e9 repn\u00e9 vlo\u010dky, palmov\u00fd olej, v\u00e1pencov\u00e1 pr\u00edsada, melasa z cukrovej trstiny, chlorid sodn\u00fd (so\u013e).<\/p>\n<p>Surov\u00fd prote\u00edn \u2013 12,1 %<br \/>\nRopa a surov\u00fd tuk - 4,20 %<br \/>\nHrub\u00e1 vl\u00e1knina - 12 %<br \/>\nSurov\u00fd popol - 6,60 %<br \/>\nV\u00e1pnik - 0,89 %<br \/>\nFosfor - 0,47 %<br \/>\nSod\u00edk - 0,27 %<\/p>\n<p>\u0160krob: 25,07%<br \/>\nCukor: 5,81 TP3T<\/p>\n<p><strong>Vitam\u00edny, provitam\u00edny a in\u00e9 l\u00e1tky<\/strong><\/p>\n<p>Vitam\u00edn A \u2013 3 600,00 IU\/kg<br \/>\nVitam\u00edn D3 \u2013 360,00 IU\/kg<br \/>\nVitam\u00edn E (alfa-tokoferol) \u2013 36,00 mg\/kg<br \/>\nVitam\u00edn B1 \u2013 1,80 mg\/kg<br \/>\nVitam\u00edn B2 \u2013 1,08 mg\/kg<br \/>\nVitam\u00edn B12 \u2013 5,44 mcg\/kg<br \/>\nVitam\u00edn K \u2013 0,70 mg\/kg<br \/>\nBiot\u00edn \u2013 0,20 mg\/kg<br \/>\nKyselina listov\u00e1 \u2013 0,36 mg\/kg<br \/>\nChol\u00ednchlorid \u2013 72,00 mg\/kg<br \/>\nNiac\u00edn \u2013 2,90 mg\/kg<br \/>\nKyselina pantot\u00e9nov\u00e1 (vitam\u00edn B5) \u2013 1,80 mg\/kg<\/p>\n<p><strong>Makro a mikroelementy<\/strong><\/p>\n<p>\u017delezo (uhli\u010ditan \u017eeleza) \u2013 24,00 mg\/kg<br \/>\nJ\u00f3d (jodid draseln\u00fd) \u2013 0,20 mg\/kg<br \/>\nKobalt (monohydr\u00e1t uhli\u010ditanu kobaltnat\u00e9ho) \u2013 0,08 mg\/kg<br \/>\nMe\u010f (pentahydr\u00e1t s\u00edranu me\u010fnat\u00e9ho) \u2013 4,00 mg\/kg<br \/>\nMang\u00e1n (oxid manganat\u00fd) \u2013 16,00 mg\/kg<br \/>\nZinok (monohydr\u00e1t s\u00edranu zino\u010dnat\u00e9ho) \u2013 24,00 mg\/kg<br \/>\nSel\u00e9n (sel\u00e9n seleni\u010ditan) \u2013 0,04 mg\/kg<\/p>\n<p>Balenie: 20 kg vrece<\/p>","protected":false},"excerpt":{"rendered":"<p>Ekonomick\u00e9 bezovsen\u00e9 m\u00fcsli z\u00e1kladn\u00e9 krmivo predov\u0161etk\u00fdm pre hobby kone.<\/p>","protected":false},"featured_media":6518,"comment_status":"open","ping_status":"closed","template":"","meta":{"_et_pb_use_builder":"","_et_pb_old_content":"","_et_gb_content_width":""},"product_brand":[],"product_cat":[69],"product_tag":[101,74,75,76,18,17,33,77,78,16],"yst_prominent_words":[],"class_list":{"0":"post-6122","1":"product","2":"type-product","3":"status-publish","4":"has-post-thumbnail","6":"product_cat-egyeb","7":"product_tag-equuslinetransylvania","8":"product_tag-hobbilo","9":"product_tag-hobbilo-tap","10":"product_tag-leisure","11":"product_tag-lotap","12":"product_tag-muzli-lovaknak","13":"product_tag-tap","14":"product_tag-tapok","15":"product_tag-versenytap","16":"product_tag-zabmentes-muzli","18":"first","19":"instock","20":"shipping-taxable","21":"purchasable","22":"product-type-simple"},"_links":{"self":[{"href":"https:\/\/equusline.hu\/sk\/wp-json\/wp\/v2\/product\/6122","targetHints":{"allow":["GET"]}}],"collection":[{"href":"https:\/\/equusline.hu\/sk\/wp-json\/wp\/v2\/product"}],"about":[{"href":"https:\/\/equusline.hu\/sk\/wp-json\/wp\/v2\/types\/product"}],"replies":[{"embeddable":true,"href":"https:\/\/equusline.hu\/sk\/wp-json\/wp\/v2\/comments?post=6122"}],"wp:featuredmedia":[{"embeddable":true,"href":"https:\/\/equusline.hu\/sk\/wp-json\/wp\/v2\/media\/6518"}],"wp:attachment":[{"href":"https:\/\/equusline.hu\/sk\/wp-json\/wp\/v2\/media?parent=6122"}],"wp:term":[{"taxonomy":"product_brand","embeddable":true,"href":"https:\/\/equusline.hu\/sk\/wp-json\/wp\/v2\/product_brand?post=6122"},{"taxonomy":"product_cat","embeddable":true,"href":"https:\/\/equusline.hu\/sk\/wp-json\/wp\/v2\/product_cat?post=6122"},{"taxonomy":"product_tag","embeddable":true,"href":"https:\/\/equusline.hu\/sk\/wp-json\/wp\/v2\/product_tag?post=6122"},{"taxonomy":"yst_prominent_words","embeddable":true,"href":"https:\/\/equusline.hu\/sk\/wp-json\/wp\/v2\/yst_prominent_words?post=6122"}],"curies":[{"name":"wp","href":"https:\/\/api.w.org\/{rel}","templated":true}]}}