{"id":56,"date":"2020-01-08T13:42:44","date_gmt":"2020-01-08T12:42:44","guid":{"rendered":"http:\/\/equusline.hu\/?post_type=product&#038;p=56"},"modified":"2024-10-22T12:23:59","modified_gmt":"2024-10-22T11:23:59","slug":"new-generation-zabmentes-muzli-alaptakarmany-20-kg","status":"publish","type":"product","link":"https:\/\/equusline.hu\/sk\/termek\/new-generation-zabmentes-muzli-alaptakarmany-20-kg\/","title":{"rendered":"Z\u00e1kladn\u00e9 krmivo bez ovsen\u00fdch vlo\u010diek novej gener\u00e1cie 20 kg"},"content":{"rendered":"<div>Vylep\u0161en\u00e1 verzia ob\u013e\u00faben\u00e9ho &#039;Equusline Cool mix&#039; pod\u013ea pr\u00edstupu modern\u00e9ho k\u0155menia kon\u00ed. Vysok\u00fd obsah vl\u00e1kniny \u2013 a jedine\u010dne vysok\u00fd obsah olejov, vitam\u00ednov a miner\u00e1lov. Ekonomick\u00e9 kompletn\u00e9, bezovsen\u00e9 m\u00fcsli z\u00e1kladn\u00e9 krmivo pre \u0161portov\u00e9 kone, kone v tr\u00e9ningu a hobby kone. Dopl\u0148te krmivom s vl\u00e1kninou. Spolu s komplexn\u00fdm vitam\u00ednov\u00fdm doplnkom obsahuje dostatok energie aj pre vysoko za\u0165a\u017een\u00e9, \u0165a\u017eko pracuj\u00face \u0161portov\u00e9 kone.<\/div>\n<div>Denn\u00e1 d\u00e1vka: 1,00 kg - 3,00 kg v z\u00e1vislosti od ve\u013ekosti ko\u0148a, z\u00e1\u0165a\u017ee a mno\u017estva a zlo\u017eenia ostatn\u00e9ho krmiva.<\/div>\n<div><\/div>\n<div><strong>ZLO\u017dENIE:<\/strong><\/div>\n<div><\/div>\n<div>Str\u00e1vite\u013en\u00e1 energia: 2896,4 Kcal\/kg<\/div>\n<div><\/div>\n<div>Ja\u010dme\u0148, lucernov\u00e9 pelety, p\u0161eni\u010dn\u00e9 otruby, su\u0161en\u00e9 repn\u00e9 pl\u00e1tky, kukuri\u010dn\u00e9 vlo\u010dky, ja\u010dmenn\u00e9 vlo\u010dky, s\u00f3jov\u00e9 vlo\u010dky, su\u0161en\u00e9 struky rohovn\u00edka, olej z palmov\u00fdch jadier, su\u0161en\u00e1 mrkva, hrachov\u00e9 vlo\u010dky, uhli\u010ditan v\u00e1penat\u00fd (k\u0155mna limetka), melasa z trstinov\u00e9ho cukru, chlorid sodn\u00fd (so\u013e ).<\/div>\n<div><\/div>\n<div>Surov\u00fd prote\u00edn \u2013 11,5 %<br \/>\nRopa a surov\u00fd tuk - 9,3%<br \/>\nHrub\u00e1 vl\u00e1knina - 10,9 %<br \/>\nSurov\u00fd popol - 7,20 %<br \/>\nV\u00e1pnik - 1,14 %<br \/>\nFosfor - 0,48 %<br \/>\nSod\u00edk - 0,38 %<br \/>\nHor\u010d\u00edk - 0,26 %<br \/>\n\u0160krob: 23,51 TP3T<br \/>\nCukor: 5,11 TP3T<\/div>\n<div>\n<p><strong><u>Aminokyseliny<br \/>\n<\/u><\/strong>DL-metion\u00edn 99 (3c301) \u2013 0,036 %<br \/>\nTryptof\u00e1n - 0,26 %<\/p>\n<\/div>\n<div><\/div>\n<div>\n<table style=\"height: 1264px;\" width=\"968\">\n<tbody>\n<tr>\n<td colspan=\"3\" width=\"262\"><strong>\u00a0<\/strong><strong><u>Vitam\u00edny, provitam\u00edny<\/u><\/strong><\/td>\n<td colspan=\"3\" width=\"262\"><strong><u>Makro a mikroelementy<\/u><\/strong><\/td>\n<\/tr>\n<tr>\n<td width=\"187\">Vitam\u00edn A (3a672a)<\/td>\n<td width=\"38\">18.000<\/td>\n<td width=\"37\">NIE \/ kg<\/td>\n<td width=\"191\">\u017delezo (uhli\u010ditan \u017eelezit\u00fd) (3b101)<\/td>\n<td width=\"34\">108<\/td>\n<td width=\"37\">mg\/kg<\/td>\n<\/tr>\n<tr>\n<td width=\"187\">Vitam\u00edn D3 (3a671)<\/td>\n<td width=\"38\">1.800<\/td>\n<td width=\"37\">NIE \/ kg<\/td>\n<td width=\"191\">J\u00f3d (jodid draseln\u00fd) (3b201)<\/td>\n<td width=\"34\">0,9<\/td>\n<td width=\"37\">mg\/kg<\/td>\n<\/tr>\n<tr>\n<td width=\"187\">Vitam\u00edn E (3a700)<\/td>\n<td width=\"38\">120,0<\/td>\n<td width=\"37\">mg\/kg<\/td>\n<td rowspan=\"2\" width=\"191\">Kobalt (uhli\u010ditan kobaltnat\u00fd (II) monohydr\u00e1t (3b304)<\/td>\n<td rowspan=\"2\" width=\"34\">0,36<\/td>\n<td rowspan=\"2\" width=\"37\">mg\/kg<\/td>\n<\/tr>\n<tr>\n<td width=\"187\">Vitam\u00edn B1 (3a820)<\/td>\n<td width=\"38\">9<\/td>\n<td width=\"37\">mg\/kg<\/td>\n<\/tr>\n<tr>\n<td width=\"187\">Vitam\u00edn B2<\/td>\n<td width=\"38\">5,40<\/td>\n<td width=\"37\">mg\/kg<\/td>\n<td width=\"191\">Me\u010f (pentahydr\u00e1t s\u00edranu me\u010fnat\u00e9ho) (E-4)<\/td>\n<td width=\"34\">18<\/td>\n<td width=\"37\">mg\/kg<\/td>\n<\/tr>\n<tr>\n<td width=\"187\">Vitam\u00edn B12<\/td>\n<td width=\"38\">27,00<\/td>\n<td width=\"37\">ug\/kg<\/td>\n<td width=\"191\">Mang\u00e1n (oxid manganat\u00fd) (3b502)<\/td>\n<td width=\"34\">72<\/td>\n<td width=\"37\">mg\/kg<\/td>\n<\/tr>\n<tr>\n<td width=\"187\">Vitam\u00edn K3 (3a711)<\/td>\n<td width=\"38\">3,60<\/td>\n<td width=\"37\">mg\/kg<\/td>\n<td width=\"191\">Zinok (oxid zino\u010dnat\u00fd) (3b603)<\/td>\n<td width=\"34\">90<\/td>\n<td width=\"37\">mg\/kg<\/td>\n<\/tr>\n<tr>\n<td width=\"187\">Biot\u00edn (3a880)<\/td>\n<td width=\"38\">0,36<\/td>\n<td width=\"37\">mg\/kg<\/td>\n<td width=\"191\">Zinok (chel\u00e1t zinku) (3b610)<br \/>\nZinkov\u00fd chel\u00e1tov\u00fd hydr\u00e1t aminokysel\u00edn patriacich k prvku zinok (3b610)<\/td>\n<td width=\"34\">6,24<br \/>\n42<\/td>\n<td width=\"37\">mg\/kg<br \/>\nmg\/kg<\/td>\n<\/tr>\n<tr>\n<td width=\"187\">Kyselina listov\u00e1 (3a316)<\/td>\n<td width=\"38\">1,8<\/td>\n<td width=\"37\">mg\/kg<\/td>\n<td width=\"191\">Sel\u00e9n (sel\u00e9n seleni\u010ditan (E-8)<\/td>\n<td width=\"34\">0,18<\/td>\n<td width=\"37\">mg\/kg<\/td>\n<\/tr>\n<tr>\n<td width=\"187\">Chol\u00ednchlorid (3a890)<\/td>\n<td width=\"38\">360<\/td>\n<td width=\"37\">mg\/kg<\/td>\n<td rowspan=\"2\" width=\"191\">Selenometion\u00edn (organick\u00fd sel\u00e9n S. Cerevisiae NCYC R397) (inaktivovan\u00e9 sel\u00e9nov\u00e9 kvasinky) (3b811)<\/td>\n<td rowspan=\"2\" width=\"34\">0,18<\/td>\n<td rowspan=\"2\" width=\"37\">mg\/kg<\/td>\n<\/tr>\n<tr>\n<td width=\"187\">Kyselina nikot\u00ednov\u00e1 (3a314)<\/td>\n<td width=\"38\">14,4<\/td>\n<td width=\"37\">mg\/kg<\/td>\n<\/tr>\n<tr>\n<td width=\"187\">Pantoten\u00e1t v\u00e1penat\u00fd (vitam\u00edn B5) (3a841)<\/td>\n<td width=\"38\">9<\/td>\n<td width=\"37\">mg\/kg<\/td>\n<td colspan=\"3\" width=\"262\"><strong><u>Konzerva\u010dn\u00e9 l\u00e1tky<\/u><\/strong><\/td>\n<\/tr>\n<tr>\n<td colspan=\"3\" width=\"262\"><strong><u>Antioxidanty<\/u><\/strong><\/td>\n<td width=\"191\">Kyselina citr\u00f3nov\u00e1 (E-330)<\/td>\n<td width=\"34\">30,8<\/td>\n<td width=\"37\">mg\/kg<\/td>\n<\/tr>\n<tr>\n<td width=\"187\">BHT(E-321)<\/td>\n<td width=\"38\">25,2<\/td>\n<td width=\"37\">mg\/kg<\/td>\n<td width=\"191\">Citran sodn\u00fd (E-331)<\/td>\n<td width=\"34\">0,72<\/td>\n<td width=\"37\">mg\/kg<\/td>\n<\/tr>\n<tr>\n<td width=\"187\">BHA (E-320)<\/td>\n<td width=\"38\">11,88<\/td>\n<td width=\"37\">mg\/kg<\/td>\n<td colspan=\"3\" width=\"262\"><strong><u>Spojiv\u00e1<\/u><\/strong><\/td>\n<\/tr>\n<tr>\n<td width=\"187\">Propylgal\u00e1t (E-310)<\/td>\n<td width=\"38\">0,12<\/td>\n<td width=\"37\">mg\/kg<\/td>\n<td width=\"191\">Sepiolit (E-562)<br \/>\nSepiolitov\u00e1 hlina<\/td>\n<td width=\"34\">0,108<br \/>\n962,4<\/td>\n<td width=\"37\">%<br \/>\nmg\/kg<\/td>\n<\/tr>\n<\/tbody>\n<\/table>\n<\/div>\n<p>Balenie: 20 kg vrece<\/p>","protected":false},"excerpt":{"rendered":"<p>Ekonomick\u00e9 kompletn\u00e9, bezovsen\u00e9 m\u00fcsli z\u00e1kladn\u00e9 krmivo pre \u0161portov\u00e9 kone, kone v tr\u00e9ningu a hobby kone s vysok\u00fdm obsahom vl\u00e1kniny a oleja, vitam\u00ednov a miner\u00e1lov.<\/p>\n<p>&nbsp;<\/p>","protected":false},"featured_media":6520,"comment_status":"open","ping_status":"closed","template":"","meta":{"_et_pb_use_builder":"","_et_pb_old_content":"","_et_gb_content_width":""},"product_brand":[],"product_cat":[69],"product_tag":[63,19,101,64,18,17,67,34,33,32,16],"yst_prominent_words":[],"class_list":{"0":"post-56","1":"product","2":"type-product","3":"status-publish","4":"has-post-thumbnail","6":"product_cat-egyeb","7":"product_tag-cool-mix","8":"product_tag-equusline","9":"product_tag-equuslinetransylvania","10":"product_tag-lotakarmany","11":"product_tag-lotap","12":"product_tag-muzli-lovaknak","13":"product_tag-new-generation","14":"product_tag-takarmany","15":"product_tag-tap","16":"product_tag-zabmentes","17":"product_tag-zabmentes-muzli","19":"first","20":"instock","21":"shipping-taxable","22":"purchasable","23":"product-type-simple"},"_links":{"self":[{"href":"https:\/\/equusline.hu\/sk\/wp-json\/wp\/v2\/product\/56","targetHints":{"allow":["GET"]}}],"collection":[{"href":"https:\/\/equusline.hu\/sk\/wp-json\/wp\/v2\/product"}],"about":[{"href":"https:\/\/equusline.hu\/sk\/wp-json\/wp\/v2\/types\/product"}],"replies":[{"embeddable":true,"href":"https:\/\/equusline.hu\/sk\/wp-json\/wp\/v2\/comments?post=56"}],"wp:featuredmedia":[{"embeddable":true,"href":"https:\/\/equusline.hu\/sk\/wp-json\/wp\/v2\/media\/6520"}],"wp:attachment":[{"href":"https:\/\/equusline.hu\/sk\/wp-json\/wp\/v2\/media?parent=56"}],"wp:term":[{"taxonomy":"product_brand","embeddable":true,"href":"https:\/\/equusline.hu\/sk\/wp-json\/wp\/v2\/product_brand?post=56"},{"taxonomy":"product_cat","embeddable":true,"href":"https:\/\/equusline.hu\/sk\/wp-json\/wp\/v2\/product_cat?post=56"},{"taxonomy":"product_tag","embeddable":true,"href":"https:\/\/equusline.hu\/sk\/wp-json\/wp\/v2\/product_tag?post=56"},{"taxonomy":"yst_prominent_words","embeddable":true,"href":"https:\/\/equusline.hu\/sk\/wp-json\/wp\/v2\/yst_prominent_words?post=56"}],"curies":[{"name":"wp","href":"https:\/\/api.w.org\/{rel}","templated":true}]}}