{"id":53,"date":"2014-09-08T13:38:14","date_gmt":"2014-09-08T12:38:14","guid":{"rendered":"http:\/\/equusline.hu\/?post_type=product&#038;p=53"},"modified":"2024-10-22T12:24:32","modified_gmt":"2024-10-22T11:24:32","slug":"sport-mix-zabmentes-muzli-kozepes-terheleshez","status":"publish","type":"product","link":"https:\/\/equusline.hu\/sk\/termek\/sport-mix-zabmentes-muzli-kozepes-terheleshez\/","title":{"rendered":"\u0160port Mix bez ovsa m\u00fcsli 20 kg"},"content":{"rendered":"<div>M\u00fcsli bez ovsa pre \u0161portov\u00e9 kone pri strednej z\u00e1\u0165a\u017ei, kone v tr\u00e9ningu a pravidelne pracuj\u00face hobby kone. Ekonomick\u00e9 z\u00e1kladn\u00e9 krmivo doplnen\u00e9 vl\u00e1kninov\u00fdm krmivom. V kombin\u00e1cii s komplexn\u00fdm vitam\u00ednov\u00fdm doplnkom posta\u010duje aj na \u0165a\u017ek\u00fa pr\u00e1cu.<\/div>\n<div>Denn\u00e1 d\u00e1vka: 1,00 kg - 3,00 kg v z\u00e1vislosti od ve\u013ekosti ko\u0148a, za\u0165a\u017eenia a mno\u017estva a zlo\u017eenia ostatn\u00fdch krm\u00edv.<\/div>\n<div><\/div>\n<div><strong>ZLO\u017dENIE:<\/strong><\/div>\n<div><\/div>\n<div>Str\u00e1vite\u013en\u00e1 energia: 2591,953 Kcal\/kg<\/div>\n<div><\/div>\n<div>P\u0161eni\u010dn\u00e9 otruby, lucerna, s\u00f3jov\u00e9 vlo\u010dky, su\u0161en\u00e9 semen\u00e1 sv\u00e4toj\u00e1nskeho chleba, kukuri\u010dn\u00e9 vlo\u010dky, ja\u010dmenn\u00e9 vlo\u010dky, k\u0155mna v\u00e1penat\u00e1 pr\u00edsada, palmov\u00fd olej, melasa z cukrovej trstiny, chlorid sodn\u00fd (so\u013e).<\/div>\n<div><\/div>\n<div>Surov\u00fd prote\u00edn - 12,90 %<br \/>\nSurov\u00fd olej a surov\u00fd tuk 3,40 %<br \/>\nHrub\u00e1 vl\u00e1knina - 14,70 %<br \/>\nSurov\u00fd popol - 8,50 %<br \/>\nV\u00e1pnik - 1,27 %<br \/>\nFosfor - 0,58 %<br \/>\nSod\u00edk - 0,34 %<\/div>\n<div>Tvrdidlo: 16,71%<br \/>\nCukor: 6,73%<\/div>\n<p><strong>Vitam\u00edny, provitam\u00edny a in\u00e9 l\u00e1tky<\/strong><\/p>\n<p>Vitam\u00edn A - 8 129,00 IU\/kg<br \/>\nVitam\u00edn D3 - 813,00 IU\/kg<br \/>\nVitam\u00edn E (alfa-tokoferol) - 81,30 mg\/Kg<br \/>\nVitam\u00edn B1 - 4,10 mg\/Kg<br \/>\nVitam\u00edn B2 - 2,44 mg\/Kg<br \/>\nVitam\u00edn B12 - 12,20 mcgr\/Kg<br \/>\nVitam\u00edn K - 1,60 mg\/Kg<br \/>\nBiot\u00edn - 0,30 mg\/Kg<br \/>\nKyselina listov\u00e1 - 0,80 mg\/Kg<br \/>\nChol\u00ednchlorid - 181,00 mg\/Kg<br \/>\nNiac\u00edn - 6,50 mg\/Kg<br \/>\nKyselina pantot\u00e9nov\u00e1 (vitam\u00edn B5) - 4,10 mg\/Kg<\/p>\n<p><strong>Makro a mikroelementy<\/strong><\/p>\n<p>\u017delezo (uhli\u010ditan \u017eelezit\u00fd) - 54,20 mg\/Kg<br \/>\nJ\u00f3d (jodid draseln\u00fd) - 0,50 mg\/kg<br \/>\nKobalt (monohydr\u00e1t uhli\u010ditanu kobaltnat\u00e9ho) - 0,45 mg\/kg<br \/>\nMe\u010f (pentahydr\u00e1t s\u00edranu me\u010fnat\u00e9ho) - 9,00 mg\/kg<br \/>\nMang\u00e1n (oxid mangani\u010dit\u00fd) - 36,10 mg\/kg<br \/>\nZinok (monohydr\u00e1t s\u00edranu zino\u010dnat\u00e9ho) - 54,20 mg\/kg<br \/>\nSel\u00e9n (sel\u00e9n seleni\u010ditan) - 0,09 mg\/kg<\/p>\n<p>Balenie: 20 kg vrece<\/p>","protected":false},"excerpt":{"rendered":"<p>M\u00fcsli bez ovsa pre \u0161portov\u00e9 kone pri strednej z\u00e1\u0165a\u017ei, kone v tr\u00e9ningu a hobby kone. \u00dasporn\u00e9 z\u00e1kladn\u00e9 krmivo.<\/p>\n<p>&nbsp;<\/p>","protected":false},"featured_media":6524,"comment_status":"open","ping_status":"closed","template":"","meta":{"_et_pb_use_builder":"","_et_pb_old_content":"","_et_gb_content_width":""},"product_brand":[],"product_cat":[69],"product_tag":[19,101,18,17,24,66,34,16],"yst_prominent_words":[],"class_list":{"0":"post-53","1":"product","2":"type-product","3":"status-publish","4":"has-post-thumbnail","6":"product_cat-egyeb","7":"product_tag-equusline","8":"product_tag-equuslinetransylvania","9":"product_tag-lotap","10":"product_tag-muzli-lovaknak","11":"product_tag-sport-muzli","12":"product_tag-sportlovak","13":"product_tag-takarmany","14":"product_tag-zabmentes-muzli","16":"first","17":"instock","18":"shipping-taxable","19":"purchasable","20":"product-type-simple"},"_links":{"self":[{"href":"https:\/\/equusline.hu\/sk\/wp-json\/wp\/v2\/product\/53","targetHints":{"allow":["GET"]}}],"collection":[{"href":"https:\/\/equusline.hu\/sk\/wp-json\/wp\/v2\/product"}],"about":[{"href":"https:\/\/equusline.hu\/sk\/wp-json\/wp\/v2\/types\/product"}],"replies":[{"embeddable":true,"href":"https:\/\/equusline.hu\/sk\/wp-json\/wp\/v2\/comments?post=53"}],"wp:featuredmedia":[{"embeddable":true,"href":"https:\/\/equusline.hu\/sk\/wp-json\/wp\/v2\/media\/6524"}],"wp:attachment":[{"href":"https:\/\/equusline.hu\/sk\/wp-json\/wp\/v2\/media?parent=53"}],"wp:term":[{"taxonomy":"product_brand","embeddable":true,"href":"https:\/\/equusline.hu\/sk\/wp-json\/wp\/v2\/product_brand?post=53"},{"taxonomy":"product_cat","embeddable":true,"href":"https:\/\/equusline.hu\/sk\/wp-json\/wp\/v2\/product_cat?post=53"},{"taxonomy":"product_tag","embeddable":true,"href":"https:\/\/equusline.hu\/sk\/wp-json\/wp\/v2\/product_tag?post=53"},{"taxonomy":"yst_prominent_words","embeddable":true,"href":"https:\/\/equusline.hu\/sk\/wp-json\/wp\/v2\/yst_prominent_words?post=53"}],"curies":[{"name":"wp","href":"https:\/\/api.w.org\/{rel}","templated":true}]}}