{"id":520,"date":"2020-01-13T12:00:23","date_gmt":"2020-01-13T11:00:23","guid":{"rendered":"http:\/\/equusline.hu\/?post_type=product&#038;p=520"},"modified":"2024-10-22T12:23:51","modified_gmt":"2024-10-22T11:23:51","slug":"senior-pellet-alaptakarmany-idos-lovak-szamara-20-kg","status":"publish","type":"product","link":"https:\/\/equusline.hu\/sk\/termek\/senior-pellet-alaptakarmany-idos-lovak-szamara-20-kg\/","title":{"rendered":"Granulovan\u00e9 krmivo pre star\u0161ie kone 20 kg"},"content":{"rendered":"<div>Kompletn\u00e9, ekonomick\u00e9 z\u00e1kladn\u00e9 krmivo vo forme peliet pre star\u00e9 kone. Je vyroben\u00fd pre starn\u00face kone s \u013eahko vyu\u017eite\u013en\u00fdm a str\u00e1vite\u013en\u00fdm obsahom bielkov\u00edn, d\u00f4le\u017eit\u00fdch miner\u00e1lov, aminokysel\u00edn, stopov\u00fdch prvkov a vitam\u00ednov. M\u00f4\u017ee sa k\u0155mi\u0165 aj namo\u010den\u00fd, ak je u\u017e \u017euvanie n\u00e1ro\u010dn\u00e9.<\/div>\n<div>Denn\u00e1 d\u00e1vka: 1 kg - 3 kg v z\u00e1vislosti od ve\u013ekosti ko\u0148a, z\u00e1\u0165a\u017ee a mno\u017estva a zlo\u017eenia ostatnej potravy.<\/div>\n<div><\/div>\n<div><strong>ZLO\u017dENIE:<\/strong><\/div>\n<div><\/div>\n<div>Str\u00e1vite\u013en\u00e1 energia: 2645 Kcal\/kg<\/div>\n<div><\/div>\n<div>Ovos, p\u0161eni\u010dn\u00e9 otruby, lucerna, s\u00f3ja vo vlo\u010dk\u00e1ch, kukuri\u010dn\u00e9 vlo\u010dky, ja\u010dme\u0148, melasa z trstinov\u00e9ho cukru, pr\u00edsada do k\u0155mneho v\u00e1pna, olej z palmov\u00fdch jadier, chlorid sodn\u00fd (so\u013e).<\/div>\n<p>Surov\u00fd prote\u00edn - 13,00 %<br \/>\nRopa a surov\u00fd tuk - 3,60 %<br \/>\nHrub\u00e1 vl\u00e1knina - 12,70 %<br \/>\nSurov\u00fd popol - 8,20 %<br \/>\nV\u00e1pnik - 0,84 %<br \/>\nFosfor - 0,49 %<br \/>\nSod\u00edk - 0,41 %<\/p>\n<p>\u0160krob: 24,941 TP3T<br \/>\nCukor: 3,761 TP3T<\/p>\n<table style=\"height: 688px;\" width=\"603\">\n<tbody>\n<tr>\n<td colspan=\"3\" width=\"269\"><strong>\u00a0<\/strong><strong><u>Vitam\u00edny, provitam\u00edny<\/u><\/strong><\/td>\n<td colspan=\"4\" width=\"262\"><strong><u>Makro a mikroelementy<\/u><\/strong><\/td>\n<\/tr>\n<tr>\n<td width=\"194\">Vitam\u00edn A (3a672a)<\/td>\n<td width=\"38\">8.000<\/td>\n<td width=\"37\">IU\/kg<\/td>\n<td width=\"191\">\u017delezo (uhli\u010ditan \u017eelezit\u00fd) (3b101)<\/td>\n<td width=\"34\">48,00<\/td>\n<td colspan=\"2\" width=\"37\">mg\/kg<\/td>\n<\/tr>\n<tr>\n<td width=\"194\">Vitam\u00edn D3 (3a671)<\/td>\n<td width=\"38\">800<\/td>\n<td width=\"37\">IU\/kg<\/td>\n<td width=\"191\">J\u00f3d (jodid draseln\u00fd) (3b201)<\/td>\n<td width=\"34\">0,40<\/td>\n<td colspan=\"2\" width=\"37\">mg\/kg<\/td>\n<\/tr>\n<tr>\n<td width=\"194\">Vitam\u00edn E (3a700)<\/td>\n<td width=\"38\">40,0<\/td>\n<td width=\"37\">mg\/kg<\/td>\n<td rowspan=\"2\" width=\"191\">Kobalt (uhli\u010ditan kobaltnat\u00fd (II) monohydr\u00e1t (3b304)<\/td>\n<td rowspan=\"2\" width=\"34\">0,16<\/td>\n<td colspan=\"2\" rowspan=\"2\" width=\"37\">mg\/kg<\/td>\n<\/tr>\n<tr>\n<td width=\"194\">Vitam\u00edn B1 (3a820)<\/td>\n<td width=\"38\">4,00<\/td>\n<td width=\"37\">mg\/kg<\/td>\n<\/tr>\n<tr>\n<td width=\"194\">Vitam\u00edn B2<\/td>\n<td width=\"38\">2,40<\/td>\n<td width=\"37\">mg\/kg<\/td>\n<td width=\"191\">Me\u010f (pentahydr\u00e1t s\u00edranu me\u010fnat\u00e9ho) (E-4)<\/td>\n<td width=\"34\">8,00<\/td>\n<td colspan=\"2\" width=\"37\">mg\/kg<\/td>\n<\/tr>\n<tr>\n<td width=\"194\">Vitam\u00edn B12<\/td>\n<td width=\"38\">12,00<\/td>\n<td width=\"37\">ug\/kg<\/td>\n<td width=\"191\">Mang\u00e1n (oxid manganat\u00fd) (3b502)<\/td>\n<td width=\"34\">32,00<\/td>\n<td colspan=\"2\" width=\"37\">mg\/kg<\/td>\n<\/tr>\n<tr>\n<td width=\"194\">Vitam\u00edn K3 (3a711)<\/td>\n<td width=\"38\">1,60<\/td>\n<td width=\"37\">mg\/kg<\/td>\n<td width=\"191\">Zinok (oxid zino\u010dnat\u00fd) (3b603)<\/td>\n<td width=\"34\">40,00<\/td>\n<td colspan=\"2\" width=\"37\">mg\/kg<\/td>\n<\/tr>\n<tr>\n<td width=\"194\">Biot\u00edn (3a880)<\/td>\n<td width=\"38\">0,16<\/td>\n<td width=\"37\">mg\/kg<\/td>\n<td width=\"191\">Zinok (chel\u00e1t zinku) (3b610)<\/td>\n<td width=\"34\">16,00<\/td>\n<td colspan=\"2\" width=\"37\">mg\/kg<\/td>\n<\/tr>\n<tr>\n<td width=\"194\">Kyselina listov\u00e1 (3a316)<\/td>\n<td width=\"38\">0,80<\/td>\n<td width=\"37\">mg\/kg<\/td>\n<td width=\"191\">Sel\u00e9n (sel\u00e9n seleni\u010ditan) (E-8)<\/td>\n<td width=\"34\">0,08<\/td>\n<td colspan=\"2\" width=\"37\">mg\/kg<\/td>\n<\/tr>\n<tr>\n<td width=\"194\">Chol\u00ednchlorid (3a890)<\/td>\n<td width=\"38\">160,0<\/td>\n<td width=\"37\">mg\/kg<\/td>\n<td rowspan=\"2\" width=\"191\">Selenometion\u00edn (organick\u00fd sel\u00e9n S. Cerevisiae NCYC R397 (inaktivovan\u00e9 sel\u00e9nov\u00e9 kvasinky) (3b811)<\/td>\n<td rowspan=\"2\" width=\"34\">0,08<\/td>\n<td colspan=\"2\" rowspan=\"2\" width=\"37\">mg\/kg<\/td>\n<\/tr>\n<tr>\n<td width=\"194\">Kyselina nikot\u00ednov\u00e1 (3a314)<\/td>\n<td width=\"38\">6,40<\/td>\n<td width=\"37\">mg\/kg<\/td>\n<\/tr>\n<tr>\n<td width=\"194\">Pantoten\u00e1t v\u00e1penat\u00fd (vitam\u00edn B5) (3a841)<\/td>\n<td width=\"38\">4,00<\/td>\n<td width=\"37\">mg\/kg<\/td>\n<td colspan=\"4\" width=\"262\"><strong><u>Konzerva\u010dn\u00e9 l\u00e1tky<\/u><\/strong><\/td>\n<\/tr>\n<tr>\n<td colspan=\"3\" width=\"269\"><strong><u>Antioxidanty<\/u><\/strong><\/td>\n<td width=\"191\">Kyselina citr\u00f3nov\u00e1 (E-330)<\/td>\n<td width=\"34\">11,04<\/td>\n<td colspan=\"2\" width=\"37\">mg\/kg<\/td>\n<\/tr>\n<tr>\n<td width=\"194\">BHT(E-321)<\/td>\n<td width=\"38\">3,20<\/td>\n<td width=\"37\">mg\/kg<\/td>\n<td width=\"191\">Citran sodn\u00fd (E-331)<\/td>\n<td width=\"34\">0,32<\/td>\n<td colspan=\"2\" width=\"37\">mg\/kg<\/td>\n<\/tr>\n<tr>\n<td width=\"194\"><strong>\u00a0<\/strong><\/td>\n<td width=\"38\"><strong>\u00a0<\/strong><\/td>\n<td width=\"37\"><strong>\u00a0<\/strong><\/td>\n<td colspan=\"4\" width=\"262\"><strong><u>Spojiv\u00e1<\/u><\/strong><\/td>\n<\/tr>\n<tr>\n<td width=\"194\"><strong>\u00a0<\/strong><\/td>\n<td width=\"38\"><strong>\u00a0<\/strong><\/td>\n<td width=\"37\"><strong>\u00a0<\/strong><\/td>\n<td width=\"191\">Sepiolit (E-562)<\/td>\n<td width=\"34\">0,048<\/td>\n<td colspan=\"2\" width=\"37\">%<\/td>\n<\/tr>\n<tr>\n<td width=\"194\"><strong>\u00a0<\/strong><\/td>\n<td width=\"38\"><strong>\u00a0<\/strong><\/td>\n<td width=\"37\"><strong>\u00a0<\/strong><\/td>\n<td colspan=\"4\" width=\"262\"><strong>\u00a0\u00a0\u00a0\u00a0\u00a0\u00a0\u00a0\u00a0\u00a0\u00a0\u00a0\u00a0\u00a0\u00a0\u00a0\u00a0\u00a0\u00a0\u00a0\u00a0\u00a0\u00a0\u00a0 <u>Aminokyseliny a ich soli<\/u><\/strong><\/td>\n<\/tr>\n<tr>\n<td width=\"194\"><strong>\u00a0<\/strong><\/td>\n<td width=\"38\"><strong>\u00a0<\/strong><\/td>\n<td width=\"37\"><strong>\u00a0<\/strong><\/td>\n<td width=\"191\">DL metion\u00edn (3c301)<\/td>\n<td colspan=\"2\" width=\"35\">0,016<\/td>\n<td width=\"36\">%<\/td>\n<\/tr>\n<\/tbody>\n<\/table>\n<p>Balenie: 20 kg vrece<\/p>","protected":false},"excerpt":{"rendered":"<p>Kompletn\u00e9, ekonomick\u00e9 z\u00e1kladn\u00e9 krmivo vo forme peliet pre star\u00e9 kone<\/p>\n<p>&nbsp;<\/p>","protected":false},"featured_media":6519,"comment_status":"open","ping_status":"closed","template":"","meta":{"_et_pb_use_builder":"","_et_pb_old_content":"","_et_gb_content_width":""},"product_brand":[],"product_cat":[69],"product_tag":[19,101,42,64,18,17,26,61,34,60],"yst_prominent_words":[],"class_list":{"0":"post-520","1":"product","2":"type-product","3":"status-publish","4":"has-post-thumbnail","6":"product_cat-egyeb","7":"product_tag-equusline","8":"product_tag-equuslinetransylvania","9":"product_tag-idos-lovak","10":"product_tag-lotakarmany","11":"product_tag-lotap","12":"product_tag-muzli-lovaknak","13":"product_tag-pellet","14":"product_tag-senior","15":"product_tag-takarmany","16":"product_tag-veteran","18":"first","19":"instock","20":"shipping-taxable","21":"purchasable","22":"product-type-simple"},"_links":{"self":[{"href":"https:\/\/equusline.hu\/sk\/wp-json\/wp\/v2\/product\/520","targetHints":{"allow":["GET"]}}],"collection":[{"href":"https:\/\/equusline.hu\/sk\/wp-json\/wp\/v2\/product"}],"about":[{"href":"https:\/\/equusline.hu\/sk\/wp-json\/wp\/v2\/types\/product"}],"replies":[{"embeddable":true,"href":"https:\/\/equusline.hu\/sk\/wp-json\/wp\/v2\/comments?post=520"}],"wp:featuredmedia":[{"embeddable":true,"href":"https:\/\/equusline.hu\/sk\/wp-json\/wp\/v2\/media\/6519"}],"wp:attachment":[{"href":"https:\/\/equusline.hu\/sk\/wp-json\/wp\/v2\/media?parent=520"}],"wp:term":[{"taxonomy":"product_brand","embeddable":true,"href":"https:\/\/equusline.hu\/sk\/wp-json\/wp\/v2\/product_brand?post=520"},{"taxonomy":"product_cat","embeddable":true,"href":"https:\/\/equusline.hu\/sk\/wp-json\/wp\/v2\/product_cat?post=520"},{"taxonomy":"product_tag","embeddable":true,"href":"https:\/\/equusline.hu\/sk\/wp-json\/wp\/v2\/product_tag?post=520"},{"taxonomy":"yst_prominent_words","embeddable":true,"href":"https:\/\/equusline.hu\/sk\/wp-json\/wp\/v2\/yst_prominent_words?post=520"}],"curies":[{"name":"wp","href":"https:\/\/api.w.org\/{rel}","templated":true}]}}