{"id":407,"date":"2017-04-10T17:09:26","date_gmt":"2017-04-10T16:09:26","guid":{"rendered":"http:\/\/equusline.hu\/termek\/super-pellet-alaptakarmany-vemhes-es-szoptato-kancak-szamara-20-kg\/"},"modified":"2024-10-22T12:24:08","modified_gmt":"2024-10-22T11:24:08","slug":"super-pellet-alaptakarmany-vemhes-es-szoptato-kancak-szamara-20-kg","status":"publish","type":"product","link":"https:\/\/equusline.hu\/sk\/termek\/super-pellet-alaptakarmany-vemhes-es-szoptato-kancak-szamara-20-kg\/","title":{"rendered":"Super pelety pre gravidn\u00e9 a doj\u010diace kobyly 20 kg"},"content":{"rendered":"<div>Z\u00e1kladn\u00e9 krmivo Super pelet je vyroben\u00e9 pre gravidn\u00e9 a doj\u010diace kobyly s vysokou energetickou hladinou, kvalitn\u00fdm obsahom str\u00e1vite\u013en\u00fdch bielkov\u00edn, v\u00e1pnikom a fosforom pre stavbu kost\u00ed a \u010fal\u0161\u00edch d\u00f4le\u017eit\u00fdch miner\u00e1lov, aminokysel\u00edn, stopov\u00fdch prvkov a vitam\u00ednov.<br \/>\nObsahuje tie\u017e palmov\u00fd olej, ktor\u00fd dod\u00e1va energiu navy\u0161e a via\u017ee prach.<\/div>\n<div><\/div>\n<div>Vynikaj\u00faci produkt pre klusav\u00e9 a cv\u00e1laj\u00face kone na s\u00fa\u0165a\u017eiach.<\/div>\n<div>Dopl\u0148te krmivom s vl\u00e1kninou.<\/div>\n<div><\/div>\n<div>Denn\u00e1 d\u00e1vka: 1,00 kg - 3,00 kg v z\u00e1vislosti od \u0161t\u00e1dia gravidity, ve\u013ekosti ko\u0148a, z\u00e1\u0165a\u017ee a mno\u017estva a zlo\u017eenia ostatnej potravy.<\/div>\n<div><\/div>\n<div><strong>ZLO\u017dENIE:<\/strong><\/div>\n<div><\/div>\n<div>Str\u00e1vite\u013en\u00e1 energia: 2840,1 Kcal\/kg<\/div>\n<div><\/div>\n<div>Ovos, ja\u010dme\u0148, p\u0161eni\u010dn\u00e9 otruby, lucerna, slne\u010dnicov\u00e9 semen\u00e1, kukuri\u010dn\u00e9 vlo\u010dky, s\u00f3ja vo vlo\u010dk\u00e1ch, m\u00faka z konsk\u00e9ho b\u00f4bu, melasa z trstinov\u00e9ho cukru, palmov\u00fd olej, fosfore\u010dnan v\u00e1penat\u00fd, pr\u00edsada do k\u0155mneho v\u00e1pna, chlorid sodn\u00fd (so\u013e).<\/div>\n<p>Surov\u00fd prote\u00edn - 13,40 %<br \/>\nRopa a surov\u00fd tuk - 3,00 %<br \/>\nHrub\u00e1 vl\u00e1knina - 10,30 %<br \/>\nSurov\u00fd popol - 8,80 %<br \/>\nV\u00e1pnik - 0,62 %<br \/>\nFosfor - 0,6 %<br \/>\nSod\u00edk - 0,41 %<\/p>\n<p>\u0160krob: 28,71 TP3T<br \/>\nCukor: 6,031 TP3T<\/p>\n<p><strong>Vitam\u00edny, provitam\u00edny a in\u00e9 l\u00e1tky<\/strong><\/p>\n<p>Vitam\u00edn A \u2013 9 000,00 IU\/kg<br \/>\nVitam\u00edn D3 \u2013 900,00 IU\/kg<br \/>\nVitam\u00edn E (alfa-tokoferol) \u2013 90,00 mg\/kg<br \/>\nVitam\u00edn B1 \u2013 4,50 mg\/kg<br \/>\nVitam\u00edn B2 \u2013 2,70 mg\/kg<br \/>\nVitam\u00edn B12 \u2013 13,60 mcg\/kg<br \/>\nVitam\u00edn K \u2013 1,80 mg\/kg<br \/>\nBiot\u00edn \u2013 0,40 mg\/kg<br \/>\nKyselina listov\u00e1 \u2013 1,00 mg\/kg<br \/>\nChol\u00ednchlorid \u2013 200,00 mg\/kg<br \/>\nNiac\u00edn \u2013 7,20 mg\/kg<br \/>\nKyselina pantot\u00e9nov\u00e1 (vitam\u00edn B5) \u2013 4,50 mg\/kg<\/p>\n<p><strong>Makro a mikroelementy<\/strong><\/p>\n<p>\u017delezo (uhli\u010ditan \u017eeleza) \u2013 60,00 mg\/kg<br \/>\nJ\u00f3d (jodid draseln\u00fd) \u2013 0,50 mg\/kg<br \/>\nKobalt (monohydr\u00e1t uhli\u010ditanu kobaltnat\u00e9ho) \u2013 0,50 mg\/kg<br \/>\nMe\u010f (pentahydr\u00e1t s\u00edranu me\u010fnat\u00e9ho) \u2013 10,00 mg\/kg<br \/>\nMang\u00e1n (oxid manganat\u00fd) \u2013 40,00 mg\/kg<br \/>\nZinok (monohydr\u00e1t s\u00edranu zino\u010dnat\u00e9ho) \u2013 60,00 mg\/kg<br \/>\nSel\u00e9n (sel\u00e9n seleni\u010ditan) \u2013 0,10 mg\/kg<\/p>\n<p>Balenie: 20 kg vrece<\/p>","protected":false},"excerpt":{"rendered":"<p>Z\u00e1kladn\u00e9 krmivo Super pelet je vyroben\u00e9 pre gravidn\u00e9 a doj\u010diace kobyly s vysokou energetickou hladinou, kvalitn\u00fdm obsahom str\u00e1vite\u013en\u00fdch bielkov\u00edn, v\u00e1pnikom a fosforom pre stavbu kost\u00ed a \u010fal\u0161\u00edch d\u00f4le\u017eit\u00fdch miner\u00e1lov, aminokysel\u00edn, stopov\u00fdch prvkov a vitam\u00ednov.<\/p>\n<p>&nbsp;<\/p>","protected":false},"featured_media":6521,"comment_status":"open","ping_status":"closed","template":"","meta":{"_et_pb_use_builder":"","_et_pb_old_content":"","_et_gb_content_width":""},"product_brand":[],"product_cat":[69],"product_tag":[19,101,18,17,24],"yst_prominent_words":[],"class_list":{"0":"post-407","1":"product","2":"type-product","3":"status-publish","4":"has-post-thumbnail","6":"product_cat-egyeb","7":"product_tag-equusline","8":"product_tag-equuslinetransylvania","9":"product_tag-lotap","10":"product_tag-muzli-lovaknak","11":"product_tag-sport-muzli","13":"first","14":"instock","15":"shipping-taxable","16":"purchasable","17":"product-type-simple"},"_links":{"self":[{"href":"https:\/\/equusline.hu\/sk\/wp-json\/wp\/v2\/product\/407","targetHints":{"allow":["GET"]}}],"collection":[{"href":"https:\/\/equusline.hu\/sk\/wp-json\/wp\/v2\/product"}],"about":[{"href":"https:\/\/equusline.hu\/sk\/wp-json\/wp\/v2\/types\/product"}],"replies":[{"embeddable":true,"href":"https:\/\/equusline.hu\/sk\/wp-json\/wp\/v2\/comments?post=407"}],"wp:featuredmedia":[{"embeddable":true,"href":"https:\/\/equusline.hu\/sk\/wp-json\/wp\/v2\/media\/6521"}],"wp:attachment":[{"href":"https:\/\/equusline.hu\/sk\/wp-json\/wp\/v2\/media?parent=407"}],"wp:term":[{"taxonomy":"product_brand","embeddable":true,"href":"https:\/\/equusline.hu\/sk\/wp-json\/wp\/v2\/product_brand?post=407"},{"taxonomy":"product_cat","embeddable":true,"href":"https:\/\/equusline.hu\/sk\/wp-json\/wp\/v2\/product_cat?post=407"},{"taxonomy":"product_tag","embeddable":true,"href":"https:\/\/equusline.hu\/sk\/wp-json\/wp\/v2\/product_tag?post=407"},{"taxonomy":"yst_prominent_words","embeddable":true,"href":"https:\/\/equusline.hu\/sk\/wp-json\/wp\/v2\/yst_prominent_words?post=407"}],"curies":[{"name":"wp","href":"https:\/\/api.w.org\/{rel}","templated":true}]}}