{"id":404,"date":"2017-03-13T16:33:42","date_gmt":"2017-03-13T15:33:42","guid":{"rendered":"http:\/\/equusline.hu\/termek\/lucerna-pellet\/"},"modified":"2024-10-11T16:04:13","modified_gmt":"2024-10-11T15:04:13","slug":"lucerna-pellet","status":"publish","type":"product","link":"https:\/\/equusline.hu\/sk\/termek\/lucerna-pellet\/","title":{"rendered":"Alfalfa pelety"},"content":{"rendered":"<p>Vysokokvalitn\u00e9 pelety vyroben\u00e9 z vybran\u00e9ho lucernov\u00e9ho sena, ktor\u00e9 je vynikaj\u00facim zdrojom vl\u00e1kniny. Denne su\u0161en\u00e9 lucernov\u00e9 pelety s obsahom bielkov\u00edn nad 15%, u\u017eito\u010dn\u00fd zdroj bielkov\u00edn, vynikaj\u00faci na pou\u017eitie ako doplnkov\u00e9 krmivo.<\/p>\n<p><strong>V\u00fdhoda:<\/strong><\/p>\n<ul>\n<li>bezpra\u0161n\u00e1, preto sa odpor\u00fa\u010da najm\u00e4 pre kone s d\u00fdchac\u00edmi probl\u00e9mami a alergiami,<\/li>\n<li>\u013eahko sa pod\u00e1va star\u00fdm, chor\u00fdm ko\u0148om, ko\u0148om s probl\u00e9mami s \u00fastami a zubami,<\/li>\n<li>bez buriny, plesn\u00ed, rozto\u010dov, hmyzu a zvierac\u00edch v\u00fdkalov,<\/li>\n<li>neobsahuje \u017eiadne spojivo,<\/li>\n<li>pri k\u0155men\u00ed sa menej plytv\u00e1,<\/li>\n<li>je jednoduch\u0161ie zmera\u0165 mno\u017estvo podan\u00e9ho krmiva,<\/li>\n<li>v\u00fdborn\u00e1 str\u00e1vite\u013enos\u0165,<\/li>\n<li>pom\u00e1ha chud\u00fdm ko\u0148om r\u00fdchlej\u0161ie nadobudn\u00fa\u0165 norm\u00e1lnu kond\u00edciu a mo\u017eno ich \u013eahko k\u0155mi\u0165 v\u00e4\u010d\u0161\u00edm mno\u017estvom,<\/li>\n<li>m\u00f4\u017ee sa pod\u00e1va\u0165 namo\u010den\u00e1 samostatne alebo vmie\u0161an\u00e1 do ka\u0161e,<\/li>\n<li>m\u00f4\u017eu by\u0165 zmie\u0161an\u00e9 s liekmi, doplnkov\u00fdmi krmivami,<\/li>\n<li>si zachov\u00e1va svoju svie\u017eos\u0165,<\/li>\n<li>menej miesta na uskladnenie,<\/li>\n<li>\u013eah\u0161ia preprava,<\/li>\n<\/ul>\n<p><strong>D\u00f4le\u017eit\u00e9<\/strong>: krmivo pod\u00e1vajte po tro\u0161k\u00e1ch, zav\u00e1dzajte ho postupne, odpor\u00fa\u010dame pri ka\u017edom k\u0155men\u00ed da\u0165 na vl\u00e1kninu nieko\u013eko z\u0155n, aby sa k\u00f4\u0148 nau\u010dil ho jes\u0165. Je lep\u0161ie pod\u00e1va\u0165 ho namo\u010den\u00e9. Ak k\u00f4\u0148 nem\u00e1 k dispoz\u00edcii vodu, d\u00f4razne odpor\u00fa\u010dame nam\u00e1\u010danie.<\/p>\n<table width=\"289\">\n<tbody>\n<tr>\n<td width=\"225\"><strong>Anal\u00fdza:<\/strong><\/td>\n<td width=\"64\"><\/td>\n<\/tr>\n<tr>\n<td>Obsah su\u0161iny:<\/td>\n<td>93,5%<\/td>\n<\/tr>\n<tr>\n<td>Hrub\u00fd prote\u00edn:<\/td>\n<td>15,4%<\/td>\n<\/tr>\n<tr>\n<td>Hrub\u00e1 vl\u00e1knina:<\/td>\n<td>31,71%<\/td>\n<\/tr>\n<tr>\n<td>V\u00e1pnik:<\/td>\n<td>1,6%<\/td>\n<\/tr>\n<tr>\n<td>Fosfor:<\/td>\n<td>0,24%<\/td>\n<\/tr>\n<\/tbody>\n<\/table>\n<p><strong>Odpor\u00fa\u010dan\u00e9 d\u00e1vkovanie:<\/strong> na doplnenie dennej d\u00e1vky vl\u00e1kniny od 200 g do 2 kg denne pod\u013ea individu\u00e1lnej chuti a potreby. Na doplnenie celkov\u00e9ho denn\u00e9ho mno\u017estva vl\u00e1kniny pribli\u017ene 1-1,5 kg na 100 kg telesnej hmotnosti na kg.<\/p>\n<p><strong>Ukladanie<\/strong>: na suchom mieste.<br \/>\n<strong>Balenie<\/strong>: v 15 kg vreciach<br \/>\nZachov\u00e1va si svoju kvalitu 1 rok od d\u00e1tumu v\u00fdroby.<\/p>","protected":false},"excerpt":{"rendered":"<p>Vysokokvalitn\u00e9 pelety vyroben\u00e9 z vybran\u00e9ho lucernov\u00e9ho sena, ktor\u00e9 je vynikaj\u00facim zdrojom vl\u00e1kniny. Denne su\u0161en\u00e9 lucernov\u00e9 pelety s obsahom bielkov\u00edn nad 15%, u\u017eito\u010dn\u00fd zdroj bielkov\u00edn, vynikaj\u00faci na pou\u017eitie ako doplnkov\u00e9 krmivo.<\/p>","protected":false},"featured_media":402,"comment_status":"open","ping_status":"closed","template":"","meta":{"_et_pb_use_builder":"","_et_pb_old_content":"","_et_gb_content_width":""},"product_brand":[],"product_cat":[69],"product_tag":[46,48,47,101,45,41,42,40,49,43,44,38,59,37],"yst_prominent_words":[],"class_list":{"0":"post-404","1":"product","2":"type-product","3":"status-publish","4":"has-post-thumbnail","6":"product_cat-egyeb","7":"product_tag-allegia","8":"product_tag-asztma","9":"product_tag-copd","10":"product_tag-equuslinetransylvania","11":"product_tag-feherjepotlas","12":"product_tag-fogproblema","13":"product_tag-idos-lovak","14":"product_tag-kehes","15":"product_tag-kehesseg","16":"product_tag-lucerna","17":"product_tag-lucerna-pellet","18":"product_tag-pormentes","19":"product_tag-rao","20":"product_tag-rost","22":"first","23":"instock","24":"shipping-taxable","25":"purchasable","26":"product-type-simple"},"_links":{"self":[{"href":"https:\/\/equusline.hu\/sk\/wp-json\/wp\/v2\/product\/404","targetHints":{"allow":["GET"]}}],"collection":[{"href":"https:\/\/equusline.hu\/sk\/wp-json\/wp\/v2\/product"}],"about":[{"href":"https:\/\/equusline.hu\/sk\/wp-json\/wp\/v2\/types\/product"}],"replies":[{"embeddable":true,"href":"https:\/\/equusline.hu\/sk\/wp-json\/wp\/v2\/comments?post=404"}],"wp:featuredmedia":[{"embeddable":true,"href":"https:\/\/equusline.hu\/sk\/wp-json\/wp\/v2\/media\/402"}],"wp:attachment":[{"href":"https:\/\/equusline.hu\/sk\/wp-json\/wp\/v2\/media?parent=404"}],"wp:term":[{"taxonomy":"product_brand","embeddable":true,"href":"https:\/\/equusline.hu\/sk\/wp-json\/wp\/v2\/product_brand?post=404"},{"taxonomy":"product_cat","embeddable":true,"href":"https:\/\/equusline.hu\/sk\/wp-json\/wp\/v2\/product_cat?post=404"},{"taxonomy":"product_tag","embeddable":true,"href":"https:\/\/equusline.hu\/sk\/wp-json\/wp\/v2\/product_tag?post=404"},{"taxonomy":"yst_prominent_words","embeddable":true,"href":"https:\/\/equusline.hu\/sk\/wp-json\/wp\/v2\/yst_prominent_words?post=404"}],"curies":[{"name":"wp","href":"https:\/\/api.w.org\/{rel}","templated":true}]}}