{"id":395,"date":"2017-01-02T11:16:56","date_gmt":"2017-01-02T10:16:56","guid":{"rendered":"http:\/\/equusline.hu\/termekek\/optima-pellet-alaptakarmany-csikok-szamara-20-kg\/"},"modified":"2024-10-22T12:24:16","modified_gmt":"2024-10-22T11:24:16","slug":"optima-pellet-alaptakarmany-csikok-szamara-20-kg","status":"publish","type":"product","link":"https:\/\/equusline.hu\/sk\/termek\/optima-pellet-alaptakarmany-csikok-szamara-20-kg\/","title":{"rendered":"Optima pelety z\u00e1kladn\u00e9 krmivo pre \u017erieb\u00e4t\u00e1 20 kg"},"content":{"rendered":"<div>Kompletn\u00e9, ekonomick\u00e9 z\u00e1kladn\u00e9 krmivo vo forme gran\u00fal pre \u017erieb\u00e4t\u00e1 od 4 mesiacov do 2 rokov.<\/div>\n<div>Optim\u00e1lna hladina energie, vysokokvalitn\u00e9 str\u00e1vite\u013en\u00e9 bielkoviny, v\u00e1pnik - fosfor - budovanie kost\u00ed a \u010fal\u0161ie d\u00f4le\u017eit\u00e9 miner\u00e1ly, aminokyseliny, stopov\u00e9 prvky a vitam\u00edny.<\/div>\n<div><\/div>\n<div>Denn\u00e1 d\u00e1vka: 0,25 kg - 4,00 kg v z\u00e1vislosti od veku a ve\u013ekosti \u017erieb\u00e4t a od mno\u017estva a zlo\u017eenia ostatn\u00fdch krm\u00edv.<\/div>\n<div><\/div>\n<div><strong>Odpor\u00fa\u010dan\u00e9 d\u00e1vkovanie:<\/strong><\/div>\n<div>pribli\u017ene od 3 mesiacov veku, po postupnom zav\u00e1dzan\u00ed, spo\u010diatku 0,25 kg, ktor\u00e9 sa m\u00f4\u017ee zv\u00fd\u0161i\u0165 na 1 kg\/de\u0148 od 6 mesiacov veku.<\/div>\n<div>1-2 kg vo veku 6-12 mesiacov,<\/div>\n<div>Vo veku 1-2 rokov sa odpor\u00fa\u010da k\u0155mi\u0165 2-4 kg s najmenej 2 k\u0155meniami denne.<\/div>\n<div>Pridajte kvalitn\u00e9 vl\u00e1kninov\u00e9 krmivo.<\/div>\n<div>Ovsen\u00e9 vlo\u010dky m\u00f4\u017eete prida\u0165 pod\u013ea individu\u00e1lnych potrieb. Pre maxim\u00e1lnu silu a zdrav\u00fd v\u00fdvoj odpor\u00fa\u010dame tie\u017e <a href=\"http:\/\/equimins.hu\/index.php?mact=Products,cntnt01,details,0&amp;cntnt01productid=126&amp;cntnt01returnid=18\" target=\"_blank\" rel=\"noopener\">Equimins Young Stock<\/a> alebo <a href=\"http:\/\/equimins.hu\/index.php?mact=Products,cntnt01,details,0&amp;cntnt01productid=25&amp;cntnt01returnid=18\" target=\"_blank\" rel=\"noopener\">Advance <\/a>prikrmovanie v\u0161etk\u00fdch \u017erieb\u00e4t u\u017e od 14 dn\u00ed po naroden\u00ed v mno\u017estve 10 g\/de\u0148.<\/div>\n<div><\/div>\n<div><strong>ZLO\u017dENIE:<\/strong><\/div>\n<div><\/div>\n<div>Str\u00e1vite\u013en\u00e1 energia: 2645,875 Kcal\/kg<\/div>\n<div><\/div>\n<div>Ovos, p\u0161eni\u010dn\u00e9 otruby, lucerna, s\u00f3jov\u00e9 vlo\u010dky, kukuri\u010dn\u00e9 vlo\u010dky, ja\u010dme\u0148, melasa z trstinov\u00e9ho cukru, pr\u00edsada k\u0155mneho v\u00e1pna, palmov\u00fd olej, chlorid sodn\u00fd (so\u013e).<\/div>\n<p>Surov\u00fd prote\u00edn - 13,00 %<br \/>\nRopa a surov\u00fd tuk - 3,60 %<br \/>\nHrub\u00e1 vl\u00e1knina - 12,70 %<br \/>\nSurov\u00fd popol - 8,20 %<br \/>\nV\u00e1pnik - 0,84 %<br \/>\nFosfor - 0,49 %<br \/>\nSod\u00edk - 0,41 %<\/p>\n<p>\u0160krob: 24,941 TP3T<br \/>\nCukor: 3,761 TP3T<\/p>\n<p><strong>Vitam\u00edny, provitam\u00edny a in\u00e9 l\u00e1tky<\/strong><\/p>\n<p>Vitam\u00edn A - 4 500,00 IU\/kg<br \/>\nVitam\u00edn D3 - 450,00 IU\/kg<br \/>\nVitam\u00edn E (alfa-tokoferol) - 45,00 mg\/Kg<br \/>\nVitam\u00edn B1 - 2,30 mg\/Kg<br \/>\nVitam\u00edn B2 - 1,35 mg\/Kg<br \/>\nVitam\u00edn B12 - 6,80 mcgr\/Kg<br \/>\nVitam\u00edn K - 0,90 mg\/Kg<br \/>\nBiot\u00edn - 0,20 mg\/Kg<br \/>\nKyselina listov\u00e1 - 0,45 mg\/Kg<br \/>\nChol\u00ednchlorid - 100 mg\/Kg<br \/>\nNiac\u00edn - 3,60 mg\/Kg<br \/>\nKyselina pantot\u00e9nov\u00e1 (vitam\u00edn B5) - 2,30 mg\/Kg<\/p>\n<p><strong>Mikro a makro prvky<\/strong><\/p>\n<p>\u017delezo (uhli\u010ditan \u017eelezit\u00fd) - 30,00 mg\/Kg<br \/>\nJ\u00f3d (jodid draseln\u00fd) - 0,30 mg\/kg<br \/>\nKobalt (monohydr\u00e1t uhli\u010ditanu kobaltnat\u00e9ho) - 0,25 mg\/kg<br \/>\nMe\u010f (pentahydr\u00e1t s\u00edranu me\u010fnat\u00e9ho) - 5,00 mg\/kg<br \/>\nMang\u00e1n (oxid mangani\u010dit\u00fd) - 20,00 mg\/kg<br \/>\nZinok (monohydr\u00e1t s\u00edranu zino\u010dnat\u00e9ho) - 30,00 mg\/kg<br \/>\nSel\u00e9n (sel\u00e9n seleni\u010ditan) - 0,05 mg\/kg<\/p>\n<p>Balenie: 20 kg vrece<\/p>","protected":false},"excerpt":{"rendered":"<p>Optim\u00e1lna \u00farove\u0148 energie vo forme kompletn\u00fdch, ekonomick\u00fdch z\u00e1kladn\u00fdch gran\u00fal pre \u017erieb\u00e4t\u00e1 od 4 mesiacov do 2 rokov.<\/p>\n<p>&nbsp;<\/p>","protected":false},"featured_media":6522,"comment_status":"open","ping_status":"closed","template":"","meta":{"_et_pb_use_builder":"","_et_pb_old_content":"","_et_gb_content_width":""},"product_brand":[],"product_cat":[69],"product_tag":[21,19,101,18,17,22],"yst_prominent_words":[],"class_list":{"0":"post-395","1":"product","2":"type-product","3":"status-publish","4":"has-post-thumbnail","6":"product_cat-egyeb","7":"product_tag-csikotap","8":"product_tag-equusline","9":"product_tag-equuslinetransylvania","10":"product_tag-lotap","11":"product_tag-muzli-lovaknak","12":"product_tag-optima","14":"first","15":"instock","16":"shipping-taxable","17":"purchasable","18":"product-type-simple"},"_links":{"self":[{"href":"https:\/\/equusline.hu\/sk\/wp-json\/wp\/v2\/product\/395","targetHints":{"allow":["GET"]}}],"collection":[{"href":"https:\/\/equusline.hu\/sk\/wp-json\/wp\/v2\/product"}],"about":[{"href":"https:\/\/equusline.hu\/sk\/wp-json\/wp\/v2\/types\/product"}],"replies":[{"embeddable":true,"href":"https:\/\/equusline.hu\/sk\/wp-json\/wp\/v2\/comments?post=395"}],"wp:featuredmedia":[{"embeddable":true,"href":"https:\/\/equusline.hu\/sk\/wp-json\/wp\/v2\/media\/6522"}],"wp:attachment":[{"href":"https:\/\/equusline.hu\/sk\/wp-json\/wp\/v2\/media?parent=395"}],"wp:term":[{"taxonomy":"product_brand","embeddable":true,"href":"https:\/\/equusline.hu\/sk\/wp-json\/wp\/v2\/product_brand?post=395"},{"taxonomy":"product_cat","embeddable":true,"href":"https:\/\/equusline.hu\/sk\/wp-json\/wp\/v2\/product_cat?post=395"},{"taxonomy":"product_tag","embeddable":true,"href":"https:\/\/equusline.hu\/sk\/wp-json\/wp\/v2\/product_tag?post=395"},{"taxonomy":"yst_prominent_words","embeddable":true,"href":"https:\/\/equusline.hu\/sk\/wp-json\/wp\/v2\/yst_prominent_words?post=395"}],"curies":[{"name":"wp","href":"https:\/\/api.w.org\/{rel}","templated":true}]}}