{"id":388,"date":"2016-11-11T10:45:06","date_gmt":"2016-11-11T09:45:06","guid":{"rendered":"http:\/\/equusline.hu\/termekek\/digest-pellet-az-emesztorendszer-mukodest-tamogato-teljes-erteku-takarmany-20-kg\/"},"modified":"2024-10-22T12:24:25","modified_gmt":"2024-10-22T11:24:25","slug":"digest-pellet-az-emesztorendszer-mukodest-tamogato-teljes-erteku-takarmany-20-kg","status":"publish","type":"product","link":"https:\/\/equusline.hu\/sk\/termek\/digest-pellet-az-emesztorendszer-mukodest-tamogato-teljes-erteku-takarmany-20-kg\/","title":{"rendered":"Digest pelety kompletn\u00e9 krmivo podporuj\u00face tr\u00e1viaci syst\u00e9m 20 kg"},"content":{"rendered":"<p>\u0160peci\u00e1lne kompletn\u00e9 krmivo vo forme peliet, ktor\u00e9 podporuje \u010dinnos\u0165 tr\u00e1viaceho syst\u00e9mu. Ekonomick\u00e9 z\u00e1kladn\u00e9 krmivo s vysok\u00fdm obsahom bielkov\u00edn a vl\u00e1kniny. Odpor\u00fa\u010da sa pre kone s probl\u00e9mami tr\u00e1viaceho syst\u00e9mu, s pr\u00edznakmi \u017eal\u00fado\u010dn\u00fdch vredov, so sklonom k kolik\u00e1m a pre star\u0161ie kone. Pridajte k tomu vl\u00e1knit\u00e9 krmivo. Odpor\u00fa\u010dan\u00e1 denn\u00e1 d\u00e1vka: 1,00 kg - 3,00 kg v z\u00e1vislosti od ve\u013ekosti ko\u0148a a z\u00e1\u0165a\u017ee. V\u00fdhodou ve\u013ek\u00fdch peliet je, \u017ee povzbudzuj\u00fa ko\u0148a k \u017euvaniu, \u010d\u00edm sa zvy\u0161uje produkcia sl\u00edn a tr\u00e1viacich \u0161tiav. V pr\u00edpade kon\u00ed je po\u010det ma\u0161k\u0155t cca. 1500-3000 \u017euva\u010diek\/kg v z\u00e1vislosti od druhu krmiva a denn\u00e1 produkcia sl\u00edn je cca. 40 litrov.<\/p>\n<p><strong> ZLO\u017dENIE:<\/strong><\/p>\n<p>Str\u00e1vite\u013en\u00e1 energia: 2386,8 Kcal\/kg<\/p>\n<p>Ovos, p\u0161eni\u010dn\u00e9 otruby, s\u00f3jov\u00e9 vlo\u010dky, lucerna, kukuri\u010dn\u00e9 vlo\u010dky, melasa z cukrovej trstiny, ja\u010dme\u0148, pr\u00edsada do k\u0155mneho v\u00e1pna, chlorid sodn\u00fd (so\u013e).<\/p>\n<p>Surov\u00fd prote\u00edn 13,50 %<br \/>\nRopa a surov\u00fd tuk 3,20 %<br \/>\nSurov\u00e9 vl\u00e1kno 14,70 %<br \/>\nSurov\u00fd popol 7,30 %<br \/>\nV\u00e1pnik 0,81 %<br \/>\nFosfor 0,59 %<br \/>\nSod\u00edk 0,42 %<\/p>\n<p>\u0160krob: 17,631 TP3T<br \/>\nCukor: 5,371 TP3T<\/p>\n<p><strong>Vitam\u00edny, provitam\u00edny a in\u00e9 l\u00e1tky<\/strong><\/p>\n<p>Vitam\u00edn A (E-672) 9 000,00 IU\/kg<br \/>\nVitam\u00edn D3 (E-671) 900,00 IU\/kg<br \/>\nVitam\u00edn E (alfa-tokoferol) 90,00 mg\/kg<br \/>\nVitam\u00edn B1 4,50 mg\/kg<br \/>\nVitam\u00edn B2 2,70 mg\/kg<br \/>\nVitam\u00edn B12 13,60 mcg\/kg<br \/>\nVitam\u00edn K 1,80 mg\/kg<br \/>\nBiot\u00edn 0,30 mg\/kg<br \/>\nKyselina listov\u00e1 0,90 mg\/kg<br \/>\nChol\u00ednchlorid 200,00 mg\/kg<br \/>\nNiac\u00edn 7,20 mg\/kg<br \/>\nKyselina pantot\u00e9nov\u00e1 (vitam\u00edn B5) 4,50 mg\/kg<\/p>\n<p><strong>Mikro a makro prvky<\/strong><\/p>\n<p>\u017delezo (uhli\u010ditan \u017eeleza) 60,00 mg\/Kg<br \/>\nJ\u00f3d (jodid draseln\u00fd) 0,50 mg\/kg<br \/>\nKobalt (monohydr\u00e1t uhli\u010ditanu kobaltnat\u00e9ho) 0,20 mg\/kg<br \/>\nMe\u010f (pentahydr\u00e1t s\u00edranu me\u010fnat\u00e9ho) 10,00 mg\/kg<br \/>\nMang\u00e1n (oxid manganat\u00fd) 40,00 mg\/kg<br \/>\nZinok (monohydr\u00e1t s\u00edranu zino\u010dnat\u00e9ho) 60,00 mg\/kg<br \/>\nSel\u00e9n (sel\u00e9n seleni\u010ditan) 0,10 mg\/kg<\/p>\n<p>Balenie: 20 kg vrece<\/p>","protected":false},"excerpt":{"rendered":"<p>\u0160peci\u00e1lne kompletn\u00e9 krmivo vo forme peliet, ktor\u00e9 podporuje \u010dinnos\u0165 tr\u00e1viaceho syst\u00e9mu. Ekonomick\u00e9 z\u00e1kladn\u00e9 krmivo s vysok\u00fdm obsahom bielkov\u00edn a vl\u00e1kniny. Odpor\u00fa\u010da sa pre kone s probl\u00e9mami tr\u00e1viaceho syst\u00e9mu, s pr\u00edznakmi \u017eal\u00fado\u010dn\u00fdch vredov a pre kone n\u00e1chyln\u00e9 na koliku. Pridajte k tomu vl\u00e1knit\u00e9 krmivo. Denn\u00e1 d\u00e1vka: 1,00 kg - 3,00 kg v z\u00e1vislosti od ve\u013ekosti ko\u0148a a z\u00e1\u0165a\u017ee.<\/p>\n<p>&nbsp;<\/p>","protected":false},"featured_media":6523,"comment_status":"open","ping_status":"closed","template":"","meta":{"_et_pb_use_builder":"","_et_pb_old_content":"","_et_gb_content_width":""},"product_brand":[],"product_cat":[69],"product_tag":[27,29,101,30,31,42,28,26,62,61,60],"yst_prominent_words":[],"class_list":{"0":"post-388","1":"product","2":"type-product","3":"status-publish","4":"has-post-thumbnail","6":"product_cat-egyeb","7":"product_tag-emesztes","8":"product_tag-emesztorendszer","9":"product_tag-equuslinetransylvania","10":"product_tag-gyomorfekely","11":"product_tag-hasmenes","12":"product_tag-idos-lovak","13":"product_tag-kolika","14":"product_tag-pellet","15":"product_tag-ragas","16":"product_tag-senior","17":"product_tag-veteran","19":"first","20":"instock","21":"featured","22":"shipping-taxable","23":"purchasable","24":"product-type-simple"},"_links":{"self":[{"href":"https:\/\/equusline.hu\/sk\/wp-json\/wp\/v2\/product\/388","targetHints":{"allow":["GET"]}}],"collection":[{"href":"https:\/\/equusline.hu\/sk\/wp-json\/wp\/v2\/product"}],"about":[{"href":"https:\/\/equusline.hu\/sk\/wp-json\/wp\/v2\/types\/product"}],"replies":[{"embeddable":true,"href":"https:\/\/equusline.hu\/sk\/wp-json\/wp\/v2\/comments?post=388"}],"wp:featuredmedia":[{"embeddable":true,"href":"https:\/\/equusline.hu\/sk\/wp-json\/wp\/v2\/media\/6523"}],"wp:attachment":[{"href":"https:\/\/equusline.hu\/sk\/wp-json\/wp\/v2\/media?parent=388"}],"wp:term":[{"taxonomy":"product_brand","embeddable":true,"href":"https:\/\/equusline.hu\/sk\/wp-json\/wp\/v2\/product_brand?post=388"},{"taxonomy":"product_cat","embeddable":true,"href":"https:\/\/equusline.hu\/sk\/wp-json\/wp\/v2\/product_cat?post=388"},{"taxonomy":"product_tag","embeddable":true,"href":"https:\/\/equusline.hu\/sk\/wp-json\/wp\/v2\/product_tag?post=388"},{"taxonomy":"yst_prominent_words","embeddable":true,"href":"https:\/\/equusline.hu\/sk\/wp-json\/wp\/v2\/yst_prominent_words?post=388"}],"curies":[{"name":"wp","href":"https:\/\/api.w.org\/{rel}","templated":true}]}}