{"id":67,"date":"2014-09-08T14:06:11","date_gmt":"2014-09-08T14:06:11","guid":{"rendered":"http:\/\/equusline.hu\/?page_id=67"},"modified":"2024-05-27T05:44:03","modified_gmt":"2024-05-27T04:44:03","slug":"equusline","status":"publish","type":"page","link":"https:\/\/equusline.hu\/sk\/","title":{"rendered":"EQUUSLINE"},"content":{"rendered":"<p>[et_pb_section fb_built=\"1\u2033 fullwidth=\"on\" admin_label=\"section\" _builder_version=\"4.16\u2033 global_colors_info=\"{}\"][et_pb_fullwidth_slider admin_label=\"Fullwidth Slider\" _builder_version=\"4.16\u2033 custom_padding=\"|||\" custom_padding_tablet=\"|||\" custom_padding_phone=\"|||\" auto=\"on\" auto_speed=\"2500\u2033 box_shadow_style=\"preset6\u2033 box_shadow_blur=\"10px\" box_shadow_color=\"rgba(0,0,0,0.1)\" show_inner_shadow=\"on\" global_colors_info=\"{}\" button_text_size__hover_enabled=\"off\" button_one_text_size__hover_enabled=\"off\" button_two_text_size__hover_enabled=\"off\" button_text_color__hover_enabled=\"off\" button_one_text_color__hover_enabled=\"off\" button_two_text_color__hover_enabled=\"off\" button_border_width__hover_enabled=\"off\" button_one_border_width__hover_enabled=\"off\" button_two_border_width__hover_enabled=\"off\" button_border_color__hover_enabled=\"off\" button_one_border_color__hover_enabled=\"off\" button_two_border_color__hover_enabled=\"off\" button_border_radius__hover_enabled=\"off\" button_one_border_radius__hover_enabled=\"off\" button_two_border_radius__hover_enabled=\"off\" button_letter_spacing__hover_enabled=\"off\" button_one_letter_spacing__hover_enabled=\"off\" button_two_letter_spacing__hover_enabled=\"off\" button_bg_color__hover_enabled=\"off\" button_one_bg_color__hover_enabled=\"off\" button_two_bg_color__hover_enabled=\"off\"][et_pb_slide head=\"Equusline\" button_text=\"Zobrazi\u0165 v\u00e1\u0161 produkt\" button_link=\"\/termek\" _builder_version=\"4.16\u2033 background_color=\"#ffffff\" background_image=\"http:\/\/equusline.hu\/wp-content\/uploads\/2014\/09\/2_horses-wallpaper-2560\u00d7800.jpg\" global_colors_info=\"{}\" button_text_size__hover_enabled=\"off\" button_one_text_size__hover_enabled=\"off\" button_two_text_size__hover_enabled=\"off\" button_text_color__hover_enabled=\"off\" button_one_text_color__hover_enabled=\"off\" button_two_text_color__hover_enabled=\"off\" button_border_width__hover_enabled=\"off\" button_one_border_width__hover_enabled=\"off\" button_two_border_width__hover_enabled=\"off\" button_border_color__hover_enabled=\"off\" button_one_border_color__hover_enabled=\"off\" button_two_border_color__hover_enabled=\"off\" button_border_radius__hover_enabled=\"off\" button_one_border_radius__hover_enabled=\"off\" button_two_border_radius__hover_enabled=\"off\" button_letter_spacing__hover_enabled=\"off\" button_one_letter_spacing__hover_enabled=\"off\" button_two_letter_spacing__hover_enabled=\"off\" button_bg_color__hover_enabled=\"off\" button_one_bg_color__hover_enabled=\"off\" button_two_bg_color__hover_enabled=\"off\" sticky_transition=\"on\"]Pr\u00e9miov\u00e9 krmiv\u00e1 pre kone Equusline s\u00fa teraz dostupn\u00e9 v Ma\u010farsku!<br \/>\n[\/et_pb_slide][et_pb_slide head=\"Premium horse feeds\" _builder_version=\"4.16\u2033 background_color=\"#ffffffff\" background_image=\"http:\/\/equusline.hu\/wp-content\/uploads\/2014\/09\/header-mares.jpg\" global_colors_info=\"{}\" button_text_size__hover_enabled=\"off\" button_one_text_size__hover_enabled=\"off\" button_two_text_size__hover_enabled=\"off\" button_text_color__hover_enabled=\"off\" button_one_text_color__hover_enabled=\"off\" button_two_text_color__hover_enabled=\"off\" button_border_width__hover_enabled=\"off\" button_one_border_width__hover_enabled=\"off\" button_two_border_width__hover_enabled=\"off\" button_border_color__hover_enabled=\"off\" button_one_border_color__hover_enabled=\"off\" button_two_border_color__hover_enabled=\"off\" button_border_radius__hover_enabled=\"off\" button_one_border_radius__hover_enabled=\"off\" button_two_border_radius__hover_enabled=\"off\" button_letter_spacing__hover_enabled=\"off\" button_one_letter_spacing__hover_enabled=\"off\" button_two_letter_spacing__hover_enabled=\"off\" button_bg_color__hover_enabled=\"off\" button_one_bg_color__hover_enabled=\"off\" button_two_bg_color__hover_enabled=\"off\" sticky_transition=\"on\"][\/et_pb_slide][et_pb_slide heading=\"V\u00fdber kvality\" _builder_version=\"4.16\u2033 background_color=\"#ffffff\" background_image=\"http:\/\/equusline.hu\/wp-content\/uploads\/2014\/09\/header-reference-mares.jpg\" global_colors_info=\"{}\" button_text_size__hover_enabled=\"off\" button_one_text_size__hover_enabled=\"off\" button_two_text_size__hover_enabled=\"off\" button_text_color__hover_enabled=\"off\" button_one_text_color__hover_enabled=\"off\" button_two_text_color__hover_enabled=\"off\" button_border_width__hover_enabled=\"off\" button_one_border_width__hover_enabled=\"off\" button_two_border_width__hover_enabled=\"off\" button_border_color__hover_enabled=\"off\" button_one_border_color__hover_enabled=\"off\" button_two_border_color__hover_enabled=\"off\" button_border_radius__hover_enabled=\"off\" button_one_border_radius__hover_enabled=\"off\" button_two_border_radius__hover_enabled=\"off\" button_letter_spacing__hover_enabled=\"off\" button_one_letter_spacing__hover_enabled=\"off\" button_two_letter_spacing__hover_enabled=\"off\" button_bg_color__hover_enabled=\"off\" button_one_bg_color__hover_enabled=\"off\" button_two_bg_color__hover_enabled=\"off\" sticky_transition=\"on\"][\/et_pb_slide][\/et_pb_fullwidth_slider][\/et_pb_section][et_pb_section fb_built=\"1\u2033 admin_label=\"section\" _builder_version=\"4.16\u2033 global_colors_info=\"{}\"][et_pb_row column_structure=\"2_3,1_3\u2033 admin_label=\"row\" _builder_version=\"4.16\u2033 background_size=\"initial\" background_position=\"top_left\" background_repeat=\"repeat\" global_colors_info=\"{}\"][et_pb_column type=\"2_3\u2033 _builder_version=\"4.16\u2033 custom_padding=\"|||\" global_colors_info=\"{}\" custom_padding__hover=\"|||\"][et_pb_text admin_label=\"Text\" _builder_version=\"4.16\u2033 background_size=\"initial\" background_position=\"top_left\" background_repeat=\"repeat\" global_colors_info=\"{}\"]<\/p>\n<h2>Krmivo pre kone Equusline<\/h2>\n<p>V s\u00falade s na\u0161ou filozofiou sa krmiv\u00e1 Agroveco \u0161panielskej v\u00fdroby vyzna\u010duj\u00fa vynikaj\u00facou kvalitou, dobrou str\u00e1vite\u013enos\u0165ou a vyu\u017eite\u013enos\u0165ou, dlhou trvanlivos\u0165ou (1 rok) a skvel\u00fdm pomerom ceny a \u00fa\u017eitkovej hodnoty. Krmiv\u00e1 sa daj\u00fa v\u00fdborne dop\u013a\u0148a\u0165 <a href=\"http:\/\/equimins.hu\" target=\"_blank\" rel=\"noopener\">Equimins <\/a>s jeho vitam\u00ednov\u00fdmi pr\u00edpravkami.<\/p>\n<p>V produktovom rade Equusline n\u00e1jdete to spr\u00e1vne krmivo pre kone v\u0161etk\u00fdch plemien, vekov\u00fdch kateg\u00f3ri\u00ed a z\u00e1\u0165a\u017e\u00ed. Na\u0161a ponuka zah\u0155\u0148a vysokoenergetick\u00e9 krmiv\u00e1 pre kone s\u00fa\u0165a\u017eiace na najvy\u0161\u0161ej \u00farovni, ako aj z\u00e1kladn\u00e9 krmiv\u00e1 pre hobby kone a \u017erieb\u00e4t\u00e1.<\/p>\n<p>M\u00fcsli aj pelety s\u00fa vyr\u00e1ban\u00e9 pri n\u00edzkych teplot\u00e1ch, so \u0161etrn\u00fdm zaobch\u00e1dzan\u00edm so surovinami, aby sa vyrobilo \u010do najstr\u00e1vite\u013enej\u0161ie krmivo. \u0160pi\u010dkov\u00e1 kvalita surov\u00edn, ako aj technol\u00f3gia v\u00fdroby a modern\u00e1 kontrola kvality umo\u017e\u0148uj\u00fa, aby sa na\u0161e krmiv\u00e1 vyzna\u010dovali v\u00fdbornou str\u00e1vite\u013enos\u0165ou a vyu\u017eite\u013enos\u0165ou k spokojnosti kon\u00ed a ich majite\u013eov.<\/p>\n<p>Po\u010das pr\u00edsnej kontroly kvality kontrolujeme v\u00fdrobn\u00fd proces najmodernej\u0161ou technol\u00f3giou. Vo vlastnom laborat\u00f3riu v\u00fdrobcu kontroluje ka\u017ed\u00fd krok v\u00fdrobn\u00e9ho procesu, od pr\u00edchodu surov\u00edn a\u017e po v\u00fdrobu hotov\u00e9ho produktu. Pri inovat\u00edvnych v\u00fdrobn\u00fdch procesoch pou\u017e\u00edva na v\u00fdrobu krm\u00edv len kvalitn\u00e9 suroviny.<\/p>\n<p>\u0160pecifik\u00e1ciu krm\u00edv Equusline zostavuje t\u00edm veterin\u00e1rnych lek\u00e1rov, ktor\u00ed sa \u0161pecializuj\u00fa na v\u00fd\u017eivu kon\u00ed a zbieraj\u00fa sp\u00e4tn\u00fa v\u00e4zbu a sk\u00fasenosti od popredn\u00fdch svetov\u00fdch jazdcov a d\u017eokejov. Jedin\u00fdm cie\u013eom n\u00e1\u0161ho v\u00fdskumu v oblasti v\u00fd\u017eivy kon\u00ed a kvality pou\u017eit\u00fdch surov\u00edn v na\u0161om krmive je poskytn\u00fa\u0165 to najlep\u0161ie krmivo pre v\u0161etky kone vo v\u0161etk\u00fdch f\u00e1zach ich \u010dinnosti, fyziologick\u00e9ho stavu a v\u00fdvoja.<br \/>\n[\/et_pb_text][\/et_pb_column][et_pb_column type=\"1_3\u2033 _builder_version=\"4.16\u2033 custom_padding=\"|||\" global_colors_info=\"{}\" custom_padding__hover=\"|||\"][et_pb_testimonial admin_label=\"Testimonial\" _builder_version=\"4.16\u2033 background_size=\"initial\" background_position=\"top_left\" background_repeat=\"repeat\" global_colors_info=\"{}\"]<\/p>\n<h2><em>&quot;Dve srdcia, jedna my\u0161lienka&quot; - &quot;Dve srdcia, jeden \u00fader&quot;<\/em><\/h2>\n<p>[\/et_pb_testimonial][\/et_pb_column][\/et_pb_row][\/et_pb_section][et_pb_section fb_built=\"1\u2033 fullwidth=\"on\" admin_label=\"section\" _builder_version=\"4.16\u2033 background_color=\"#f4eeeb\" transparent_background=\"off\" global_colors_info=\"{}\"][et_pb_fullwidth_header title=\"Na\u0161e produkty\" subhead=\"Vyberte si krmivo, ktor\u00e9 je pre v\u00e1\u0161ho ko\u0148a najlep\u0161ie...\" text_orientation=\"center\" content_max_width=\"none\" admin_label=\"Fullwidth Header\" _builder_version=\"4.16\u2033 background_color=\"rgba(255, 255, 255, 0)\" background_layout=\"light\" button_one_letter_spacing_hover=\"0\u2033 button_two_letter_spacing_hover=\"0\u2033 global_colors_info=\"{}\" button_one_text_size__hover_enabled=\"off\" button_two_text_size__hover_enabled=\"off\" button_one_text_color__hover_enabled=\"off\" button_two_text_color__hover_enabled=\"off\" button_one_border_width__hover_enabled=\"off\" button_two_border_width__hover_enabled=\"off\" button_one_border_color__hover_enabled=\"off\" button_two_border_color__hover_enabled=\"off\" button_one_border_radius__hover_enabled=\"off\" button_two_border_radius__hover_enabled=\"off\" button_one_letter_spacing__hover_enabled=\"on\" button_one_letter_spacing__hover=\"0\u2033 button_two_letter_spacing__hover_enabled=\"on\" button_two_letter_spacing__hover=\"0\u2033 button_one_bg_color__hover_enabled=\"off\" button_two_bg_color__hover_enabled=\"off\"] [\/et_pb_fullwidth_header][\/et_pb_section][et_pb_section fb_built=\"1\u2033 admin_label=\"section\" _builder_version=\"4.16\u2033 global_colors_info=\"{}\"][et_pb_row admin_label=\"row\" _builder_version=\"4.16\u2033 background_size=\"initial\" background_position=\"top_left\" background_repeat=\"repeat\" global_colors_info=\"{}\"][et_pb_column type=\"4_4\u2033 _builder_version=\"4.16\u2033 custom_padding=\"|||\" global_colors_info=\"{}\" custom_padding__hover=\"|||\"][et_pb_shop type=\"recent\" orderby=\"menu_order\" admin_label=\"Obchod\" _builder_version=\"4.25.1\u2033 hover_enabled=\"0\u2033 global_colors_info=\"{}\" posts_number=\"16\u2033 sticky_enabled=\"0\u2033][\/et_pb_shop][\/et_pb_column][\/et_pb_row][\/et_pb_section][et_pb_section fb_built=\"1\u2033 admin_label=\"section\" _builder_version=\"4.19.4\u2033 background_color=\"#dee3e8\u2033 transparent_background=\"off\" global_colors_info=\"{}\"][et_pb_row column_structure=\"1_2,1_2\u2033 disabled_on=\"off|off|off\" admin_label=\"row\" _builder_version=\"4.19.4\u2033 background_size=\"initial\" background_position=\"top_left\" background_repeat=\"repeat\" animation_style=\"fade\" global_colors_info=\"{}\"][et_pb_column type=\"1_2\u2033 _builder_version=\"4.19.4\u2033 custom_padding=\"|||\" global_colors_info=\"{}\" custom_padding__hover=\"|||\"][et_pb_testimonial author=\"Tam\u00e1s\" portrait_url=\"http:\/\/equusline.hu\/wp-content\/uploads\/2014\/11\/male-silhouette.jpg\" admin_label=\"Testimonial\" _builder_version=\"4.19.4\u2033 background_color=\"#f0f0f0\u2033 background_size=\"initial\" background_position=\"top_left\" background_repeat=\"repeat\" global_colors_info=\"{}\"]<\/p>\n<p>Je to krmivo pr\u00e9miovej kvality, splnilo na\u0161e o\u010dak\u00e1vania. Na\u0161im ko\u0148om poskytuje vynikaj\u00face zdravie, dobr\u00fa chu\u0165 a kvalitu.<\/p>\n<p>[\/et_pb_testimonial][\/et_pb_column][et_pb_column type=\"1_2\u2033 _builder_version=\"4.16\u2033 custom_padding=\"|||\" global_colors_info=\"{}\" custom_padding__hover=\"|||\"][et_pb_testimonial author=\"Andrea\" portrait_url=\"http:\/\/equusline.hu\/wp-content\/uploads\/2014\/11\/female-silhouette.jpg\" admin_label=\"Testimonial\" _builder_version=\"4.19.4\u2033 background_color=\"#f0f0f0\u2033 background_size=\"initial\" background_position=\"top_left\" background_repeat=\"repeat\" global_colors_info=\"{}\"]<\/p>\n<p>Na\u0161im ko\u0148om pod\u00e1vame krmivo Sport Mix bez ovsa a sme \u00faplne spokojn\u00ed. Na to je vhodn\u00e1 kond\u00edcia a pracovn\u00e1 mor\u00e1lka na\u0161ich kon\u00ed, ovos nedost\u00e1vaj\u00fa.<\/p>\n<p>[\/et_pb_testimonial][\/et_pb_column][\/et_pb_row][\/et_pb_section][et_pb_section fb_built=\"1\u2033 admin_label=\"section\" _builder_version=\"4.16\u2033 background_color=\"#4f0011\u2033 transparent_background=\"off\" global_colors_info=\"{}\"][et_pb_row admin_label=\"row\" _builder_version=\"4.19.4\u2033 background_size=\"initial\" background_position=\"top_left\" background_repeat=\"repeat\" animation_style=\"fade\" global_colors_info=\"{}\"][et_pb_column type=\"4_4\u2033 _builder_version=\"4.16\u2033 custom_padding=\"|||\" global_colors_info=\"{}\" custom_padding__hover=\"|||\"][et_pb_cta title=\"Contact\" button_url=\"\/equusline-contact\" button_text=\"Kontaktujte n\u00e1s!\" admin_label=\"Call To Action\" _builder_version=\"4.19.4\u2033 background_color=\"#4f0011\u2033 background_size=\"initial\" background_position=\"top_left\" background_repeat=\"repeat\" global_colors_info=\"{}\" button_text_size__hover_enabled=\"off\" button_one_text_size__hover_enabled=\"off\" button_two_text_size__hover_enabled=\"off\" button_text_color__hover_enabled=\"off\" button_one_text_color__hover_enabled=\"off\" button_two_text_color__hover_enabled=\"off\" button_border_width__hover_enabled=\"off\" button_one_border_width__hover_enabled=\"off\" button_two_border_width__hover_enabled=\"off\" button_border_color__hover_enabled=\"off\" button_one_border_color__hover_enabled=\"off\" button_two_border_color__hover_enabled=\"off\" button_border_radius__hover_enabled=\"off\" button_one_border_radius__hover_enabled=\"off\" button_two_border_radius__hover_enabled=\"off\" button_letter_spacing__hover_enabled=\"off\" button_one_letter_spacing__hover_enabled=\"off\" button_two_letter_spacing__hover_enabled=\"off\" button_bg_color__hover_enabled=\"off\" button_one_bg_color__hover_enabled=\"off\" button_two_bg_color__hover_enabled=\"off\"]<\/p>\n<p>Zadajte svoju p\u00edsomn\u00fa objedn\u00e1vku, informujte sa o na\u0161ich produktoch, vy\u017eiadajte si katal\u00f3g alebo n\u00e1m len po\u0161lite svoje pripomienky, n\u00e1vrhy alebo n\u00e1zory na zdroj. V\u0161etky n\u00e1zory s\u00fa d\u00f4le\u017eit\u00e9.<\/p>\n<p>[\/et_pb_cta][\/et_pb_column][\/et_pb_row][\/et_pb_section][et_pb_section fb_built=\"1\u2033 admin_label=\"section\" _builder_version=\"4.16\u2033 global_colors_info=\"{}\"][et_pb_row admin_label=\"row\" _builder_version=\"4.16\u2033 background_size=\"initial\" background_position=\"top_left\" background_repeat=\"repeat\" global_colors_info=\"{}\"][et_pb_column type=\"4_4\u2033 _builder_version=\"4.16\u2033 custom_padding=\"|||\" global_colors_info=\"{}\" custom_padding__hover=\"|||\"][et_pb_text admin_label=\"Text\" _builder_version=\"4.16\u2033 background_size=\"initial\" background_position=\"top_left\" background_repeat=\"repeat\" global_colors_info=\"{}\"] <div id=\"fb-root\"><\/div>\n<script>(function(d, s, id) {\n  var js, fjs = d.getElementsByTagName(s)[0];\n  if (d.getElementById(id)) return;\n  js = d.createElement(s); js.id = id;\n  js.src = \"\/\/connect.facebook.net\/hu_HU\/all.js#xfbml=1\";\n  fjs.parentNode.insertBefore(js, fjs);\n}(document, \"script\", \"facebook-jssdk\"));<\/script>\n <div class=\"fb-like-box\" data-href=\"https:\/\/www.facebook.com\/equusline.hu\" data-font=\"segoe ui\"  data-width=\"2400\" data-height=\"204\" data-colorscheme=\"light\" data-show-faces=\"1\" data-show-border=\"false\" data-border-colorr=\"#FFFFFF\" data-stream=\"0\" data-header=\"0\" style=\"background:#FFFFFF;padding-top:0px;padding-right:0px;padding-bottom:0px;padding-left:0px;margin-top:0px;margin-right:0px;margin-bottom:0px;margin-left:0px;\"><\/div> [\/et_pb_text][\/et_pb_column][\/et_pb_row][\/et_pb_section][et_pb_section fb_built=\"1\u2033 fullwidth=\"on\" admin_label=\"section\" _builder_version=\"4.16\u2033 global_colors_info=\"{}\"][et_pb_fullwidth_map address=\"Mosonmagyar\u00f3v\u00e1r, Kossuth Lajos Street 31, 9200 Hungary\" zoom_level=\"12\u2033 address_lat=\"47.86967470000004\u2033 address_lng=\"17.26850060000004\u2033 admin_label=\"Fullwidth Map\" _builder_version=\"4.16\u2033 global_colors_info=\"{}\"][et_pb_map_pin title=\"Ab-Original Kft. (Equimins Hungary)\" pin_address=\"Mosonmagyar\u00f3v\u00e1r, Kossuth Lajos Street 31, 9200 Hungary\" pin_address_lat=\"47.8696747\u2033 pin_address_lng=\u201d17.26850060000004\u2033 _builder_version=\u201d3.0.47\u2033 global_colors_info=\u201d{}\u201d][\/et_pb_map_pin][\/et_pb_fullwidth_map][\/et_pb_section]<\/p>","protected":false},"excerpt":{"rendered":"<p>Pr\u00e9miov\u00e9 krmiv\u00e1 pre kone Equusline s\u00fa teraz dostupn\u00e9 v Ma\u010farsku! Krmiv\u00e1 pre kone Equusline Agroveco sa vyr\u00e1baj\u00fa v \u0160panielsku v s\u00falade s na\u0161ou filozofiou vysokej kvality, dobrej str\u00e1vite\u013enosti a str\u00e1vite\u013enosti, dlhej trvanlivosti (1 rok) a skvel\u00e9ho pomeru ceny a kvality. Equusline m\u00e1 vhodn\u00e9 krmiv\u00e1 pre kone v\u0161etk\u00fdch plemien, vekov\u00fdch kateg\u00f3ri\u00ed a hmotnost\u00ed. Pon\u00fakame \u0161irok\u00fd sortiment krm\u00edv pre kone s [...]<\/p>","protected":false},"author":1,"featured_media":0,"parent":0,"menu_order":0,"comment_status":"open","ping_status":"closed","template":"","meta":{"_et_pb_use_builder":"on","_et_pb_old_content":"","_et_gb_content_width":"","footnotes":""},"yst_prominent_words":[],"class_list":["post-67","page","type-page","status-publish","hentry"],"_links":{"self":[{"href":"https:\/\/equusline.hu\/sk\/wp-json\/wp\/v2\/pages\/67","targetHints":{"allow":["GET"]}}],"collection":[{"href":"https:\/\/equusline.hu\/sk\/wp-json\/wp\/v2\/pages"}],"about":[{"href":"https:\/\/equusline.hu\/sk\/wp-json\/wp\/v2\/types\/page"}],"author":[{"embeddable":true,"href":"https:\/\/equusline.hu\/sk\/wp-json\/wp\/v2\/users\/1"}],"replies":[{"embeddable":true,"href":"https:\/\/equusline.hu\/sk\/wp-json\/wp\/v2\/comments?post=67"}],"version-history":[{"count":8,"href":"https:\/\/equusline.hu\/sk\/wp-json\/wp\/v2\/pages\/67\/revisions"}],"predecessor-version":[{"id":6538,"href":"https:\/\/equusline.hu\/sk\/wp-json\/wp\/v2\/pages\/67\/revisions\/6538"}],"wp:attachment":[{"href":"https:\/\/equusline.hu\/sk\/wp-json\/wp\/v2\/media?parent=67"}],"wp:term":[{"taxonomy":"yst_prominent_words","embeddable":true,"href":"https:\/\/equusline.hu\/sk\/wp-json\/wp\/v2\/yst_prominent_words?post=67"}],"curies":[{"name":"wp","href":"https:\/\/api.w.org\/{rel}","templated":true}]}}