{"id":175,"date":"2014-09-27T12:23:11","date_gmt":"2014-09-27T11:23:11","guid":{"rendered":"http:\/\/equusline.hu\/?page_id=175"},"modified":"2025-03-28T13:11:17","modified_gmt":"2025-03-28T12:11:17","slug":"termekek","status":"publish","type":"page","link":"https:\/\/equusline.hu\/sk\/termekek\/","title":{"rendered":"Produkty"},"content":{"rendered":"<p>[et_pb_section fb_built=\"1\u2033 fullwidth=\"on\" _builder_version=\"4.16\u2033 background_color=\"#ffffff\" background_image=\"http:\/\/equusline.hu\/wp-content\/uploads\/2014\/09\/header-reference-mares.jpg\" parallax=\"on\" transparent_background=\"off\" global_colors_info=\"{}\"][et_pb_fullwidth_header title=\"Vysokokvalitn\u00e9 krmivo pre kone\" subhead=\"Equusline Products\" content_max_width=\"none\" admin_label=\"Fullwidth Header\" _builder_version=\"4.16\u2033 background_color=\"rgba(255, 255, 255, 0)\" global_colors_info=\"{}\" button_one_text_size__hover_enabled=\"off\" button_two_text_size__hover_enabled=\"off\" button_one_text_color__hover_enabled=\"off\" button_two_text_color__hover_enabled=\"off\" button_one_border_width__hover_enabled=\"off\" button_two_border_width__hover_enabled=\"off\" button_one_border_color__hover_enabled=\"off\" button_two_border_color__hover_enabled=\"off\" button_one_border_radius__hover_enabled=\"off\" button_two_border_radius__hover_enabled=\"off\" button_one_letter_spacing__hover_enabled=\"off\" button_two_letter_spacing__hover_enabled=\"off\" button_one_bg_color__hover_enabled=\"off\" button_two_bg_color__hover_enabled=\"off\"][\/et_pb_fullwidth_header][\/et_pb_section][et_pb_section fb_built=\"1\u2033 _builder_version=\"4.16\u2033 global_colors_info=\"{}\"][et_pb_row _builder_version=\"4.16\u2033 background_size=\"initial\" background_position=\"top_left\" background_repeat=\"repeat\" hover_enabled=\"0\u2033 global_colors_info=\"{}\" sticky_enabled=\"0\u2033][et_pb_column type=\"4_4\u2033 _builder_version=\"4.16\u2033 custom_padding=\"|||\" global_colors_info=\"{}\" custom_padding__hover=\"|||\"][et_pb_text admin_label=\"Text\" _builder_version=\"4.16\u2033 background_size=\"initial\" background_position=\"top_left\" background_repeat=\"repeat\" global_colors_info=\"{}\"]<\/p>\n<h2>Ka\u017ed\u00fd v\u00fdrobok<\/h2>\n<p>[\/et_pb_text][et_pb_shop type=\"recent\" posts_number=\"24\u2033 orderby=\"menu_order\" admin_label=\"Shop\" _builder_version=\"4.27.0\u2033 hover_enabled=\"0\u2033 global_colors_info=\"{}\" sticky_enabled=\"0\u2033][\/et_pb_shop][\/et_pb_column][\/et_pb_row][\/et_pb_section][et_pb_section fb_built=\"1\u2033 fullwidth=\"on\" _builder_version=\"4.16\u2033 background_color=\"#eaeaea\" transparent_background=\"off\" global_colors_info=\"{}\"][et_pb_fullwidth_header title=\"FULLWIDTH\" subhead=\"Based on customer reviews\" text_orientation=\"center\" content_max_width=\"none\" admin_label=\"Fullwidth Header\" module_class=\"et-waypoint et_pb_animation_right\" _builder_version=\"4.16\u2033 background_color=\"rgba(255, 255, 255, 0)\" background_layout=\"light\" global_colors_info=\"{}\" button_one_text_size__hover_enabled=\"off\" button_two_text_size__hover_enabled=\"off\" button_one_text_color__hover_enabled=\"off\" button_two_text_color__hover_enabled=\"off\" button_one_border_width__hover_enabled=\"off\" button_two_border_width__hover_enabled=\"off\" button_one_border_color__hover_enabled=\"off\" button_two_border_color__hover_enabled=\"off\" button_one_border_radius__hover_enabled=\"off\" button_two_border_radius__hover_enabled=\"off\" button_one_letter_spacing__hover_enabled=\"off\" button_two_letter_spacing__hover_enabled=\"off\" button_one_bg_color__hover_enabled=\"off\" button_two_bg_color__hover_enabled=\"off\"][\/et_pb_fullwidth_header][\/et_pb_section][et_pb_section fb_built=\"1\u2033 _builder_version=\"4.16\u2033 transparent_background=\"off\" global_colors_info=\"{}\"][et_pb_row column_structure=\"1_3,1_3,1_3\u2033 _builder_version=\"4.16\u2033 background_size=\"initial\" background_position=\"top_left\" background_repeat=\"repeat\" global_colors_info=\"{}\"][et_pb_column type=\"1_3\u2033 _builder_version=\"4.16\u2033 custom_padding=\"|||\" global_colors_info=\"{}\" custom_padding__hover=\"|||\"][et_pb_text admin_label=\"Text\" _builder_version=\"4.16\u2033 background_size=\"initial\" background_position=\"top_left\" background_repeat=\"repeat\" global_colors_info=\"{}\"]<\/p>\n<h2>Najlep\u0161ie hodnoten\u00e9<\/h2>\n<p>[\/et_pb_text][et_pb_shop type=\"top_rated\" posts_number=\"1\u2033 orderby=\"menu_order\" admin_label=\"Shop\" _builder_version=\"4.16\u2033 global_colors_info=\"{}\"][\/et_pb_column][\/et_pb_column][et_pb_column type=\"1_3\u2033 _builder_version=\"4.16\u2033 custom_padding=\"|||\" global_colors_info=\"{}\" custom_padding__hover=\"|||\"][et_pb_text admin_label=\"Text\" _builder_version=\"4.16\u2033 background_size=\"initial\" background_position=\"top_left\" background_repeat=\"repeat\" global_colors_info=\"{}\"]<\/p>\n<h2>Predal najviac<\/h2>\n<p>[\/et_pb_text][et_pb_shop type=\"best_selling\" posts_number=\"1\u2033 orderby=\"menu_order\" admin_label=\"Shop\" _builder_version=\"4.16\u2033 global_colors_info=\"{}\"][\/et_pb_shop][\/et_pb_column][et_pb_column type=\"1_3\u2033 _builder_version=\"4.16\u2033 custom_padding=\"|||\" global_colors_info=\"{}\" custom_padding__hover=\"|||\"][et_pb_text admin_label=\"Text\" _builder_version=\"4.16\u2033 background_size=\"initial\" background_position=\"top_left\" background_repeat=\"repeat\" global_colors_info=\"{}\"]<\/p>\n<h2>Odpor\u00fa\u010dan\u00e9<\/h2>\n<p>[\/et_pb_text][et_pb_shop type=\"featured\" posts_number=\"1\u2033 orderby=\"menu_order\" admin_label=\"Shop\" _builder_version=\"4.16\u2033 global_colors_info=\"{}\"][\/et_pb_shop][\/et_pb_column][\/et_pb_row][\/et_pb_section]<\/p>","protected":false},"excerpt":{"rendered":"<p>V\u0161etky produkty Najlep\u0161ie hodnoten\u00e9 Najlep\u0161ie pred\u00e1van\u00e9 Odpor\u00fa\u010dan\u00e9<\/p>","protected":false},"author":1,"featured_media":0,"parent":0,"menu_order":0,"comment_status":"open","ping_status":"open","template":"","meta":{"_et_pb_use_builder":"on","_et_pb_old_content":"","_et_gb_content_width":"","footnotes":""},"yst_prominent_words":[],"class_list":["post-175","page","type-page","status-publish","hentry"],"_links":{"self":[{"href":"https:\/\/equusline.hu\/sk\/wp-json\/wp\/v2\/pages\/175","targetHints":{"allow":["GET"]}}],"collection":[{"href":"https:\/\/equusline.hu\/sk\/wp-json\/wp\/v2\/pages"}],"about":[{"href":"https:\/\/equusline.hu\/sk\/wp-json\/wp\/v2\/types\/page"}],"author":[{"embeddable":true,"href":"https:\/\/equusline.hu\/sk\/wp-json\/wp\/v2\/users\/1"}],"replies":[{"embeddable":true,"href":"https:\/\/equusline.hu\/sk\/wp-json\/wp\/v2\/comments?post=175"}],"version-history":[{"count":2,"href":"https:\/\/equusline.hu\/sk\/wp-json\/wp\/v2\/pages\/175\/revisions"}],"predecessor-version":[{"id":6639,"href":"https:\/\/equusline.hu\/sk\/wp-json\/wp\/v2\/pages\/175\/revisions\/6639"}],"wp:attachment":[{"href":"https:\/\/equusline.hu\/sk\/wp-json\/wp\/v2\/media?parent=175"}],"wp:term":[{"taxonomy":"yst_prominent_words","embeddable":true,"href":"https:\/\/equusline.hu\/sk\/wp-json\/wp\/v2\/yst_prominent_words?post=175"}],"curies":[{"name":"wp","href":"https:\/\/api.w.org\/{rel}","templated":true}]}}