{"id":139,"date":"2014-09-09T05:53:42","date_gmt":"2014-09-09T05:53:42","guid":{"rendered":"http:\/\/equusline.hu\/?page_id=139"},"modified":"2016-11-03T10:53:02","modified_gmt":"2016-11-03T09:53:02","slug":"impresszum","status":"publish","type":"page","link":"https:\/\/equusline.hu\/sk\/impresszum\/","title":{"rendered":"hlavi\u010dka"},"content":{"rendered":"<p>[et_pb_section transparent_background=\"off\" allow_player_pause=\"off\" inner_shadow=\"off\" parallax=\"off\" parallax_method=\"on\" padding_mobile=\"off\" make_fullwidth=\"off\" use_custom_width=\"off\" width_unit=\"off\" custom_width_px=\"1080px\" custom_width_percent=\"80%\" make_equal=\"off\" use_custom_gutter=\"off\" fullwidth=\"off\" specialty=\"off\" disabled=\"off\"][et_pb_row make_fullwidth=\"off\" use_custom_width=\"off\" width_unit=\"off\" custom_width_px=\"1080px\" custom_width_percent=\"80%\" use_custom_gutter=\"off\" gutter_width=\"3\u2033 padding_mobile=\"off\" allow_player_pause=\"off\" parallax=\"off\" parallax_method=\"on\" make_equal=\"off\" column_padding_mobile=\"on\" parallax_1=\"off\" parallax_method_1=\"on\" parallax_2=\"off\" parallax_method_2=\"on\" parallax_3=\"off\" parallax_method_3=\"on\" parallax_4=\"off\" parallax_method_4=\"on\" disabled=\"off\"][et_pb_column type=\"4_4\u2033 disabled=\"off\" parallax=\"off\" parallax_method=\"on\" column_padding_mobile=\"on\"][et_pb_text background_layout=\"light\" text_orientation=\"left\" admin_label=\"Text\" use_border_color=\"off\" border_style=\"solid\" disabled=\"off\"]<\/p>\n<p><strong>Webov\u00fa str\u00e1nku spravuje:<\/strong><br \/><span style=\"color: #555555; font-family: 'PT Sans', Helvetica, Arial, Lucida, sans-serif; font-size: 14px; text-align: center; background-color: #ffffff;\">Ab Original Ltd.<\/span><br style=\"color: #555555; font-family: 'PT Sans', Helvetica, Arial, Lucida, sans-serif; text-align: center;\" \/><span style=\"color: #555555; font-family: 'PT Sans', Helvetica, Arial, Lucida, sans-serif; font-size: 14px; text-align: center; background-color: #ffffff;\">S\u00eddlo: 9200 Mosonmagyar\u00f3v\u00e1r, Kossuth Lajos u 31.<\/span><br style=\"color: #555555; font-family: 'PT Sans', Helvetica, Arial, Lucida, sans-serif; text-align: center;\" \/><span style=\"color: #555555; font-family: 'PT Sans', Helvetica, Arial, Lucida, sans-serif; font-size: 14px; text-align: center; background-color: #ffffff;\">Registra\u010dn\u00e9 \u010d\u00edslo spolo\u010dnosti: 08-09-009998<\/span><br style=\"color: #555555; font-family: 'PT Sans', Helvetica, Arial, Lucida, sans-serif; text-align: center;\" \/><span style=\"color: #555555; font-family: 'PT Sans', Helvetica, Arial, Lucida, sans-serif; font-size: 14px; text-align: center; background-color: #ffffff;\">Da\u0148ov\u00e9 \u010d\u00edslo: 12750441-2-08<\/span><br style=\"color: #555555; font-family: 'PT Sans', Helvetica, Arial, Lucida, sans-serif; text-align: center;\" \/><span style=\"color: #555555; font-family: 'PT Sans', Helvetica, Arial, Lucida, sans-serif; font-size: 14px; text-align: center; background-color: #ffffff;\">\u010c\u00edslo zna\u010dky: AA0449029<\/span><br style=\"color: #555555; font-family: 'PT Sans', Helvetica, Arial, Lucida, sans-serif; text-align: center;\" \/><span style=\"color: #555555; font-family: 'PT Sans', Helvetica, Arial, Lucida, sans-serif; font-size: 14px; text-align: center; background-color: #ffffff;\">Registra\u010dn\u00e9 \u010d\u00edslo: SK 07 2 00050<\/span><br style=\"color: #555555; font-family: 'PT Sans', Helvetica, Arial, Lucida, sans-serif; text-align: center;\" \/><span style=\"color: #555555; font-family: 'PT Sans', Helvetica, Arial, Lucida, sans-serif; font-size: 14px; text-align: center; background-color: #ffffff;\">Registra\u010dn\u00e9 \u010d\u00edsla pre spr\u00e1vu \u00fadajov:<\/span><br style=\"color: #555555; font-family: 'PT Sans', Helvetica, Arial, Lucida, sans-serif; text-align: center;\" \/><span style=\"color: #555555; font-family: 'PT Sans', Helvetica, Arial, Lucida, sans-serif; font-size: 14px; text-align: center; background-color: #ffffff;\">NAIH-106928\/2016, NAIH-106930\/2016, NAIH-106935\/2016, <br \/>NAIH-106936\/2016., NAIH-106937\/2016., NAIH-107919\/2016.<\/span><\/p>\n<p><strong>Dostupnos\u0165:<\/strong><br \/> Po\u0161tov\u00e1 adresa:<br \/> Telef\u00f3n: +36 (30) 979 6578<br \/> E-mail: info@equusline.hu<br \/> Internet: www.equusline.hu<\/p>\n<p><strong>Prev\u00e1dzka a v\u00fdvoj servera:<\/strong><br \/> sysVol Information Technology and Services Ltd.<br \/> S\u00eddlo: 2337 D\u00e9legyh\u00e1za, F\u0171zfa utca 11.<br \/> Registra\u010dn\u00e9 \u010d\u00edslo spolo\u010dnosti: 13-09-163754<br \/> Da\u0148ov\u00e9 \u010d\u00edslo: 24320711-2-13<\/p>\n<p><strong>Dostupnos\u0165:<\/strong><br \/> Adresa: 2337 D\u00e9legyh\u00e1za, F\u0171zfa utca 11.<br \/> Telef\u00f3n: +36 (30) 343 1120<br \/> E-mail: info@sysvol.hu<br \/> Internet: www.sysvol.hu<\/p>\n<p>Inform\u00e1cie, dokumenty alebo in\u00e9 p\u00edsomn\u00e9 materi\u00e1ly uverejnen\u00e9 na tejto webovej str\u00e1nke sl\u00fa\u017eia len na informa\u010dn\u00e9 \u00fa\u010dely. Upozor\u0148ujeme, \u017ee prehliadan\u00edm na\u0161ej webovej str\u00e1nky s\u00fahlas\u00edte s t\u00fdmito podmienkami:<\/p>\n<p>T\u00e1to webov\u00e1 str\u00e1nka alebo ak\u00e1ko\u013evek \u010das\u0165 jej obsahu je chr\u00e1nen\u00e1 autorsk\u00fdmi pr\u00e1vami. Pr\u00e1va na ne m\u00f4\u017ee vykon\u00e1va\u0165 v\u00fdlu\u010dne spr\u00e1vca. Je zak\u00e1zan\u00e9 pou\u017e\u00edva\u0165, reprodukova\u0165, pren\u00e1\u0161a\u0165, distribuova\u0165, prisp\u00f4sobova\u0165 alebo uklada\u0165 cel\u00fd obsah webovej str\u00e1nky alebo jeho \u010das\u0165 v akejko\u013evek forme bez predch\u00e1dzaj\u00faceho p\u00edsomn\u00e9ho s\u00fahlasu vlastn\u00edka.<\/p>\n<p>Spr\u00e1vca v\u0161ak s\u00fahlas\u00ed s t\u00fdm, \u017ee obsah t\u00fdchto str\u00e1nok alebo v\u00fd\u0148atky z nich si m\u00f4\u017eete ulo\u017ei\u0165 alebo vytla\u010di\u0165 na svojom po\u010d\u00edta\u010di pre vlastn\u00fa potrebu v r\u00e1mci vo\u013en\u00e9ho pou\u017e\u00edvania. Obsah tejto webovej str\u00e1nky sa poskytuje \"tak, ako je\", bez \u00faprav. Na webov\u00fdch str\u00e1nkach m\u00f4\u017eu by\u0165 vykonan\u00e9 zmeny a pokia\u013e z\u00e1kon nevy\u017eaduje inak, nenesieme \u017eiadnu zodpovednos\u0165 za presnos\u0165, spo\u013eahlivos\u0165, aktu\u00e1lnos\u0165 alebo obsah inform\u00e1ci\u00ed, dokument\u00e1cie alebo in\u00fdch p\u00edsomn\u00fdch materi\u00e1lov na webov\u00fdch str\u00e1nkach, ktor\u00e9 nav\u0161t\u00edvite.<\/p>\n<p>Vyhradzujeme si pr\u00e1vo kedyko\u013evek upravi\u0165, prisp\u00f4sobi\u0165, obmedzi\u0165 alebo preru\u0161i\u0165 dostupnos\u0165 na\u0161ej webovej str\u00e1nky. Nezaru\u010dujeme, \u017ee pr\u00edstup na webov\u00e9 str\u00e1nky bude nepretr\u017eit\u00fd alebo bezchybn\u00fd.<\/p>\n<p>V\u00fdslovne vylu\u010dujeme ak\u00fako\u013evek zodpovednos\u0165 za \u0161kody a\/alebo straty vypl\u00fdvaj\u00face z pr\u00edstupu k webovej lokalite alebo z jej priameho alebo nepriameho pou\u017e\u00edvania, z inform\u00e1ci\u00ed, dokument\u00e1cie alebo in\u00fdch p\u00edsomn\u00fdch materi\u00e1lov, ktor\u00e9 s\u00fa na nej k dispoz\u00edcii, alebo z nemo\u017enosti pou\u017e\u00edva\u0165 webov\u00fa lokalitu, alebo z jej nespr\u00e1vneho fungovania, poruchy, nespr\u00e1vneho fungovania alebo nespr\u00e1vnej interpret\u00e1cie.<\/p>\n<p>Nezodpoved\u00e1me za \u017eiadny obsah vytvoren\u00fd, pren\u00e1\u0161an\u00fd, ulo\u017een\u00fd, spr\u00edstupnen\u00fd alebo zverejnen\u00fd tret\u00edmi stranami, na ktor\u00e9 odkazuj\u00fa na\u0161e webov\u00e9 str\u00e1nky.<\/p>\n<p>[\/et_pb_text][\/et_pb_column][\/et_pb_row][\/et_pb_section]<\/p>","protected":false},"excerpt":{"rendered":"<p>Spr\u00e1vcom webovej str\u00e1nky je:Ab Original Kft.S\u00eddlo: 9200 Mosonmagyar\u00f3v\u00e1r, Kossuth Lajos u 31.Registra\u010dn\u00e9 \u010d\u00edslo spolo\u010dnosti: 08-09-009998Adresn\u00e9 \u010d\u00edslo: 12750441-2-08\u010c\u00edslo z\u00e1pisu: AA0449029Registra\u010dn\u00e9 \u010d\u00edslo: HU 07 2 00050Registra\u010dn\u00e9 \u010d\u00edsla:NAIH-106928\/2016., NAIH-106930\/2016.NAIH-106935\/2016., NAIH-106936\/2016., NAIH-106937\/2016., NAIH-107919\/2016. S\u00eddlo: D\u00e9legyh\u00e1za 2337, F\u0171zfa utca 11. I\u010cO: 13-09-163754 DI\u010c: [...]<\/p>","protected":false},"author":1,"featured_media":0,"parent":0,"menu_order":0,"comment_status":"open","ping_status":"open","template":"","meta":{"_et_pb_use_builder":"on","_et_pb_old_content":"","_et_gb_content_width":"","footnotes":""},"yst_prominent_words":[],"class_list":["post-139","page","type-page","status-publish","hentry"],"_links":{"self":[{"href":"https:\/\/equusline.hu\/sk\/wp-json\/wp\/v2\/pages\/139","targetHints":{"allow":["GET"]}}],"collection":[{"href":"https:\/\/equusline.hu\/sk\/wp-json\/wp\/v2\/pages"}],"about":[{"href":"https:\/\/equusline.hu\/sk\/wp-json\/wp\/v2\/types\/page"}],"author":[{"embeddable":true,"href":"https:\/\/equusline.hu\/sk\/wp-json\/wp\/v2\/users\/1"}],"replies":[{"embeddable":true,"href":"https:\/\/equusline.hu\/sk\/wp-json\/wp\/v2\/comments?post=139"}],"version-history":[{"count":0,"href":"https:\/\/equusline.hu\/sk\/wp-json\/wp\/v2\/pages\/139\/revisions"}],"wp:attachment":[{"href":"https:\/\/equusline.hu\/sk\/wp-json\/wp\/v2\/media?parent=139"}],"wp:term":[{"taxonomy":"yst_prominent_words","embeddable":true,"href":"https:\/\/equusline.hu\/sk\/wp-json\/wp\/v2\/yst_prominent_words?post=139"}],"curies":[{"name":"wp","href":"https:\/\/api.w.org\/{rel}","templated":true}]}}