{"id":102,"date":"2014-09-08T14:47:10","date_gmt":"2014-09-08T14:47:10","guid":{"rendered":"http:\/\/equusline.hu\/?page_id=102"},"modified":"2021-04-08T11:04:53","modified_gmt":"2021-04-08T10:04:53","slug":"equusline-kapcsolat","status":"publish","type":"page","link":"https:\/\/equusline.hu\/sk\/equusline-kapcsolat\/","title":{"rendered":"Kontakt"},"content":{"rendered":"<p>[et_pb_section fb_built=\"1\u2033 fullwidth=\"on\" _builder_version=\"3.22\u2033 background_color=\"#ffffff\" background_image=\"http:\/\/equusline.hu\/wp-content\/uploads\/2014\/09\/header-countryside3.jpg\" parallax=\"on\" transparent_background=\"off\"][et_pb_fullwidth_header title=\"Kontaktujte n\u00e1s\" subhead=\"Kontaktujte n\u00e1s\" content_max_width=\"none\" admin_label=\"Fullwidth Header\" _builder_version=\"3.16\u2033 background_color=\"rgba(255, 255, 255, 0)\" button_one_text_size__hover_enabled=\"off\" button_two_text_size__hover_enabled=\"off\" button_one_text_color__hover_enabled=\"off\" button_two_text_color__hover_enabled=\"off\" button_one_border_width__hover_enabled=\"off\" button_two_border_width__hover_enabled=\"off\" button_one_border_color__hover_enabled=\"off\" button_two_border_color__hover_enabled=\"off\" button_one_border_radius__hover_enabled=\"off\" button_two_border_radius__hover_enabled=\"off\" button_one_letter_spacing__hover_enabled=\"off\" button_two_letter_spacing__hover_enabled=\"off\" button_one_bg_color__hover_enabled=\"off\" button_two_bg_color__hover_enabled=\"off\"][\/et_pb_fullwidth_header][\/et_pb_section][et_pb_section fb_built=\"1\u2033 _builder_version=\"3.22\u2033 background_color=\"#ffffff\" parallax=\"on\" transparent_background=\"off\"][et_pb_row _builder_version=\"3.25\u2033 background_size=\"initial\" background_position=\"top_left\" background_repeat=\"repeat\" column_structure=\"1_2,1_2\u2033][et_pb_column type=\"1_2\u2033 _builder_version=\"3.25\u2033 custom_padding=\"|||\" custom_padding__hover=\"|||\"][et_pb_contact_form email=\"info@equusline.hu\" title=\"Posla\u0165 spr\u00e1vu\" admin_label=\"Kontaktn\u00fd formul\u00e1r\" _builder_version=\"4.9.2\u2033 hover_enabled=\"0\u2033 use_spam_service=\"on\" recaptcha_list=\"Default|Default-0\u2033 recaptcha_min_score=\"0.7\u2033 sticky_enabled=\"0\u2033][et_pb_contact_field field_id=\"Name\" field_title=\"Name\" _builder_version=\"3.16\u2033 button_text_size__hover_enabled=\"off\" button_one_text_size__hover_enabled=\"off\" button_two_text_size__hover_enabled=\"off\" button_text_color__hover_enabled=\"off\" button_one_text_color__hover_enabled=\"off\" button_two_text_color__hover_enabled=\"off\" button_border_width__hover_enabled=\"off\" button_one_border_width__hover_enabled=\"off\" button_two_border_width__hover_enabled=\"off\" button_border_color__hover_enabled=\"off\" button_one_border_color__hover_enabled=\"off\" button_two_border_color__hover_enabled=\"off\" button_border_radius__hover_enabled=\"off\" button_one_border_radius__hover_enabled=\"off\" button_two_border_radius__hover_enabled=\"off\" button_letter_spacing__hover_enabled=\"off\" button_one_letter_spacing__hover_enabled=\"off\" button_two_letter_spacing__hover_enabled=\"off\" button_bg_color__hover_enabled=\"off\" button_one_bg_color__hover_enabled=\"off\" button_two_bg_color__hover_enabled=\"off\"][\/et_pb_contact_field][et_pb_contact_field field_id=\"Email\" field_title=\"N\u00e1zov emailu\" field_type=\"email\" _builder_version=\"3.16\u2033 button_text_size__hover_enabled=\"off\" button_one_text_size__hover_enabled=\"off\" button_two_text_size__hover_enabled=\"off\" button_text_color__hover_enabled=\"off\" button_one_text_color__hover_enabled=\"off\" button_two_text_color__hover_enabled=\"off\" button_border_width__hover_enabled=\"off\" button_one_border_width__hover_enabled=\"off\" button_two_border_width__hover_enabled=\"off\" button_border_color__hover_enabled=\"off\" button_one_border_color__hover_enabled=\"off\" button_two_border_color__hover_enabled=\"off\" button_border_radius__hover_enabled=\"off\" button_one_border_radius__hover_enabled=\"off\" button_two_border_radius__hover_enabled=\"off\" button_letter_spacing__hover_enabled=\"off\" button_one_letter_spacing__hover_enabled=\"off\" button_two_letter_spacing__hover_enabled=\"off\" button_bg_color__hover_enabled=\"off\" button_one_bg_color__hover_enabled=\"off\" button_two_bg_color__hover_enabled=\"off\"][\/et_pb_contact_field][et_pb_contact_field field_id=\"Message\" field_title=\"Message\" field_type=\"text\" fullwidth_field=\"on\" _builder_version=\"3.16\u2033 button_text_size__hover_enabled=\"off\" button_one_text_size__hover_enabled=\"off\" button_two_text_size__hover_enabled=\"off\" button_text_color__hover_enabled=\"off\" button_one_text_color__hover_enabled=\"off\" button_two_text_color__hover_enabled=\"off\" button_border_width__hover_enabled=\"off\" button_one_border_width__hover_enabled=\"off\" button_two_border_width__hover_enabled=\"off\" button_border_color__hover_enabled=\"off\" button_one_border_color__hover_enabled=\"off\" button_two_border_color__hover_enabled=\"off\" button_border_radius__hover_enabled=\"off\" button_one_border_radius__hover_enabled=\"off\" button_two_border_radius__hover_enabled=\"off\" button_letter_spacing__hover_enabled=\"off\" button_one_letter_spacing__hover_enabled=\"off\" button_two_letter_spacing__hover_enabled=\"off\" button_bg_color__hover_enabled=\"off\" button_one_bg_color__hover_enabled=\"off\" button_two_bg_color__hover_enabled=\"off\"][\/et_pb_contact_field][\/et_pb_contact_form][\/et_pb_column][et_pb_column type=\"1_2\u2033 _builder_version=\"3.25\u2033 custom_padding=\"|||\" custom_padding__hover=\"|||\"][et_pb_map address=\"Mosonmagyar\u00f3v\u00e1r, Kossuth Lajos utca 31, 9200 Ma\u010farsko\" zoom_level=\"4\u2033 address_lat=\"47.86967470000004\u2033 address_lng=\"17.26850060000004\u2033 admin_label=\"Mapa\" _builder_version=\"3.0.91\u2033][et_pb_map_pin title=\"Ab-Original Kft (Equimins Hungary)\" pin_address=\"Mosonmagyar\u00f3v\u00e1r, Kossuth Lajos Street 31, 9200 Ma\u010farsko\" pin_address_lat=\"47.8696747\u2033 pin_address_lng=\"17.26850060000004\u2033 _builder_version=\"3.0.47\u2033][\/et_pb_map_pin][et_pb_map_pin title=\"Distrib\u00fator Equusline\" pin_address=\"D\u00e9legyh\u00e1za, ulica F\u0171zfa, 2337 Ma\u010farsko\" pin_address_lat=\"47.2365158\u2033 pin_address_lng=\"19.07885729999998\u2033 _builder_version=\"3.0.47\u2033][\/et_pb_map_pin][et_pb_map_pin title=\"Equishop - Gy\u0151r\" pin_address=\"Gy\u0151r, Szent Imre \u00fat 106, 9024 Ma\u010farsko\" pin_address_lat=\"47.66583139999999\u2033 pin_address_lng=\"17.648682699999995\u2033 _builder_version=\"3.0.47\u2033][\/et_pb_map_pin][et_pb_map_pin title=\"Jazdiare\u0148 divok\u00fdch kon\u00ed - Cegl\u00e9d\" pin_address=\"Cegl\u00e9d, D\u00e9li \u00fat 25, 2700 Ma\u010farsko\" pin_address_lat=\"47.16778069999999\u2033 pin_address_lng=\u201d19.785859200000004\u2033 _builder_version=\u201d3.0.47\u2033][\/et_pb_map_pin][\/et_pb_map][\/et_pb_column][\/et_pb_row][\/et_pb_section]<\/p>","protected":false},"excerpt":{"rendered":"","protected":false},"author":1,"featured_media":0,"parent":0,"menu_order":40,"comment_status":"open","ping_status":"closed","template":"","meta":{"_et_pb_use_builder":"on","_et_pb_old_content":"","_et_gb_content_width":"","footnotes":""},"yst_prominent_words":[],"class_list":["post-102","page","type-page","status-publish","hentry"],"_links":{"self":[{"href":"https:\/\/equusline.hu\/sk\/wp-json\/wp\/v2\/pages\/102","targetHints":{"allow":["GET"]}}],"collection":[{"href":"https:\/\/equusline.hu\/sk\/wp-json\/wp\/v2\/pages"}],"about":[{"href":"https:\/\/equusline.hu\/sk\/wp-json\/wp\/v2\/types\/page"}],"author":[{"embeddable":true,"href":"https:\/\/equusline.hu\/sk\/wp-json\/wp\/v2\/users\/1"}],"replies":[{"embeddable":true,"href":"https:\/\/equusline.hu\/sk\/wp-json\/wp\/v2\/comments?post=102"}],"version-history":[{"count":0,"href":"https:\/\/equusline.hu\/sk\/wp-json\/wp\/v2\/pages\/102\/revisions"}],"wp:attachment":[{"href":"https:\/\/equusline.hu\/sk\/wp-json\/wp\/v2\/media?parent=102"}],"wp:term":[{"taxonomy":"yst_prominent_words","embeddable":true,"href":"https:\/\/equusline.hu\/sk\/wp-json\/wp\/v2\/yst_prominent_words?post=102"}],"curies":[{"name":"wp","href":"https:\/\/api.w.org\/{rel}","templated":true}]}}